{"id":322475,"date":"2025-11-21T13:10:28","date_gmt":"2025-11-21T12:10:28","guid":{"rendered":"https:\/\/my-eliquid.de\/shop\/dotmod-dotpod-max-kit\/"},"modified":"2025-11-25T13:48:26","modified_gmt":"2025-11-25T12:48:26","slug":"dotmod-dotpod-max-kit","status":"publish","type":"product","link":"https:\/\/my-eliquid.de\/ro\/shop\/dotmod-dotpod-max-kit\/","title":{"rendered":"dotMod | DotPod MAX | Kit Pod"},"content":{"rendered":"<h2>\ud83c\udf1f DotMod dotPod Max Pod Kit - putere, elegan\u021b\u0103 \u0219i flexibilitate \u00eentr-un singur dispozitiv<\/h2>\n<p>Cu <strong>dotPod Max<\/strong> aduce <strong>DotMod<\/strong> un kit versatil de doze cu un design modern de cutie, care poate fi folosit at\u00e2t pentru <strong>MTL<\/strong>-, <strong>RDL<\/strong>- precum \u0219i <strong>Steamer DL<\/strong> inspir\u0103. Manoper\u0103 de \u00eenalt\u0103 calitate de la <strong>aluminiu anodizat<\/strong>, dispozitivul nu impresioneaz\u0103 doar prin performan\u021b\u0103, ci \u0219i prin stilul s\u0103u - cu <em>logo-ul iconic DotMod auriu<\/em> ca un accent elegant.<\/p>\n<h3>\ud83d\udd0b Putere \u0219i performan\u021b\u0103<\/h3>\n<ul>\n<li><strong>Baterie de 2000 mAh<\/strong> pentru vapat de lung\u0103 durat\u0103<\/li>\n<li><strong>Gama de putere de la 5-60 wa\u021bi<\/strong> - Perfect pentru fiecare preferin\u021b\u0103 de vapori<\/li>\n<li><strong>Sistem automat de trac\u021biune<\/strong> buton de aprindere - pentru a se potrivi stilului dvs.<\/li>\n<li><strong>\u00cenc\u0103rcare rapid\u0103 USB-C<\/strong> - Preg\u0103tit rapid pentru utilizare din nou<\/li>\n<li><strong>Detectarea inteligent\u0103 a bobinei<\/strong> - Protejeaz\u0103 bobina \u0219i regleaz\u0103 automat puterea<\/li>\n<\/ul>\n<h3>\ud83d\udcfa U\u0219or de utilizat \u0219i sigur<\/h3>\n<ul>\n<li><strong>Afi\u0219aj OLED de 0,69\u2033<\/strong> arat\u0103 bateria, puterea, rezisten\u021ba \u0219i trenurile<\/li>\n<li><strong>Buton multifunc\u021bional<\/strong> pentru pornire\/oprire, alimentare \u0219i blocare<\/li>\n<li><strong>Func\u021bii de protec\u021bie versatile<\/strong>Scurtcircuit, supra\u00eenc\u0103rcare, supra\u00eenc\u0103lzire, desc\u0103rcare profund\u0103 \u0219i multe altele.<\/li>\n<\/ul>\n<h3>\ud83e\udde9 Compatibilitate flexibil\u0103 a capsulelor<\/h3>\n<ul>\n<li><strong>5 ml volum rezervor<\/strong> cu confortabile <strong>Sistem de umplere prin partea superioar\u0103<\/strong><\/li>\n<li><strong>Compatibil cu bobinele dotAIO V2<\/strong> (0,3 \u03a9 - 1,0 \u03a9)<\/li>\n<li><strong>Utilizabil alternativ cu doze cu bobin\u0103 integrat\u0103<\/strong> (0,4 \u03a9 \/ 0,6 \u03a9 \/ 1,0 \u03a9)<\/li>\n<li><strong>Controlul fluxului de aer<\/strong> Direct pe capsul\u0103 - reglabil individual<\/li>\n<li><strong>Scaun pod magnetic<\/strong> - Schimbare u\u0219oar\u0103 \u0219i prindere sigur\u0103<\/li>\n<\/ul>\n<h3>\ud83d\udce6 Domeniul de aplicare al livr\u0103rii:<\/h3>\n<ul>\n<li>1\u00d7 suport baterie dotPod Max<\/li>\n<li>1\u00d7 dotPod Max pod gol (f\u0103r\u0103 coil)<\/li>\n<li>1\u00d7 dotCoil 0.3 Ohm<\/li>\n<li>1\u00d7 dotPod Max Pod cu bobin\u0103 integrat\u0103 (0.6 Ohm)<\/li>\n<li>1\u00d7 v\u00e2rf de picurare<\/li>\n<li>1\u00d7 cablu de \u00eenc\u0103rcare USB-C<\/li>\n<li>1 \u00d7 instruc\u021biuni de utilizare<\/li>\n<\/ul>\n<p><strong>\u26a0\ufe0f Not\u0103:<\/strong> Nu este compatibil cu bobinele 0.15 Ohm din seria dotAIO V2!<\/p>\n<h3>\ud83d\udccf Date tehnice la o privire:<\/h3>\n<table border=\"1\" cellpadding=\"6\" cellspacing=\"0\">\n<tr>\n<th>Caracteristic\u0103<\/th>\n<th>detalii<\/th>\n<\/tr>\n<tr>\n<td>Baterie<\/td>\n<td>2000 mAh (integrat)<\/td>\n<\/tr>\n<tr>\n<td>Performan\u021b\u0103<\/td>\n<td>5-60 W<\/td>\n<\/tr>\n<tr>\n<td>Volumul rezervorului<\/td>\n<td>5 ml<\/td>\n<\/tr>\n<tr>\n<td>Bobine<\/td>\n<td>dotAIO V2 (0,3 - 1,0 \u03a9) \u0219i variante integrate<\/td>\n<\/tr>\n<tr>\n<td>Fluxul de aer<\/td>\n<td>Reglabil din lateral, direct pe capsul\u0103<\/td>\n<\/tr>\n<tr>\n<td>Afi\u0219aj<\/td>\n<td>0,69\u2033 OLED<\/td>\n<\/tr>\n<tr>\n<td>Dimensiuni (L\u00d7W\u00d7D)<\/td>\n<td>92,5 \u00d7 43,1 \u00d7 20 mm<\/td>\n<\/tr>\n<tr>\n<td>Greutate<\/td>\n<td>99 g<\/td>\n<\/tr>\n<tr>\n<td>Material<\/td>\n<td>Aliaj de aluminiu (Mod), PCTG (Pod)<\/td>\n<\/tr>\n<tr>\n<td>Conexiune de \u00eenc\u0103rcare<\/td>\n<td>USB-C (5V \/ 2A)<\/td>\n<\/tr>\n<\/table>\n<p>\ud83d\udd0b <strong>DotMod dotPod Max<\/strong> - sistemul de doze all-in-one pentru vaperii exigen\u021bi care doresc s\u0103 vad\u0103 design, performan\u021b\u0103 \u0219i flexibilitate combinate \u00eentr-un singur dispozitiv elegant.<\/p>","protected":false},"excerpt":{"rendered":"<p><strong>Kit DotMod dotPod Max Pod<\/strong> \u2013 Aparat multifunc\u021bional de \u00eenalt\u0103 calitate cu <strong>Baterie de 2000 mAh<\/strong>, <strong>Putere 5\u201360 W<\/strong>, <strong>Rezervor de 5 ml<\/strong> &amp; versatil <strong>Compatibilitatea bobinelor<\/strong>. Ideal pentru <strong>MTL<\/strong>, <strong>RDL<\/strong> &amp; <strong>DL<\/strong> \u2013 elegant, inteligent \u0219i performant.<\/p>","protected":false},"featured_media":322478,"comment_status":"open","ping_status":"closed","template":"","meta":{"_acf_changed":false,"_relevanssi_hide_post":"","_relevanssi_hide_content":"","_relevanssi_pin_for_all":"","_relevanssi_pin_keywords":"","_relevanssi_unpin_keywords":"","_relevanssi_related_keywords":"","_relevanssi_related_include_ids":"","_relevanssi_related_exclude_ids":"","_relevanssi_related_no_append":"","_relevanssi_related_not_related":"","_relevanssi_related_posts":"","_relevanssi_noindex_reason":""},"product_brand":[],"product_cat":[4773,4782,4784,4887,4713,4771,4781,4772,4886,4785,4722,4793],"product_tag":[],"class_list":{"0":"post-322475","1":"product","2":"type-product","3":"status-publish","4":"has-post-thumbnail","6":"product_cat-e-zigaretten-akkutraeger","7":"product_cat-box-mod","8":"product_cat-box-mod-digital","9":"product_cat-dotmod","10":"product_cat-e-zigaretten","11":"product_cat-e-zigaretten-fuer-einsteiger","12":"product_cat-e-zigaretten-hersteller","13":"product_cat-e-zigaretten-sets","14":"product_cat-lagerverkauf-hardware-sale","15":"product_cat-box-mod-mechanisch","16":"product_cat-neuheiten","17":"product_cat-e-zigaretten-liquid-basen-aroma-vape-sale","18":"product_shipping_class-standard","20":"first","21":"instock","22":"featured","23":"taxable","24":"shipping-taxable","25":"purchasable","26":"product-type-variable"},"acf":[],"_links":{"self":[{"href":"https:\/\/my-eliquid.de\/ro\/wp-json\/wp\/v2\/product\/322475","targetHints":{"allow":["GET"]}}],"collection":[{"href":"https:\/\/my-eliquid.de\/ro\/wp-json\/wp\/v2\/product"}],"about":[{"href":"https:\/\/my-eliquid.de\/ro\/wp-json\/wp\/v2\/types\/product"}],"replies":[{"embeddable":true,"href":"https:\/\/my-eliquid.de\/ro\/wp-json\/wp\/v2\/comments?post=322475"}],"wp:featuredmedia":[{"embeddable":true,"href":"https:\/\/my-eliquid.de\/ro\/wp-json\/wp\/v2\/media\/322478"}],"wp:attachment":[{"href":"https:\/\/my-eliquid.de\/ro\/wp-json\/wp\/v2\/media?parent=322475"}],"wp:term":[{"taxonomy":"product_brand","embeddable":true,"href":"https:\/\/my-eliquid.de\/ro\/wp-json\/wp\/v2\/product_brand?post=322475"},{"taxonomy":"product_cat","embeddable":true,"href":"https:\/\/my-eliquid.de\/ro\/wp-json\/wp\/v2\/product_cat?post=322475"},{"taxonomy":"product_tag","embeddable":true,"href":"https:\/\/my-eliquid.de\/ro\/wp-json\/wp\/v2\/product_tag?post=322475"}],"curies":[{"name":"wp","href":"https:\/\/api.w.org\/{rel}","templated":true}]}}