{"id":322635,"date":"2023-08-04T00:00:00","date_gmt":"2023-08-03T22:00:00","guid":{"rendered":"https:\/\/my-eliquid.de\/shop\/vaporesso-xros-mesh-pod-tank\/"},"modified":"2026-03-30T13:05:53","modified_gmt":"2026-03-30T11:05:53","slug":"vaporesso-xros-mesh-pod-tank","status":"publish","type":"product","link":"https:\/\/my-eliquid.de\/ro\/shop\/vaporesso-xros-mesh-pod-tank\/","title":{"rendered":"Vaporesso | Xros | Rezervor cu umplere superioar\u0103 din plas\u0103 de 3 ml pentru pod"},"content":{"rendered":"<p>Der XROS Mesh Pod von Vaporesso ist die passgenaue Cartridge f\u00fcr die Vaporesso <strong>XROS 3<\/strong> E-Zigarette und speziell f\u00fcr die Nutzung mit dieser vorgesehen. Der wechselbare, wiederbef\u00fcllbare Pod wird durch einfaches Zusammenstecken mit dem Housing des Akkus der E-Zigarette verbunden.<\/p>\n<p>Das Tankvolumen des Pods liegt bei 3 Millilitern.<\/p>\n<p>\u00dcber sein integriertes Top Filling-System kann der Tank direkt von oben mit frischem Liquid bef\u00fcllt werden und muss zum Nachf\u00fcllen nicht vom Akku getrennt werden. Optional k\u00f6nnen Sie den Vaporesso XROS Mesh Pod mit einer integrierten 0,6, 0,8 Ohm oder 1,0 Ohm Coil erwerben. W\u00e4hrend die 1,0 Ohm Mesh Pods und 0,8 Ohm Mesh Pods f\u00fcr das moderate Dampfen vom Mund zur Lunge (MTL) optimiert ist, unterst\u00fctzt der XROS Mesh Pod mit integrierter 0,6 Ohm Wicklung restriktive Z\u00fcge direkt in die Lunge (RDL). Da Cartridges mit integrierten Coils zu den Verschlei\u00dfteilen einer E-Zigarette z\u00e4hlen und in regelm\u00e4\u00dfigen Abst\u00e4nden erneuert werden m\u00fcssen, erhalten Sie zu Ihrer Bevorratung mit jeder bestellten Verpackungseinheit 4 Vaporesso XROS Mesh Pods mit dem von Ihnen ausgew\u00e4hlten Widerstand.<\/p>","protected":false},"excerpt":{"rendered":"<p>4x Vaporesso XROS Mesh Top Fill 3ml Pod Tank vaporizator.<\/p>","protected":false},"featured_media":322643,"comment_status":"closed","ping_status":"closed","template":"","meta":{"_acf_changed":false,"_relevanssi_hide_post":"","_relevanssi_hide_content":"","_relevanssi_pin_for_all":"","_relevanssi_pin_keywords":"","_relevanssi_unpin_keywords":"","_relevanssi_related_keywords":"","_relevanssi_related_include_ids":"","_relevanssi_related_exclude_ids":"","_relevanssi_related_no_append":"","_relevanssi_related_not_related":"","_relevanssi_related_posts":"","_relevanssi_noindex_reason":""},"product_brand":[],"product_cat":[4713,4781,4810,4778],"product_tag":[1391,5411,4974,7012,5859,5174,6051,5423,7011],"class_list":{"0":"post-322635","1":"product","2":"type-product","3":"status-publish","4":"has-post-thumbnail","6":"product_cat-e-zigaretten","7":"product_cat-e-zigaretten-hersteller","8":"product_cat-vaporesso","9":"product_cat-verdampferkoepfe","10":"product_tag-bitte","11":"product_tag-e-zigaretten","12":"product_tag-hersteller","13":"product_tag-mesh","14":"product_tag-pod","15":"product_tag-tank","16":"product_tag-vaporesso","17":"product_tag-verdampferkoepfe","18":"product_tag-xros","19":"product_shipping_class-standard","21":"first","22":"instock","23":"featured","24":"taxable","25":"shipping-taxable","26":"purchasable","27":"product-type-variable"},"acf":[],"_links":{"self":[{"href":"https:\/\/my-eliquid.de\/ro\/wp-json\/wp\/v2\/product\/322635","targetHints":{"allow":["GET"]}}],"collection":[{"href":"https:\/\/my-eliquid.de\/ro\/wp-json\/wp\/v2\/product"}],"about":[{"href":"https:\/\/my-eliquid.de\/ro\/wp-json\/wp\/v2\/types\/product"}],"replies":[{"embeddable":true,"href":"https:\/\/my-eliquid.de\/ro\/wp-json\/wp\/v2\/comments?post=322635"}],"wp:featuredmedia":[{"embeddable":true,"href":"https:\/\/my-eliquid.de\/ro\/wp-json\/wp\/v2\/media\/322643"}],"wp:attachment":[{"href":"https:\/\/my-eliquid.de\/ro\/wp-json\/wp\/v2\/media?parent=322635"}],"wp:term":[{"taxonomy":"product_brand","embeddable":true,"href":"https:\/\/my-eliquid.de\/ro\/wp-json\/wp\/v2\/product_brand?post=322635"},{"taxonomy":"product_cat","embeddable":true,"href":"https:\/\/my-eliquid.de\/ro\/wp-json\/wp\/v2\/product_cat?post=322635"},{"taxonomy":"product_tag","embeddable":true,"href":"https:\/\/my-eliquid.de\/ro\/wp-json\/wp\/v2\/product_tag?post=322635"}],"curies":[{"name":"wp","href":"https:\/\/api.w.org\/{rel}","templated":true}]}}