{"id":322645,"date":"2025-11-28T13:13:34","date_gmt":"2025-11-28T12:13:34","guid":{"rendered":"https:\/\/my-eliquid.de\/shop\/vaporesso-xros-pro-2\/"},"modified":"2026-01-26T09:04:37","modified_gmt":"2026-01-26T08:04:37","slug":"vaporesso-xros-pro-2-n","status":"publish","type":"product","link":"https:\/\/my-eliquid.de\/ro\/shop\/vaporesso-xros-pro-2-n\/","title":{"rendered":"Vaporesso | XROS Pro 2 | Kit pod"},"content":{"rendered":"<h2>Vaporesso XROS Pro 2 Pod Kit - Precizia \u00eent\u00e2lne\u0219te puterea<\/h2>\n<p>Compact, puternic \u0219i inteligent - modelul <strong>Vaporesso XROS Pro 2<\/strong> este urm\u0103toarea etap\u0103 evolutiv\u0103 a popularei serii XROS. Cu o <strong>Baterie 2000 mAh<\/strong>, <strong>control individual al puterii<\/strong>, <strong>Ecran color TFT de 0,96\u2033<\/strong> \u0219i compatibilitatea complet\u0103 cu podurile, acest kit de poduri este ideal pentru fanii MTL \u0219i RDL, fie c\u0103 sunt \u00eencep\u0103tori sau vaperi experimenta\u021bi.<\/p>\n<h3>\u2699\ufe0f Performan\u021b\u0103 inteligent\u0103 \u0219i control maxim<\/h3>\n<ul>\n<li><strong>Baterie 2000 mAh<\/strong> - Puternic \u0219i durabil<\/li>\n<li><strong>\u00cenc\u0103rcare rapid\u0103 USB-C<\/strong> cu 2A pentru \u00eenc\u0103rcare rapid\u0103<\/li>\n<li><strong>Putere de ie\u0219ire de p\u00e2n\u0103 la 30 de wa\u021bi<\/strong>, reglabil \u00een trepte de 0,5 wa\u021bi (la 0,4 \u03a9)<\/li>\n<li><strong>Trei moduri de alimentare:<\/strong> Eco, Normal &amp; Power (pentru alte doze)<\/li>\n<li><strong>Modul Super Pulse<\/strong> - Performan\u021b\u0103 constant\u0103 chiar \u0219i atunci c\u00e2nd bateria este desc\u0103rcat\u0103<\/li>\n<li><strong>Sistem automat de trac\u021biune<\/strong> sau buton de aprindere manual\u0103 - selectabil \u00een mod liber<\/li>\n<\/ul>\n<h3>\ud83c\udf2c\ufe0f Fluxul de aer \u0219i afi\u0219ajul - totul sub control<\/h3>\n<ul>\n<li><strong>Glisier\u0103 lateral\u0103 pentru fluxul de aer<\/strong> - Reglare fin\u0103 de la MTL la RDL<\/li>\n<li><strong>Ecran color TFT de 0,96\u2033<\/strong> - afi\u0219eaz\u0103 puterea, nivelul bateriei, modul, timpul de tragere \u0219i contorul<\/li>\n<li><strong>6 teme personalizabile<\/strong> cu anima\u021bii<\/li>\n<li><strong>Statistici privind trenurile<\/strong> - Evaluare zilnic\u0103, s\u0103pt\u0103m\u00e2nal\u0103 \u0219i lunar\u0103<\/li>\n<\/ul>\n<h3>\ud83d\udca8 Poduri \u0219i experien\u021ba gustului<\/h3>\n<ul>\n<li><strong>Tehnologia COREX 3.0 Mesh<\/strong> - Optimizat pentru gust \u0219i termen de valabilitate<\/li>\n<li><strong>3 ml volum rezervor<\/strong> cu <strong>Umplere superioar\u0103<\/strong> prin intermediul bucalei<\/li>\n<li><strong>Compatibil cu toate podurile Vaporesso XROS<\/strong> (0,4 \u03a9 - 1,2 \u03a9)<\/li>\n<li>Inclus \u00een obiectul de livrare:\n<ul>\n<li>1x XROS Pod 0.4 \u03a9 (pentru RDL cu p\u00e2n\u0103 la 30 W)<\/li>\n<li>1x XROS Pod 0.6 \u03a9 (pentru MTL &amp; RDL cu modurile Eco\/Normal\/Power)<\/li>\n<\/ul>\n<\/li>\n<\/ul>\n<h3>\ud83d\udce6 Domeniul de aplicare al livr\u0103rii<\/h3>\n<ul>\n<li>1\u00d7 suport baterie Vaporesso XROS Pro 2<\/li>\n<li>1\u00d7 XROS Pod 0,4 \u03a9 (3 ml)<\/li>\n<li>1\u00d7 XROS Pod 0,6 \u03a9 (3 ml)<\/li>\n<li>1\u00d7 cablu de \u00eenc\u0103rcare USB-C<\/li>\n<li>1 \u00d7 instruc\u021biuni de utilizare<\/li>\n<\/ul>\n<h3>\ud83d\udcd0 Date tehnice<\/h3>\n<table>\n<tr>\n<td><strong>Tip:<\/strong><\/td>\n<td>Kit de doze (MTL \/ RDL)<\/td>\n<\/tr>\n<tr>\n<td><strong>Baterie:<\/strong><\/td>\n<td>2000 mAh (integrat)<\/td>\n<\/tr>\n<tr>\n<td><strong>Performan\u021b\u0103:<\/strong><\/td>\n<td>5 - 30 W (reglabil)<\/td>\n<\/tr>\n<tr>\n<td><strong>Poduri:<\/strong><\/td>\n<td>Capsule XROS (compatibile cu 0,4 - 1,2 \u03a9)<\/td>\n<\/tr>\n<tr>\n<td><strong>Volumul rezervorului:<\/strong><\/td>\n<td>3 ml<\/td>\n<\/tr>\n<tr>\n<td><strong>Afi\u0219are:<\/strong><\/td>\n<td>Ecran color TFT de 0,96\u2033<\/td>\n<\/tr>\n<tr>\n<td><strong>\u00cenc\u0103rcare:<\/strong><\/td>\n<td>USB-C (2A)<\/td>\n<\/tr>\n<tr>\n<td><strong>Dimensiuni:<\/strong><\/td>\n<td>aprox. 119 \u00d7 24 \u00d7 14 mm<\/td>\n<\/tr>\n<\/table>\n<p>\ud83d\udd0b <em>Vaporesso XROS Pro 2 este alegerea perfect\u0103 pentru oricine caut\u0103 un sistem de poduri modern, confortabil \u0219i puternic - cu control maxim asupra aromei \u0219i tragerii.<\/em><\/p>","protected":false},"excerpt":{"rendered":"<p><strong>Kit Pod performant<\/strong> cu baterie de 2000 mAh, putere de ie\u0219ire de p\u00e2n\u0103 la 30 W, control precis al fluxului de aer \u0219i afi\u0219aj TFT color. Compatibil cu <strong>toate podurile XROS<\/strong> \u2013 ideal pentru MTL \u0219i RDL. Inclusiv <strong>Poduri de 0,4 \u03a9 \u0219i 0,6 \u03a9<\/strong> cu modern\u0103 <strong>Tehnologia COREX 3.0 Mesh<\/strong> pentru un gust intens.<\/p>","protected":false},"featured_media":322650,"comment_status":"closed","ping_status":"closed","template":"","meta":{"_acf_changed":false,"_relevanssi_hide_post":"","_relevanssi_hide_content":"","_relevanssi_pin_for_all":"","_relevanssi_pin_keywords":"","_relevanssi_unpin_keywords":"","_relevanssi_related_keywords":"","_relevanssi_related_include_ids":"","_relevanssi_related_exclude_ids":"","_relevanssi_related_no_append":"","_relevanssi_related_not_related":"","_relevanssi_related_posts":"","_relevanssi_noindex_reason":""},"product_brand":[],"product_cat":[4713,4771,4781,4772,4722,4810],"product_tag":[],"class_list":{"0":"post-322645","1":"product","2":"type-product","3":"status-publish","4":"has-post-thumbnail","6":"product_cat-e-zigaretten","7":"product_cat-e-zigaretten-fuer-einsteiger","8":"product_cat-e-zigaretten-hersteller","9":"product_cat-e-zigaretten-sets","10":"product_cat-neuheiten","11":"product_cat-vaporesso","12":"product_shipping_class-standard","14":"first","15":"outofstock","16":"featured","17":"taxable","18":"shipping-taxable","19":"purchasable","20":"product-type-variable"},"acf":[],"_links":{"self":[{"href":"https:\/\/my-eliquid.de\/ro\/wp-json\/wp\/v2\/product\/322645","targetHints":{"allow":["GET"]}}],"collection":[{"href":"https:\/\/my-eliquid.de\/ro\/wp-json\/wp\/v2\/product"}],"about":[{"href":"https:\/\/my-eliquid.de\/ro\/wp-json\/wp\/v2\/types\/product"}],"replies":[{"embeddable":true,"href":"https:\/\/my-eliquid.de\/ro\/wp-json\/wp\/v2\/comments?post=322645"}],"wp:featuredmedia":[{"embeddable":true,"href":"https:\/\/my-eliquid.de\/ro\/wp-json\/wp\/v2\/media\/322650"}],"wp:attachment":[{"href":"https:\/\/my-eliquid.de\/ro\/wp-json\/wp\/v2\/media?parent=322645"}],"wp:term":[{"taxonomy":"product_brand","embeddable":true,"href":"https:\/\/my-eliquid.de\/ro\/wp-json\/wp\/v2\/product_brand?post=322645"},{"taxonomy":"product_cat","embeddable":true,"href":"https:\/\/my-eliquid.de\/ro\/wp-json\/wp\/v2\/product_cat?post=322645"},{"taxonomy":"product_tag","embeddable":true,"href":"https:\/\/my-eliquid.de\/ro\/wp-json\/wp\/v2\/product_tag?post=322645"}],"curies":[{"name":"wp","href":"https:\/\/api.w.org\/{rel}","templated":true}]}}