{"id":154450,"date":"2025-03-27T00:00:00","date_gmt":"2025-03-26T23:00:00","guid":{"rendered":"https:\/\/melvx.my-eliquid.de\/?post_type=product&#038;p=154450"},"modified":"2026-03-10T10:36:09","modified_gmt":"2026-03-10T09:36:09","slug":"ecab-atomizer-heads-disabled","status":"publish","type":"product","link":"https:\/\/my-eliquid.de\/ru\/shop\/ecab-atomizer-heads-disabled\/","title":{"rendered":"Joyetech | ECab C | \u0412\u0430\u043f\u043e\u0440\u0430\u0439\u0437\u0435\u0440 | \u0413\u043e\u043b\u043e\u0432\u043a\u0430 x 5"},"content":{"rendered":"<p>Bei diesen Original C Verdampfern handelt es sich um Original-Zubeh\u00f6r von Joyetech die kompatibel sind zu: eGo-C, eRoll, eCab, und baugleiche eZigaretten. Inhalt: 5 St\u00fcck Die Verdampferk\u00f6pfe wurden einzeln in feuchtem Zustand verpackt.<\/p>","protected":false},"excerpt":{"rendered":"<p>\u0421 \u044d\u0442\u0438\u043c\u0438 \u043e\u0440\u0438\u0433\u0438\u043d\u0430\u043b\u044c\u043d\u044b\u043c\u0438 <strong>C \u0412\u0430\u043f\u043e\u0440\u0430\u0439\u0437\u0435\u0440\u044b<\/strong> \u0440\u0435\u0447\u044c \u0438\u0434\u0451\u0442 \u043e <strong>\u041e\u0440\u0438\u0433\u0438\u043d\u0430\u043b\u044c\u043d\u044b\u0435 \u0430\u043a\u0441\u0435\u0441\u0441\u0443\u0430\u0440\u044b<\/strong> \u043e\u0442 <strong>Joyetech<\/strong> \u043a\u043e\u0442\u043e\u0440\u044b\u0435 \u0441\u043e\u0432\u043c\u0435\u0441\u0442\u0438\u043c\u044b \u0441: eGo-C, eRoll, eCab \u0438 \u0438\u0434\u0435\u043d\u0442\u0438\u0447\u043d\u044b\u043c\u0438 \u044d\u043b\u0435\u043a\u0442\u0440\u043e\u043d\u043d\u044b\u043c\u0438 \u0441\u0438\u0433\u0430\u0440\u0435\u0442\u0430\u043c\u0438.<\/p>","protected":false},"featured_media":319342,"comment_status":"open","ping_status":"closed","template":"","meta":{"_acf_changed":false,"_relevanssi_hide_post":"","_relevanssi_hide_content":"","_relevanssi_pin_for_all":"","_relevanssi_pin_keywords":"","_relevanssi_unpin_keywords":"","_relevanssi_related_keywords":"","_relevanssi_related_include_ids":"","_relevanssi_related_exclude_ids":"","_relevanssi_related_no_append":"","_relevanssi_related_not_related":"","_relevanssi_related_posts":"","_relevanssi_noindex_reason":""},"product_brand":[4566],"product_cat":[4713,4715,4812],"product_tag":[8097,4919,5166,4917,4918,5173,5174,4920],"class_list":{"0":"post-154450","1":"product","2":"type-product","3":"status-publish","4":"has-post-thumbnail","6":"product_brand-joyetech","7":"product_cat-e-zigaretten","8":"product_cat-joyetech-hardware","9":"product_cat-joyetech","10":"product_tag-cartridges","11":"product_tag-dampfer","12":"product_tag-e-zigarette","13":"product_tag-e-zigi","14":"product_tag-ezigarette","15":"product_tag-mundstueck","16":"product_tag-tank","17":"product_tag-verdampfer","18":"product_shipping_class-standard","19":"pa_ageverification-nein","20":"pa_country_of_manufacture-de","21":"pa_filling_quantity-10ml","22":"pa_generate_meta-nein","23":"pa_manufacturer-joyetech","24":"pa_mixture_ratio-pg50_vg50","25":"pa_nicotin-n_a","26":"pa_product_suggestion-nein","27":"pa_product_type-8_zubehor","28":"pa_product_weight-4218","30":"first","31":"outofstock","32":"taxable","33":"shipping-taxable","34":"purchasable","35":"product-type-simple"},"acf":[],"_links":{"self":[{"href":"https:\/\/my-eliquid.de\/ru\/wp-json\/wp\/v2\/product\/154450","targetHints":{"allow":["GET"]}}],"collection":[{"href":"https:\/\/my-eliquid.de\/ru\/wp-json\/wp\/v2\/product"}],"about":[{"href":"https:\/\/my-eliquid.de\/ru\/wp-json\/wp\/v2\/types\/product"}],"replies":[{"embeddable":true,"href":"https:\/\/my-eliquid.de\/ru\/wp-json\/wp\/v2\/comments?post=154450"}],"wp:featuredmedia":[{"embeddable":true,"href":"https:\/\/my-eliquid.de\/ru\/wp-json\/wp\/v2\/media\/319342"}],"wp:attachment":[{"href":"https:\/\/my-eliquid.de\/ru\/wp-json\/wp\/v2\/media?parent=154450"}],"wp:term":[{"taxonomy":"product_brand","embeddable":true,"href":"https:\/\/my-eliquid.de\/ru\/wp-json\/wp\/v2\/product_brand?post=154450"},{"taxonomy":"product_cat","embeddable":true,"href":"https:\/\/my-eliquid.de\/ru\/wp-json\/wp\/v2\/product_cat?post=154450"},{"taxonomy":"product_tag","embeddable":true,"href":"https:\/\/my-eliquid.de\/ru\/wp-json\/wp\/v2\/product_tag?post=154450"}],"curies":[{"name":"wp","href":"https:\/\/api.w.org\/{rel}","templated":true}]}}