{"id":155194,"date":"2015-04-21T00:00:00","date_gmt":"2015-04-20T22:00:00","guid":{"rendered":"https:\/\/melvx.my-eliquid.de\/shop\/my-eliquid-sortiment\/ezigaretten-zubehoer\/flaschen-aufbewahrung\/v-dropperbottle-100ml\/"},"modified":"2026-02-19T07:28:53","modified_gmt":"2026-02-19T06:28:53","slug":"v-dropperbottle-100ml","status":"publish","type":"product","link":"https:\/\/my-eliquid.de\/ru\/shop\/v-dropperbottle-100ml\/","title":{"rendered":"\u0411\u0443\u0442\u044b\u043b\u043a\u0430 \u0438\u0437 \u043f\u043e\u043b\u0438\u044d\u0442\u0438\u043b\u0435\u043d\u0430 \u0432\u044b\u0441\u043e\u043a\u043e\u0439 \u043f\u043b\u043e\u0442\u043d\u043e\u0441\u0442\u0438 \u0441 V-\u043e\u0431\u0440\u0430\u0437\u043d\u044b\u043c \u0434\u043e\u0437\u0430\u0442\u043e\u0440\u043e\u043c \u0438 \u0437\u0430\u0432\u0438\u043d\u0447\u0438\u0432\u0430\u044e\u0449\u0435\u0439\u0441\u044f \u043a\u0440\u044b\u0448\u043a\u043e\u0439, 100 \u043c\u043b"},"content":{"rendered":"<p>\u0414\u043b\u044f \u0432\u0430\u0448\u0435\u0433\u043e \u0441\u043e\u0431\u0441\u0442\u0432\u0435\u043d\u043d\u043e\u0433\u043e <strong>\u0421\u0430\u043c\u043e\u0434\u0435\u043b\u044c\u043d\u043e\u0435 \u043f\u0440\u043e\u0438\u0437\u0432\u043e\u0434\u0441\u0442\u0432\u043e \u044d\u043b\u0435\u043a\u0442\u0440\u043e\u043d\u043d\u043e\u0439 \u0436\u0438\u0434\u043a\u043e\u0441\u0442\u0438<\/strong> \u043f\u043e\u0434\u0445\u043e\u0434\u044f\u0449\u0438\u0439 <strong>HD-PE<\/strong> <strong>\u0411\u0443\u0442\u044b\u043b\u043a\u0430<\/strong> \u043f\u0438\u043f\u0435\u0442\u043a\u0430-\u0431\u0443\u0442\u044b\u043b\u043a\u0430 <strong>100 \u043c\u043b<\/strong> Tropf-Dosierer und Verschlusskappe schwarz.\u00a0Ideal zum <strong>\u0441\u043c\u0435\u0441\u044c<\/strong>, \u043d\u0430\u043f\u043e\u043b\u043d\u0435\u043d\u0438\u0435 \u0438\u043b\u0438 \u043f\u0440\u043e\u0438\u0437\u0432\u043e\u0434\u0441\u0442\u0432\u043e <strong>\u042d\u043b\u0435\u043a\u0442\u0440\u043e\u043d\u043d\u044b\u0435 \u0436\u0438\u0434\u043a\u043e\u0441\u0442\u0438<\/strong> \u0441 \u0430\u0440\u043e\u043c\u0430\u0442\u0438\u0437\u0430\u0442\u043e\u0440\u0430\u043c\u0438 \u0434\u043b\u044f \u044d\u043b\u0435\u043a\u0442\u0440\u043e\u043d\u043d\u044b\u0445 \u0441\u0438\u0433\u0430\u0440\u0435\u0442.<\/p>\n<p>Ideal zum mischen und abf\u00fcllen. Die Flasche ist leicht milchig und sch\u00fctzt besser vor Sonnenlicht. Sie l\u00e4sst aber den <strong>\u0423\u0440\u043e\u0432\u0435\u043d\u044c \u0437\u0430\u043f\u043e\u043b\u043d\u0435\u043d\u0438\u044f<\/strong> sehr gut erkennen. Das <strong>Material<\/strong> ist weicher als bei den Klarflaschen. Somit k\u00f6nnen Sie durch leichtes Zusammendr\u00fccken ihre <strong>\u0416\u0438\u0434\u043a\u043e\u0441\u0442\u0438<\/strong> \u043b\u0443\u0447\u0448\u0435 <strong>\u0434\u043e\u0437\u0430<\/strong>.<\/p>","protected":false},"excerpt":{"rendered":"<p><strong>HD-PE<\/strong> <strong>\u0411\u0443\u0442\u044b\u043b\u043a\u0430<\/strong> \u043f\u0438\u043f\u0435\u0442\u043a\u0430-\u0431\u0443\u0442\u044b\u043b\u043a\u0430 <strong>100 \u043c\u043b<\/strong> \u0414\u043e\u0437\u0430\u0442\u043e\u0440 \u0434\u043b\u044f \u043a\u0430\u043f\u0435\u043b\u044c \u0438 \u043a\u043e\u043b\u043f\u0430\u0447\u043e\u043a. \u0418\u0434\u0435\u0430\u043b\u044c\u043d\u043e \u043f\u043e\u0434\u0445\u043e\u0434\u0438\u0442 \u0434\u043b\u044f <strong>\u0441\u043c\u0435\u0441\u044c<\/strong>, \u043d\u0430\u043f\u043e\u043b\u043d\u0435\u043d\u0438\u0435 \u0438\u043b\u0438 \u043f\u0440\u043e\u0438\u0437\u0432\u043e\u0434\u0441\u0442\u0432\u043e <strong>\u042d\u043b\u0435\u043a\u0442\u0440\u043e\u043d\u043d\u044b\u0435 \u0436\u0438\u0434\u043a\u043e\u0441\u0442\u0438<\/strong> \u0441 \u0430\u0440\u043e\u043c\u0430\u0442\u0438\u0437\u0430\u0442\u043e\u0440\u0430\u043c\u0438 \u0434\u043b\u044f \u044d\u043b\u0435\u043a\u0442\u0440\u043e\u043d\u043d\u044b\u0445 \u0441\u0438\u0433\u0430\u0440\u0435\u0442.<\/p>","protected":false},"featured_media":319207,"comment_status":"open","ping_status":"closed","template":"","meta":{"_acf_changed":false,"_relevanssi_hide_post":"","_relevanssi_hide_content":"","_relevanssi_pin_for_all":"","_relevanssi_pin_keywords":"","_relevanssi_unpin_keywords":"","_relevanssi_related_keywords":"","_relevanssi_related_include_ids":"","_relevanssi_related_exclude_ids":"","_relevanssi_related_no_append":"","_relevanssi_related_not_related":"","_relevanssi_related_posts":"","_relevanssi_noindex_reason":""},"product_brand":[],"product_cat":[4717,4699],"product_tag":[7541,5124,6717,6728,6730,6726,4983,6732,6727,4982],"class_list":{"0":"post-155194","1":"product","2":"type-product","3":"status-publish","4":"has-post-thumbnail","6":"product_cat-flaschen-aufbewahrung","7":"product_cat-ezigaretten-zubehoer","8":"product_tag-7541","9":"product_tag-basen","10":"product_tag-diy","11":"product_tag-dropperbottle","12":"product_tag-eliquids","13":"product_tag-flasche","14":"product_tag-flaschen","15":"product_tag-ml","16":"product_tag-pe","17":"product_tag-zubehoer","18":"product_shipping_class-standard","19":"pa_ageverification-nein","20":"pa_country_of_manufacture-de","21":"pa_filling_quantity-100ml","22":"pa_generate_meta-nein","23":"pa_product_suggestion-nein","24":"pa_product_type-8_zubehor","25":"pa_product_weight-4218","26":"pa_weight-0_02","28":"first","29":"instock","30":"taxable","31":"shipping-taxable","32":"purchasable","33":"product-type-simple"},"acf":[],"_links":{"self":[{"href":"https:\/\/my-eliquid.de\/ru\/wp-json\/wp\/v2\/product\/155194","targetHints":{"allow":["GET"]}}],"collection":[{"href":"https:\/\/my-eliquid.de\/ru\/wp-json\/wp\/v2\/product"}],"about":[{"href":"https:\/\/my-eliquid.de\/ru\/wp-json\/wp\/v2\/types\/product"}],"replies":[{"embeddable":true,"href":"https:\/\/my-eliquid.de\/ru\/wp-json\/wp\/v2\/comments?post=155194"}],"wp:featuredmedia":[{"embeddable":true,"href":"https:\/\/my-eliquid.de\/ru\/wp-json\/wp\/v2\/media\/319207"}],"wp:attachment":[{"href":"https:\/\/my-eliquid.de\/ru\/wp-json\/wp\/v2\/media?parent=155194"}],"wp:term":[{"taxonomy":"product_brand","embeddable":true,"href":"https:\/\/my-eliquid.de\/ru\/wp-json\/wp\/v2\/product_brand?post=155194"},{"taxonomy":"product_cat","embeddable":true,"href":"https:\/\/my-eliquid.de\/ru\/wp-json\/wp\/v2\/product_cat?post=155194"},{"taxonomy":"product_tag","embeddable":true,"href":"https:\/\/my-eliquid.de\/ru\/wp-json\/wp\/v2\/product_tag?post=155194"}],"curies":[{"name":"wp","href":"https:\/\/api.w.org\/{rel}","templated":true}]}}