{"id":157385,"date":"2018-10-08T00:00:00","date_gmt":"2018-10-07T22:00:00","guid":{"rendered":"https:\/\/melvx.my-eliquid.de\/aroma-shop\/aromen\/on-rop-gonzo-shock-wave-aroma-fill-up\/"},"modified":"2025-11-25T13:51:58","modified_gmt":"2025-11-25T12:51:58","slug":"on-rop-gonzo-shock-wave-aroma-fill-up","status":"publish","type":"product","link":"https:\/\/my-eliquid.de\/ru\/shop\/on-rop-gonzo-shock-wave-aroma-fill-up\/","title":{"rendered":"On-Rop | Shock Wave | Gonzo"},"content":{"rendered":"<p>Bei\u00dft er einmal zu, l\u00e4sst er einen nicht mehr los!<\/p>\n<p>Eiskalte Wellen rei\u00dfen dich mit und umsp\u00fclen deine Geschmacksnerven mit einer saftigen Melonen-Mischung und knackig, s\u00fc\u00dfen \u00c4pfeln.<\/p>\n<p>Wehre dich nicht! Reite den Sturm aus Frucht und K\u00e4lte und genie\u00dfe den aufregeden Trip von Shock Waves!<\/p>\n<p><span style=\"color: #ff0000;\"><strong>Achtung Aroma : nicht pur dampfen!<\/strong><\/span><\/p>\n<p><span style=\"color: #ff0000;\"><strong>\u00a0<\/strong><\/span><\/p>\n<p><strong>Wir emphelen einen auf\u00fcllung mit reinem Glycerin.<\/strong><\/p>\n<p><strong>Beim einer Mischung mit 30\/70 erh\u00e4lt man 50\/50 fertiges liquid!<\/strong><\/p>","protected":false},"excerpt":{"rendered":"<p><strong>\u041b\u0435\u0434\u044f\u043d\u044b\u0435 \u0432\u043e\u043b\u043d\u044b<\/strong> \u0412\u043a\u0443\u0441\u043e\u0432\u044b\u0435 \u0440\u0435\u0446\u0435\u043f\u0442\u043e\u0440\u044b \u0431\u0443\u0434\u0443\u0442 \u043e\u0448\u0435\u043b\u043e\u043c\u043b\u0435\u043d\u044b \u0441\u043e\u0447\u043d\u044b\u043c \u0430\u0440\u043e\u043c\u0430\u0442\u043e\u043c. <strong>\u0414\u044b\u043d\u0438<\/strong>-\u0421\u043c\u0435\u0441\u044c? \u0438 \u0445\u0440\u0443\u0441\u0442\u044f\u0449\u0430\u044f <strong>\u042f\u0431\u043b\u043e\u043a\u0438<\/strong>?<\/p>","protected":false},"featured_media":319344,"comment_status":"open","ping_status":"closed","template":"","meta":{"_acf_changed":false,"_relevanssi_hide_post":"","_relevanssi_hide_content":"","_relevanssi_pin_for_all":"","_relevanssi_pin_keywords":"","_relevanssi_unpin_keywords":"","_relevanssi_related_keywords":"","_relevanssi_related_include_ids":"","_relevanssi_related_exclude_ids":"","_relevanssi_related_no_append":"","_relevanssi_related_not_related":"","_relevanssi_related_posts":"","_relevanssi_noindex_reason":""},"product_brand":[4564],"product_cat":[4701,4845,4792,4843],"product_tag":[7612,5809,5768,7610,7611],"class_list":{"0":"post-157385","1":"product","2":"type-product","3":"status-publish","4":"has-post-thumbnail","6":"product_brand-my-eliquid","7":"product_cat-aromen","8":"product_cat-fill-up-aroma","9":"product_cat-neue-aromen","10":"product_cat-on-rop","11":"product_tag-gonzo","12":"product_tag-on-rop","13":"product_tag-onrop","14":"product_tag-shock","15":"product_tag-wave","16":"product_shipping_class-standard","17":"pa_ageverification-ja","18":"pa_country_of_manufacture-de","19":"pa_faq-product_aroma_faq","20":"pa_filling_quantity-10ml","21":"pa_flavour_art-cooling","22":"pa_generate_meta-nein","23":"pa_ghs_gefahrenbezeichnung-achtung","24":"pa_ghs_hsatz-ba-h302gesundheitsschadlichbe","25":"pa_ghs_hsatz-34-h319verursachtschwereaugen","26":"pa_ghs_hsatz-h335kanndieatemwegereizen_","27":"pa_ghs_signalwort-achtung","28":"pa_herkunftsland-21-diegesamtefertigungunserer","29":"pa_info1-e7-product_aroma_kurzbeschrei","30":"pa_info2-product_aroma_beschreibung","31":"pa_insi-product_aroma_insi","32":"pa_manufacturer-my_eliquid","33":"pa_mindesthaltbarkeit-24monate","34":"pa_mixture_ratio-keineangabe","35":"pa_nicotin-n_a","36":"pa_product_suggestion-nein","37":"pa_product_type-11_fillup_eigenprodukte","38":"pa_product_weight-4217","39":"pa_weight-0_03","41":"first","42":"outofstock","43":"taxable","44":"shipping-taxable","45":"purchasable","46":"product-type-simple"},"acf":[],"_links":{"self":[{"href":"https:\/\/my-eliquid.de\/ru\/wp-json\/wp\/v2\/product\/157385","targetHints":{"allow":["GET"]}}],"collection":[{"href":"https:\/\/my-eliquid.de\/ru\/wp-json\/wp\/v2\/product"}],"about":[{"href":"https:\/\/my-eliquid.de\/ru\/wp-json\/wp\/v2\/types\/product"}],"replies":[{"embeddable":true,"href":"https:\/\/my-eliquid.de\/ru\/wp-json\/wp\/v2\/comments?post=157385"}],"wp:featuredmedia":[{"embeddable":true,"href":"https:\/\/my-eliquid.de\/ru\/wp-json\/wp\/v2\/media\/319344"}],"wp:attachment":[{"href":"https:\/\/my-eliquid.de\/ru\/wp-json\/wp\/v2\/media?parent=157385"}],"wp:term":[{"taxonomy":"product_brand","embeddable":true,"href":"https:\/\/my-eliquid.de\/ru\/wp-json\/wp\/v2\/product_brand?post=157385"},{"taxonomy":"product_cat","embeddable":true,"href":"https:\/\/my-eliquid.de\/ru\/wp-json\/wp\/v2\/product_cat?post=157385"},{"taxonomy":"product_tag","embeddable":true,"href":"https:\/\/my-eliquid.de\/ru\/wp-json\/wp\/v2\/product_tag?post=157385"}],"curies":[{"name":"wp","href":"https:\/\/api.w.org\/{rel}","templated":true}]}}