{"id":157601,"date":"2018-12-05T00:00:00","date_gmt":"2018-12-04T23:00:00","guid":{"rendered":"https:\/\/melvx.my-eliquid.de\/aroma-shop\/aromen\/chrismas-bash-aroma-fill-up-12-ml\/"},"modified":"2025-11-25T13:47:37","modified_gmt":"2025-11-25T12:47:37","slug":"chrismas-bash-aroma-fill-up-12-ml","status":"publish","type":"product","link":"https:\/\/my-eliquid.de\/ru\/shop\/chrismas-bash-aroma-fill-up-12-ml\/","title":{"rendered":"Chrismas Bash! \u0410\u0440\u043e\u043c\u0430\u0442 | 10 \u043c\u043b | Fill Up"},"content":{"rendered":"<p><strong>Macht euch bereit f\u00fcr die frohe Weihnachtstzeit!<\/strong><\/p>\n<p>Himmlischer Genuss den man unbedingt probieren muss.<\/p>\n<p>Jeden Tag werden Verschenkt davon ein paar&#8230;<\/p>\n<p>Wer keines hat Geschenckt erhalten, dem wollen wir das gute St\u00fcck nicht vorenthalten.<\/p>\n<p>Somit kannst du es nun auch kaufen und musst daf\u00fcr nicht in unsere Shops laufen.<\/p>\n<p>Wir w\u00fcnschen euch von ganzem Herzen, eine besinnliche Weihnachtszeit erleuchtet von Kerzen!<\/p>\n<p>Nun zu dem Geschmack h\u00fcbsch verpackt :<\/p>\n<p>\u041e\u0434\u0438\u043d <strong>\u0433\u043b\u0438\u043d\u0442\u0432\u0435\u0439\u043d<\/strong> darf zu dieser Zeit nicht fehlen, es wird dir den Atem stehlen!<\/p>\n<p>Verfeinert mit <strong>Zimt<\/strong> \u0438 <strong>Orange, s\u00fc\u00df<\/strong> \u0438 <strong>frisch.<\/strong><\/p>\n<p>Und von dem <strong>\u0413\u043b\u043e\u0442\u043e\u043a \u0440\u043e\u043c\u0430<\/strong> \u0442\u044b \u0442\u043e\u0447\u043d\u043e \u043d\u0435 \u043e\u043a\u0430\u0436\u0435\u0448\u044c\u0441\u044f \u043f\u043e\u0434 \u0441\u0442\u043e\u043b\u043e\u043c!<\/p>\n<p>Kannst es genie\u00dfen ganz in ruh, denn die Weihnachtszeit geht vorbei im Nu!<\/p>\n<p><strong>Eine herrliche Komposition In der Besten Alternative.<\/strong><\/p>\n<p>Als <strong>Fill Up<\/strong> ist es euch \u00fcberlassen welche Base Ihr einf\u00fcllt. 48 ml werden an <strong>\u0431\u0430\u0437\u0430<\/strong> ben\u00f6tig.<\/p>\n<p>Entweder 1x unser Bundel angebot oder einfach eine nuller Base dazu kaufen, auff\u00fcllen, sch\u00fctteln und fertig sind <strong>60 ml fertiges k\u00f6stliches Liquid!<\/strong><\/p>\n<p><strong>\u041e\u0431\u044a\u0435\u043c \u043f\u043e\u0441\u0442\u0430\u0432\u043a\u0438:\u00a0<\/strong><\/p>\n<p><strong>\u00a01x 12 ml Chrismas Bash Aroma in 60 ml Chubby Flasche<\/strong><\/p>","protected":false},"excerpt":{"rendered":"<p>\u041e\u0434\u0438\u043d<strong>\u00a0\u0433\u043b\u0438\u043d\u0442\u0432\u0435\u0439\u043d<\/strong>\u00a0\u043d\u0435 \u043c\u043e\u0436\u0435\u0442 \u043e\u0442\u0441\u0443\u0442\u0441\u0442\u0432\u043e\u0432\u0430\u0442\u044c \u0432 \u044d\u0442\u043e \u0432\u0440\u0435\u043c\u044f \u0433\u043e\u0434\u0430, \u043e\u043d \u0437\u0430\u0441\u0442\u0430\u0432\u0438\u0442 \u0442\u0435\u0431\u044f \u0437\u0430\u0442\u0430\u0438\u0442\u044c \u0434\u044b\u0445\u0430\u043d\u0438\u0435! \u0423\u0441\u043e\u0432\u0435\u0440\u0448\u0435\u043d\u0441\u0442\u0432\u043e\u0432\u0430\u043d\u043d\u044b\u0439 \u0441 \u043f\u043e\u043c\u043e\u0449\u044c\u044e\u00a0<strong>\u041a\u043e\u0440\u0438\u0446\u0430 ,<\/strong>\u00a0<strong>\u041e\u0440\u0430\u043d\u0436\u0435\u0432\u044b\u0439 \u0441\u043b\u0430\u0434\u043a\u0438\u0439<\/strong>\u00a0\u0438\u00a0<strong>\u0441\u0432\u0435\u0436\u0438\u0439<\/strong> \u0438 \u043e\u0442 \u043a\u043e\u0442\u043e\u0440\u043e\u0433\u043e\u00a0<strong>\u0413\u043b\u043e\u0442\u043e\u043a \u0440\u043e\u043c\u0430<\/strong>\u00a0\u0442\u044b \u0442\u043e\u0447\u043d\u043e \u043d\u0435 \u043e\u043a\u0430\u0436\u0435\u0448\u044c\u0441\u044f \u043f\u043e\u0434 \u0441\u0442\u043e\u043b\u043e\u043c!<\/p>","protected":false},"featured_media":319301,"comment_status":"open","ping_status":"closed","template":"","meta":{"_acf_changed":false,"_relevanssi_hide_post":"","_relevanssi_hide_content":"","_relevanssi_pin_for_all":"","_relevanssi_pin_keywords":"","_relevanssi_unpin_keywords":"","_relevanssi_related_keywords":"","_relevanssi_related_include_ids":"","_relevanssi_related_exclude_ids":"","_relevanssi_related_no_append":"","_relevanssi_related_not_related":"","_relevanssi_related_posts":"","_relevanssi_noindex_reason":""},"product_brand":[4564],"product_cat":[4701,4845,4792,4722,4843,4712,4707,4793],"product_tag":[6990,1399,6847,7590,1391,7589,6991,5562,5805,5792,6732,6885,5310,5226,6584,6992],"class_list":{"0":"post-157601","1":"product","2":"type-product","3":"status-publish","4":"has-post-thumbnail","6":"product_brand-my-eliquid","7":"product_cat-aromen","8":"product_cat-fill-up-aroma","9":"product_cat-neue-aromen","10":"product_cat-neuheiten","11":"product_cat-on-rop","12":"product_cat-special-aromen-liquid-e-zigarette","13":"product_cat-suesse-aromen-liquid-e-zigarette","14":"product_cat-e-zigaretten-liquid-basen-aroma-vape-sale","15":"product_tag-6990","16":"product_tag-aroma","17":"product_tag-aromen","18":"product_tag-bash","19":"product_tag-bitte","20":"product_tag-chrismas","21":"product_tag-fill","22":"product_tag-fill-up","23":"product_tag-liquid","24":"product_tag-liquids","25":"product_tag-ml","26":"product_tag-neue","27":"product_tag-neuheiten","28":"product_tag-special","29":"product_tag-suesse","30":"product_tag-up","31":"product_shipping_class-standard","32":"pa_ageverification-ja","33":"pa_faq-product_aroma_faq","34":"pa_filling_quantity-10ml","35":"pa_flavour_art-frucht","36":"pa_generate_meta-nein","37":"pa_ghs_gefahrenbezeichnung-achtung","38":"pa_ghs_hsatz-ba-h302gesundheitsschadlichbe","39":"pa_ghs_hsatz-34-h319verursachtschwereaugen","40":"pa_ghs_hsatz-h335kanndieatemwegereizen_","41":"pa_ghs_signalwort-achtung","42":"pa_info1-e7-product_aroma_kurzbeschrei","43":"pa_info2-product_aroma_beschreibung","44":"pa_manufacturer-my_eliquid","45":"pa_mindesthaltbarkeit-24monate","46":"pa_mixture_ratio-pg50_vg50","47":"pa_nicotin-n_a","48":"pa_product_suggestion-nein","49":"pa_product_type-11_fillup_eigenprodukte","50":"pa_product_weight-4217","51":"pa_special_products-neu","52":"pa_weight-0_04","54":"first","55":"instock","56":"taxable","57":"shipping-taxable","58":"purchasable","59":"product-type-simple"},"acf":[],"_links":{"self":[{"href":"https:\/\/my-eliquid.de\/ru\/wp-json\/wp\/v2\/product\/157601","targetHints":{"allow":["GET"]}}],"collection":[{"href":"https:\/\/my-eliquid.de\/ru\/wp-json\/wp\/v2\/product"}],"about":[{"href":"https:\/\/my-eliquid.de\/ru\/wp-json\/wp\/v2\/types\/product"}],"replies":[{"embeddable":true,"href":"https:\/\/my-eliquid.de\/ru\/wp-json\/wp\/v2\/comments?post=157601"}],"wp:featuredmedia":[{"embeddable":true,"href":"https:\/\/my-eliquid.de\/ru\/wp-json\/wp\/v2\/media\/319301"}],"wp:attachment":[{"href":"https:\/\/my-eliquid.de\/ru\/wp-json\/wp\/v2\/media?parent=157601"}],"wp:term":[{"taxonomy":"product_brand","embeddable":true,"href":"https:\/\/my-eliquid.de\/ru\/wp-json\/wp\/v2\/product_brand?post=157601"},{"taxonomy":"product_cat","embeddable":true,"href":"https:\/\/my-eliquid.de\/ru\/wp-json\/wp\/v2\/product_cat?post=157601"},{"taxonomy":"product_tag","embeddable":true,"href":"https:\/\/my-eliquid.de\/ru\/wp-json\/wp\/v2\/product_tag?post=157601"}],"curies":[{"name":"wp","href":"https:\/\/api.w.org\/{rel}","templated":true}]}}