{"id":158858,"date":"2020-09-17T00:00:00","date_gmt":"2020-09-16T22:00:00","guid":{"rendered":"https:\/\/melvx.my-eliquid.de\/shop\/my-eliquid-sortiment\/diy-liquid-basen\/liquid-basis-fertigmischung\/nikotin-salz-shot-20mg\/"},"modified":"2025-11-25T13:51:52","modified_gmt":"2025-11-25T12:51:52","slug":"nikotin-salz-shot-20mg","status":"publish","type":"product","link":"https:\/\/my-eliquid.de\/ru\/shop\/nikotin-salz-shot-20mg\/","title":{"rendered":"\u041d\u0438\u043a\u043e\u0442\u0438\u043d\u043e\u0432\u0430\u044f \u0441\u043e\u043b\u044c Shot | 20 \u043c\u0433"},"content":{"rendered":"<p>Liquid Nikotin Salz Shot mit 20mg Nikotin!\u00a0<\/p>\n<p>Es wird nur der Umgang durch erfahrene und ge\u00fcbte Personen empfohlen.<\/p>\n<p><strong>Artikel\u00a0 ab 18 mg werden f\u00fcr Mischungen oder, um diese zu verd\u00fcnnen angeboten, nicht f\u00fcr den unmittelbaren Verbrauch.<\/strong><\/p>\n<p><span>Achtung !!! F\u00fcr Kindern unzug\u00e4nglich aufbewahren !!!<\/span><\/p>\n<p>Rechtliche Hinweise zur Verwendung<br \/>\nBei diesen Artikeln handelt es sich rechtlich um Chemikalien. Diese Chemikalien werden zur Herstellung von <strong>Nachf\u00fcllfl\u00fcssigkeiten bzw. eLiquids<\/strong> verwendet. Nur f\u00fcr diesen Verwendungszweck werden diese Chemikalien f\u00fcr sachkundige K\u00e4ufer angeboten und an diese verkauft. Die sachgem\u00e4\u00dfe Verwendung liegt in der Verantwortung des K\u00e4ufers.<\/p>\n<p>Diese Chemikalien sind keine Arznei- oder Lebensmittel und sind in der von uns angebotenen Form noch nicht f\u00fcr die Einnahme durch einen Endverbraucher bestimmt. Wir geben auch keine verbindliche Zubereitungs- oder <strong>Dosierungsanleitung<\/strong>. Die Verwendung und Einnahme erfolgt auf Ihr eigenes Risiko.<\/p>\n<p>my-eLiquid haftet nicht f\u00fcr Gesundheitssch\u00e4den, z.B. durch eine unsachgem\u00e4\u00dfe Verwendung.<\/p>\n<p>Diese Artikel d\u00fcrfen nur bestellt werden, wenn der K\u00e4ufer \u00fcber die n\u00f6tige <strong>Erfahrung<\/strong> im Umgang mit diesen Chemikalien und Rohstoffen verf\u00fcgt.<\/p>\n<p><span><strong>Legende:<br \/><\/strong><\/span><br \/>\nPG:\u00a0<span><strong>1,2-Propylenglycol<\/strong> (PG) E1520 (Ph. Eur.) reinst<\/span><br \/>\nVG:\u00a0<span><strong>\u0447\u0438\u0441\u0442\u043e \u0440\u0430\u0441\u0442\u0438\u0442\u0435\u043b\u044c\u043d\u044b\u0439 \u0433\u043b\u0438\u0446\u0435\u0440\u0438\u043d<\/strong> (VG) E422 (DAB), CAS-Nr. Bezeichnung 56-81-5 <strong>\u0413\u043b\u0438\u0446\u0435\u0440\u0438\u043d<\/strong> 99,5%<br \/><\/span><\/p>\n<p>Wahlweise:<\/p>\n<p>Wasser: \u00a0<strong>Aqua Purificata<\/strong> Ph.Eur. \/ Bidest<\/p>\n<p><strong>\u00a0<\/strong><\/p>","protected":false},"excerpt":{"rendered":"<p>\u0427\u0430\u0449\u0435 \u043f\u0440\u043e\u0431\u0443\u0439\u0442\u0435 \u0447\u0442\u043e-\u0442\u043e \u043d\u043e\u0432\u043e\u0435! \u0412\u044b\u0431\u0435\u0440\u0438\u0442\u0435 \u043d\u0438\u043a\u043e\u0442\u0438\u043d\u043e\u0432\u044b\u0439 \u0441\u043e\u043b\u0435\u0432\u043e\u0439 \u0448\u043e\u0442, \u0447\u0442\u043e\u0431\u044b \u0443\u0441\u0438\u043b\u0438\u0442\u044c \u044d\u0444\u0444\u0435\u043a\u0442. \u0412\u044b\u0431\u0435\u0440\u0438\u0442\u0435 \u0436\u0435\u043b\u0430\u0435\u043c\u043e\u0435 \u0441\u043e\u043e\u0442\u043d\u043e\u0448\u0435\u043d\u0438\u0435 \u043a\u043e\u043c\u043f\u043e\u043d\u0435\u043d\u0442\u043e\u0432, \u0447\u0442\u043e\u0431\u044b \u0441\u043c\u0435\u0448\u0430\u0442\u044c \u0441\u0432\u043e\u0438 \u0441\u043e\u0431\u0441\u0442\u0432\u0435\u043d\u043d\u044b\u0435 \u0436\u0438\u0434\u043a\u043e\u0441\u0442\u0438 \u0434\u043b\u044f \u044d\u043b\u0435\u043a\u0442\u0440\u043e\u043d\u043d\u044b\u0445 \u0441\u0438\u0433\u0430\u0440\u0435\u0442. \u041d\u0438\u043a\u043e\u0442\u0438\u043d\u043e\u0432\u044b\u0439 \u0441\u043e\u043b\u0435\u0432\u043e\u0439 \u0448\u043e\u0442 \u0441\u043e\u0434\u0435\u0440\u0436\u0438\u0442 10 \u043c\u043b \u0447\u0438\u0441\u0442\u043e\u0439 \u043e\u0441\u043d\u043e\u0432\u044b \u0441 \u043d\u0438\u043a\u043e\u0442\u0438\u043d\u043e\u043c \u0411\u0415\u0417 \u0410\u0420\u041e\u041c\u0410\u0422\u0410.<\/p>","protected":false},"featured_media":319665,"comment_status":"open","ping_status":"closed","template":"","meta":{"_acf_changed":false,"_relevanssi_hide_post":"","_relevanssi_hide_content":"","_relevanssi_pin_for_all":"","_relevanssi_pin_keywords":"","_relevanssi_unpin_keywords":"","_relevanssi_related_keywords":"","_relevanssi_related_include_ids":"","_relevanssi_related_exclude_ids":"","_relevanssi_related_no_append":"","_relevanssi_related_not_related":"","_relevanssi_related_posts":"","_relevanssi_noindex_reason":""},"product_brand":[4564],"product_cat":[4695,4700,4735],"product_tag":[6716,5124,6717,5411,6712,5805,5792,5811,6546,6350,5812,5813],"class_list":{"0":"post-158858","1":"product","2":"type-product","3":"status-publish","4":"has-post-thumbnail","6":"product_brand-my-eliquid","7":"product_cat-diy-liquid-basen","8":"product_cat-liquid-basis-fertigmischung","9":"product_cat-nikotin-shots","10":"product_tag-alle","11":"product_tag-basen","12":"product_tag-diy","13":"product_tag-e-zigaretten","14":"product_tag-fuer","15":"product_tag-liquid","16":"product_tag-liquids","17":"product_tag-nikotin","18":"product_tag-salz","19":"product_tag-salzshot","20":"product_tag-shot","21":"product_tag-shots","22":"product_shipping_class-standard","23":"pa_ageverification-ja","24":"pa_country_of_manufacture-de","25":"pa_filling_quantity-10ml","26":"pa_flasche-8b-10mltropferflaschemitfeine","27":"pa_generate_meta-nein","28":"pa_ghs_gefahrenbezeichnung-giftig","29":"pa_ghs_hsatz-ba-h302gesundheitsschadlichbe","30":"pa_ghs_hsatz-26-h318verursachtschwereaugen","31":"pa_ghs_signalwort-gefahr","32":"pa_info1-14-product_basen_kurzbeschrei","33":"pa_info2-68-product_base_beschreibung_","34":"pa_is_product_configurable-ja","35":"pa_manufacturer-my_eliquid","36":"pa_mindesthaltbarkeit-24monate","37":"pa_mixture_ratio-pg30_vg70pinoy","38":"pa_mixture_ratio-pg50_vg50","39":"pa_nicotin-20mg","40":"pa_product_suggestion-nein","41":"pa_product_type-1_nikotin_shots_eigenprodukt","42":"pa_product_weight-4217","43":"pa_special_products-neu","45":"first","46":"outofstock","47":"taxable","48":"shipping-taxable","49":"purchasable","50":"product-type-variable"},"acf":[],"_links":{"self":[{"href":"https:\/\/my-eliquid.de\/ru\/wp-json\/wp\/v2\/product\/158858","targetHints":{"allow":["GET"]}}],"collection":[{"href":"https:\/\/my-eliquid.de\/ru\/wp-json\/wp\/v2\/product"}],"about":[{"href":"https:\/\/my-eliquid.de\/ru\/wp-json\/wp\/v2\/types\/product"}],"replies":[{"embeddable":true,"href":"https:\/\/my-eliquid.de\/ru\/wp-json\/wp\/v2\/comments?post=158858"}],"wp:featuredmedia":[{"embeddable":true,"href":"https:\/\/my-eliquid.de\/ru\/wp-json\/wp\/v2\/media\/319665"}],"wp:attachment":[{"href":"https:\/\/my-eliquid.de\/ru\/wp-json\/wp\/v2\/media?parent=158858"}],"wp:term":[{"taxonomy":"product_brand","embeddable":true,"href":"https:\/\/my-eliquid.de\/ru\/wp-json\/wp\/v2\/product_brand?post=158858"},{"taxonomy":"product_cat","embeddable":true,"href":"https:\/\/my-eliquid.de\/ru\/wp-json\/wp\/v2\/product_cat?post=158858"},{"taxonomy":"product_tag","embeddable":true,"href":"https:\/\/my-eliquid.de\/ru\/wp-json\/wp\/v2\/product_tag?post=158858"}],"curies":[{"name":"wp","href":"https:\/\/api.w.org\/{rel}","templated":true}]}}