{"id":159692,"date":"2025-03-27T00:00:00","date_gmt":"2025-03-26T23:00:00","guid":{"rendered":"https:\/\/melvx.my-eliquid.de\/?post_type=product&#038;p=159692"},"modified":"2026-03-19T14:26:27","modified_gmt":"2026-03-19T13:26:27","slug":"aspire-flexus-stik-leerpod-ohne-coil-3ml-disabled","status":"publish","type":"product","link":"https:\/\/my-eliquid.de\/ru\/shop\/aspire-flexus-stik-leerpod-ohne-coil-3ml-disabled\/","title":{"rendered":"Aspire | Flexus Stik | \u0417\u0430\u043f\u0430\u0441\u043d\u043e\u0439 \u043a\u0430\u0440\u0442\u0440\u0438\u0434\u0436 \u0431\u0435\u0437 \u0441\u043f\u0438\u0440\u0430\u043b\u0438 3 \u043c\u043b"},"content":{"rendered":"<h2><strong>Aspire Flexus Stik Leerpod 3ml ohne Coil<\/strong><\/h2>\n<p>Das Flexus Stik Pod passt zur gleichnamigen e-Zigarette. Es besitzt 3 ml F\u00fcllvolumen und kann \u00fcber ein Bottom Fill System bef\u00fcllt werden. Verwendbar zu dem Pod sind die bekannten Aspire AF Mesh Coils mit 0,6 und 1 Ohm.. Passend zur Aspire Flexus Stik<\/p>","protected":false},"excerpt":{"rendered":"<p><strong>Aspire Flexus Stik \u043f\u0443\u0441\u0442\u043e\u0439 \u0441\u0442\u0440\u0443\u0447\u043e\u043a \u0431\u0435\u0437 \u043a\u0430\u0442\u0443\u0448\u043a\u0438 3 \u043c\u043b<\/strong><\/p>","protected":false},"featured_media":319426,"comment_status":"open","ping_status":"closed","template":"","meta":{"_acf_changed":false,"_relevanssi_hide_post":"","_relevanssi_hide_content":"","_relevanssi_pin_for_all":"","_relevanssi_pin_keywords":"","_relevanssi_unpin_keywords":"","_relevanssi_related_keywords":"","_relevanssi_related_include_ids":"","_relevanssi_related_exclude_ids":"","_relevanssi_related_no_append":"","_relevanssi_related_not_related":"","_relevanssi_related_posts":"","_relevanssi_noindex_reason":""},"product_brand":[4565],"product_cat":[4818,4788,4781,4774,4778],"product_tag":[7226,6073,1391,5646,6360,6744,7364,6722,7828,6374,4920,5423],"class_list":{"0":"post-159692","1":"product","2":"type-product","3":"status-publish","4":"has-post-thumbnail","6":"product_brand-aspire","7":"product_cat-aspire","8":"product_cat-clearomizer","9":"product_cat-e-zigaretten-hersteller","10":"product_cat-verdampfer","11":"product_cat-verdampferkoepfe","12":"product_tag-3ml","13":"product_tag-aspire","14":"product_tag-bitte","15":"product_tag-clearomizer","16":"product_tag-coil","17":"product_tag-ersatzpod","18":"product_tag-flexus","19":"product_tag-ohne","20":"product_tag-stik","21":"product_tag-uwell","22":"product_tag-verdampfer","23":"product_tag-verdampferkoepfe","24":"product_shipping_class-standard","25":"pa_ageverification-ja","26":"pa_filling_quantity-3ml","27":"pa_generate_meta-nein","28":"pa_manufacturer-aspire","29":"pa_product_suggestion-nein","30":"pa_product_type-7_hardware","31":"pa_product_weight-4217","32":"pa_resistance-ersatzpodohnecoil","33":"pa_special_products-neu","34":"pa_weight-0_04","36":"first","37":"instock","38":"taxable","39":"shipping-taxable","40":"purchasable","41":"product-type-simple"},"acf":[],"_links":{"self":[{"href":"https:\/\/my-eliquid.de\/ru\/wp-json\/wp\/v2\/product\/159692","targetHints":{"allow":["GET"]}}],"collection":[{"href":"https:\/\/my-eliquid.de\/ru\/wp-json\/wp\/v2\/product"}],"about":[{"href":"https:\/\/my-eliquid.de\/ru\/wp-json\/wp\/v2\/types\/product"}],"replies":[{"embeddable":true,"href":"https:\/\/my-eliquid.de\/ru\/wp-json\/wp\/v2\/comments?post=159692"}],"wp:featuredmedia":[{"embeddable":true,"href":"https:\/\/my-eliquid.de\/ru\/wp-json\/wp\/v2\/media\/319426"}],"wp:attachment":[{"href":"https:\/\/my-eliquid.de\/ru\/wp-json\/wp\/v2\/media?parent=159692"}],"wp:term":[{"taxonomy":"product_brand","embeddable":true,"href":"https:\/\/my-eliquid.de\/ru\/wp-json\/wp\/v2\/product_brand?post=159692"},{"taxonomy":"product_cat","embeddable":true,"href":"https:\/\/my-eliquid.de\/ru\/wp-json\/wp\/v2\/product_cat?post=159692"},{"taxonomy":"product_tag","embeddable":true,"href":"https:\/\/my-eliquid.de\/ru\/wp-json\/wp\/v2\/product_tag?post=159692"}],"curies":[{"name":"wp","href":"https:\/\/api.w.org\/{rel}","templated":true}]}}