{"id":302499,"date":"2011-12-22T00:00:00","date_gmt":"2011-12-21T23:00:00","guid":{"rendered":"https:\/\/my-eliquid.de\/shop\/brombeere-aroma\/"},"modified":"2026-02-04T10:17:53","modified_gmt":"2026-02-04T09:17:53","slug":"brombeere-aroma","status":"publish","type":"product","link":"https:\/\/my-eliquid.de\/ru\/shop\/brombeere-aroma\/","title":{"rendered":"\u0410\u0440\u043e\u043c\u0430\u0442 \u0435\u0436\u0435\u0432\u0438\u043a\u0438"},"content":{"rendered":"<p>\u041d\u0430\u0448 <strong>\u0410\u0440\u043e\u043c\u0430\u0442 \u0435\u0436\u0435\u0432\u0438\u043a\u0438<\/strong> punktet mit seinem s\u00fc\u00dfen, sehr intensiven <strong>Brombeergeschmack<\/strong> \u0438 \u043f\u0440\u043e\u0438\u0441\u0445\u043e\u0434\u0438\u0442 \u0438\u0437 \u043b\u0438\u043d\u0438\u0438 <strong>\u0424\u0440\u0443\u043a\u0442\u043e\u0432\u044b\u0435 \u0430\u0440\u043e\u043c\u0430\u0442\u044b<\/strong>. Das Beeren-Vergn\u00fcgen f\u00fcr Wind und Wetter \u2013 K\u00f6stlich.-s\u00fc\u00dfer Brombeer-Spa\u00df! Das <strong>\u0410\u0440\u043e\u043c\u0430\u0442 \u0435\u0436\u0435\u0432\u0438\u043a\u0438<\/strong> \u043f\u043e\u0434\u0445\u043e\u0434\u0438\u0442 \u0434\u043b\u044f \u0430\u0440\u043e\u043c\u0430\u0442\u0438\u0437\u0430\u0446\u0438\u0438 \u0438 <strong>\u041f\u0440\u043e\u0438\u0437\u0432\u043e\u0434\u0441\u0442\u0432\u043e \u0441\u043e\u0431\u0441\u0442\u0432\u0435\u043d\u043d\u044b\u0445 \u0436\u0438\u0434\u043a\u043e\u0441\u0442\u0435\u0439<\/strong> \u0438 \u043c\u043e\u0436\u0435\u0442 \u0441\u043e\u0447\u0435\u0442\u0430\u0442\u044c\u0441\u044f \u0441 \u0434\u0440\u0443\u0433\u0438\u043c\u0438 <strong>\u0421\u043c\u0435\u0448\u0430\u043d\u043d\u044b\u0435 \u0432\u043a\u0443\u0441\u044b<\/strong> \u0441\u0442\u0430\u0442\u044c. \u0422\u0430\u043a\u0438\u043c \u043e\u0431\u0440\u0430\u0437\u043e\u043c, \u0432\u044b \u043c\u043e\u0436\u0435\u0442\u0435 \u0441\u043d\u043e\u0432\u0430 \u0438 \u0441\u043d\u043e\u0432\u0430 \u0441\u043e\u0437\u0434\u0430\u0432\u0430\u0442\u044c \u043d\u043e\u0432\u044b\u0435, \u0438\u043d\u0434\u0438\u0432\u0438\u0434\u0443\u0430\u043b\u044c\u043d\u044b\u0435 \u0434\u0438\u0437\u0430\u0439\u043d\u044b. <strong>\u0416\u0438\u0434\u043a\u043e\u0441\u0442\u0438<\/strong>! \u0410\u0440\u043e\u043c\u0430\u0442\u0438\u0437\u0430\u0442\u043e\u0440\u044b \u043d\u0435 \u0434\u043e\u043b\u0436\u043d\u044b \u0438\u0441\u043f\u043e\u043b\u044c\u0437\u043e\u0432\u0430\u0442\u044c\u0441\u044f \u0432 \u043d\u0435\u0440\u0430\u0437\u0431\u0430\u0432\u043b\u0435\u043d\u043d\u043e\u043c \u0432\u0438\u0434\u0435 \u0438 \u0432\u0441\u0435\u0433\u0434\u0430 \u0434\u043e\u043b\u0436\u043d\u044b \u0431\u044b\u0442\u044c \u043f\u043e\u0434\u0432\u0435\u0440\u0433\u043d\u0443\u0442\u044b <strong>\u0431\u0430\u0437\u0430<\/strong> \u0434\u043e\u0431\u0430\u0432\u043b\u044f\u0442\u044c\u0441\u044f.<\/p>","protected":false},"excerpt":{"rendered":"<p>Der beerenstarke Genuss: Unser <strong>\u0410\u0440\u043e\u043c\u0430\u0442 \u0435\u0436\u0435\u0432\u0438\u043a\u0438<\/strong> bietet alles, was man sich von k\u00f6stlich-reifen <strong>Brombeeren<\/strong> w\u00fcnscht: S\u00fc\u00df, fruchtig, saftig und unglaublich lecker!<\/p>","protected":false},"featured_media":319318,"comment_status":"open","ping_status":"closed","template":"","meta":{"_acf_changed":false,"_relevanssi_hide_post":"","_relevanssi_hide_content":"","_relevanssi_pin_for_all":"","_relevanssi_pin_keywords":"","_relevanssi_unpin_keywords":"","_relevanssi_related_keywords":"","_relevanssi_related_include_ids":"","_relevanssi_related_exclude_ids":"","_relevanssi_related_no_append":"","_relevanssi_related_not_related":"","_relevanssi_related_posts":"","_relevanssi_noindex_reason":""},"product_brand":[],"product_cat":[4733,4882,4701,4705,4881],"product_tag":[5010,4915,4914,4942,5004],"class_list":{"0":"post-302499","1":"product","2":"type-product","3":"status-publish","4":"has-post-thumbnail","6":"product_cat-alle-aromen","7":"product_cat-aromen-ohne-sucralose","8":"product_cat-aromen","9":"product_cat-frucht-aromen-liquid-e-zigarette","10":"product_cat-my-eliquid-aromen","11":"product_tag-brombeere","12":"product_tag-e-liquid","13":"product_tag-eliquid","14":"product_tag-frucht","15":"product_tag-nachfuellfluessigkeit","16":"product_shipping_class-standard","18":"first","19":"instock","20":"taxable","21":"shipping-taxable","22":"purchasable","23":"product-type-variable"},"acf":[],"_links":{"self":[{"href":"https:\/\/my-eliquid.de\/ru\/wp-json\/wp\/v2\/product\/302499","targetHints":{"allow":["GET"]}}],"collection":[{"href":"https:\/\/my-eliquid.de\/ru\/wp-json\/wp\/v2\/product"}],"about":[{"href":"https:\/\/my-eliquid.de\/ru\/wp-json\/wp\/v2\/types\/product"}],"replies":[{"embeddable":true,"href":"https:\/\/my-eliquid.de\/ru\/wp-json\/wp\/v2\/comments?post=302499"}],"wp:featuredmedia":[{"embeddable":true,"href":"https:\/\/my-eliquid.de\/ru\/wp-json\/wp\/v2\/media\/319318"}],"wp:attachment":[{"href":"https:\/\/my-eliquid.de\/ru\/wp-json\/wp\/v2\/media?parent=302499"}],"wp:term":[{"taxonomy":"product_brand","embeddable":true,"href":"https:\/\/my-eliquid.de\/ru\/wp-json\/wp\/v2\/product_brand?post=302499"},{"taxonomy":"product_cat","embeddable":true,"href":"https:\/\/my-eliquid.de\/ru\/wp-json\/wp\/v2\/product_cat?post=302499"},{"taxonomy":"product_tag","embeddable":true,"href":"https:\/\/my-eliquid.de\/ru\/wp-json\/wp\/v2\/product_tag?post=302499"}],"curies":[{"name":"wp","href":"https:\/\/api.w.org\/{rel}","templated":true}]}}