{"id":302546,"date":"2017-09-06T00:00:00","date_gmt":"2017-09-05T22:00:00","guid":{"rendered":"https:\/\/my-eliquid.de\/shop\/sweet-strawberry-aroma\/"},"modified":"2025-11-25T13:53:13","modified_gmt":"2025-11-25T12:53:13","slug":"sweet-strawberry-aroma","status":"publish","type":"product","link":"https:\/\/my-eliquid.de\/ru\/shop\/sweet-strawberry-aroma\/","title":{"rendered":"\u0421\u043b\u0430\u0434\u043a\u0438\u0439 \u043a\u043b\u0443\u0431\u043d\u0438\u0447\u043d\u044b\u0439 (\u041a\u043b\u0443\u0431\u043d\u0438\u043a\u0430 2) \u0432\u043a\u0443\u0441"},"content":{"rendered":"<p style=\"line-height: 19px;\">\u041d\u0430\u0448\u00a0<strong>\u0421\u043b\u0430\u0434\u043a\u0438\u0439 \u043a\u043b\u0443\u0431\u043d\u0438\u0447\u043d\u044b\u0439 \u0432\u043a\u0443\u0441<\/strong>\u00a0mit seinem s\u00fc\u00dfen\u00a0<strong>Beerengeschmack<\/strong>\u00a0\u043f\u0440\u043e\u0438\u0441\u0445\u043e\u0434\u0438\u0442 \u0438\u0437 \u043b\u0438\u043d\u0438\u0438\u00a0<strong>\u0424\u0440\u0443\u043a\u0442\u043e\u0432\u044b\u0435 \u0430\u0440\u043e\u043c\u0430\u0442\u044b<\/strong>.<\/p>\n<p style=\"line-height: 19px;\">Diese Sorte schmeckt s\u00fc\u00dfer als die nat\u00fcrliche Erdbeere und h\u00e4lt die volle Ladung an Fruchtpower bereit.<\/p>\n<p style=\"line-height: 19px;\">\u042d\u0442\u043e\u00a0<strong style=\"line-height: 19px;\">\u0421\u043b\u0430\u0434\u043a\u0438\u0439 \u043a\u043b\u0443\u0431\u043d\u0438\u0447\u043d\u044b\u0439 \u0432\u043a\u0443\u0441<\/strong>\u00a0\u043f\u043e\u0434\u0445\u043e\u0434\u0438\u0442 \u0434\u043b\u044f \u0430\u0440\u043e\u043c\u0430\u0442\u0438\u0437\u0430\u0446\u0438\u0438 \u0438\u00a0<strong>\u041f\u0440\u043e\u0438\u0437\u0432\u043e\u0434\u0441\u0442\u0432\u043e \u0441\u043e\u0431\u0441\u0442\u0432\u0435\u043d\u043d\u044b\u0445 \u0436\u0438\u0434\u043a\u043e\u0441\u0442\u0435\u0439\u00a0<\/strong>und kann mit anderen Aromen gemischt werden.<\/p>\n<p style=\"line-height: 19px;\">\u042d\u0442\u043e \u043f\u043e\u0437\u0432\u043e\u043b\u044f\u0435\u0442 \u0441\u043e\u0437\u0434\u0430\u0432\u0430\u0442\u044c \u043d\u043e\u0432\u044b\u0435, \u0438\u043d\u0434\u0438\u0432\u0438\u0434\u0443\u0430\u043b\u044c\u043d\u044b\u0435 \u0436\u0438\u0434\u043a\u043e\u0441\u0442\u0438 \u0441\u043d\u043e\u0432\u0430 \u0438 \u0441\u043d\u043e\u0432\u0430!<\/p>\n<p style=\"line-height: 19px;\"><strong>\u0430\u0440\u043e\u043c\u0430\u0442\u044b<\/strong>\u00a0\u043d\u0435 \u0434\u043e\u043b\u0436\u043d\u044b \u0438\u0441\u043f\u043e\u043b\u044c\u0437\u043e\u0432\u0430\u0442\u044c\u0441\u044f \u0432 \u043d\u0435\u0440\u0430\u0437\u0431\u0430\u0432\u043b\u0435\u043d\u043d\u043e\u043c \u0432\u0438\u0434\u0435 \u0438 \u0432\u0441\u0435\u0433\u0434\u0430 \u0434\u043e\u043b\u0436\u043d\u044b \u043f\u043e\u0434\u0432\u0435\u0440\u0433\u0430\u0442\u044c\u0441\u044f\u00a0<strong>\u0431\u0430\u0437\u0430<\/strong>\u00a0\u0434\u043e\u0431\u0430\u0432\u043b\u044f\u0442\u044c\u0441\u044f.<\/p>","protected":false},"excerpt":{"rendered":"<p>Niemand bekommt von Erdbeeren genug! Und aus diesem Grund haben wir ein weiteres <strong>\u0421\u043b\u0430\u0434\u043a\u0438\u0439 \u043a\u043b\u0443\u0431\u043d\u0438\u0447\u043d\u044b\u0439 \u0432\u043a\u0443\u0441<\/strong> geschaffen, noch fruchtiger und noch s\u00fc\u00dfer: wie ein Milchshake.<\/p>","protected":false},"featured_media":319493,"comment_status":"open","ping_status":"closed","template":"","meta":{"_acf_changed":false,"_relevanssi_hide_post":"","_relevanssi_hide_content":"","_relevanssi_pin_for_all":"","_relevanssi_pin_keywords":"","_relevanssi_unpin_keywords":"","_relevanssi_related_keywords":"","_relevanssi_related_include_ids":"","_relevanssi_related_exclude_ids":"","_relevanssi_related_no_append":"","_relevanssi_related_not_related":"","_relevanssi_related_posts":"","_relevanssi_noindex_reason":""},"product_brand":[],"product_cat":[4733,4882,4701,4705,4881],"product_tag":[6900,6716,1399,6847,6730,5803,4942,6712,5805,5792],"class_list":{"0":"post-302546","1":"product","2":"type-product","3":"status-publish","4":"has-post-thumbnail","6":"product_cat-alle-aromen","7":"product_cat-aromen-ohne-sucralose","8":"product_cat-aromen","9":"product_cat-frucht-aromen-liquid-e-zigarette","10":"product_cat-my-eliquid-aromen","11":"product_tag-6900","12":"product_tag-alle","13":"product_tag-aroma","14":"product_tag-aromen","15":"product_tag-eliquids","16":"product_tag-erdbeere","17":"product_tag-frucht","18":"product_tag-fuer","19":"product_tag-liquid","20":"product_tag-liquids","21":"product_shipping_class-standard","23":"first","24":"outofstock","25":"taxable","26":"shipping-taxable","27":"purchasable","28":"product-type-variable"},"acf":[],"_links":{"self":[{"href":"https:\/\/my-eliquid.de\/ru\/wp-json\/wp\/v2\/product\/302546","targetHints":{"allow":["GET"]}}],"collection":[{"href":"https:\/\/my-eliquid.de\/ru\/wp-json\/wp\/v2\/product"}],"about":[{"href":"https:\/\/my-eliquid.de\/ru\/wp-json\/wp\/v2\/types\/product"}],"replies":[{"embeddable":true,"href":"https:\/\/my-eliquid.de\/ru\/wp-json\/wp\/v2\/comments?post=302546"}],"wp:featuredmedia":[{"embeddable":true,"href":"https:\/\/my-eliquid.de\/ru\/wp-json\/wp\/v2\/media\/319493"}],"wp:attachment":[{"href":"https:\/\/my-eliquid.de\/ru\/wp-json\/wp\/v2\/media?parent=302546"}],"wp:term":[{"taxonomy":"product_brand","embeddable":true,"href":"https:\/\/my-eliquid.de\/ru\/wp-json\/wp\/v2\/product_brand?post=302546"},{"taxonomy":"product_cat","embeddable":true,"href":"https:\/\/my-eliquid.de\/ru\/wp-json\/wp\/v2\/product_cat?post=302546"},{"taxonomy":"product_tag","embeddable":true,"href":"https:\/\/my-eliquid.de\/ru\/wp-json\/wp\/v2\/product_tag?post=302546"}],"curies":[{"name":"wp","href":"https:\/\/api.w.org\/{rel}","templated":true}]}}