{"id":302573,"date":"2011-12-22T00:00:00","date_gmt":"2011-12-21T23:00:00","guid":{"rendered":"https:\/\/my-eliquid.de\/shop\/karamell-aroma\/"},"modified":"2025-11-25T13:50:46","modified_gmt":"2025-11-25T12:50:46","slug":"karamell-aroma","status":"publish","type":"product","link":"https:\/\/my-eliquid.de\/ru\/shop\/karamell-aroma\/","title":{"rendered":"\u041a\u0430\u0440\u0430\u043c\u0435\u043b\u044c\u043d\u044b\u0439 \u0432\u043a\u0443\u0441"},"content":{"rendered":"<p>\u041d\u0430\u0448 <strong>\u041a\u0430\u0440\u0430\u043c\u0435\u043b\u044c\u043d\u044b\u0439 \u0432\u043a\u0443\u0441<\/strong> mit seinem s\u00fcndhaft-s\u00fc\u00dfen <strong>\u041a\u0430\u0440\u0430\u043c\u0435\u043b\u044c\u043d\u044b\u0439 \u0432\u043a\u0443\u0441<\/strong> \u043f\u0440\u043e\u0438\u0441\u0445\u043e\u0434\u0438\u0442 \u0438\u0437 \u043b\u0438\u043d\u0438\u0438 <strong>\u0421\u043b\u0430\u0434\u043a\u0438\u0435 \u0430\u0440\u043e\u043c\u0430\u0442\u044b<\/strong>. Authentisches Karamell-Vergn\u00fcgen \u2013 ganz <strong>ohne Kalorien<\/strong>! Das <strong>\u041a\u0430\u0440\u0430\u043c\u0435\u043b\u044c\u043d\u044b\u0439 \u0432\u043a\u0443\u0441<\/strong> \u043f\u043e\u0434\u0445\u043e\u0434\u0438\u0442 \u0434\u043b\u044f <strong>\u0410\u0440\u043e\u043c\u0430\u0442\u0438\u0437\u0430\u0446\u0438\u044f \u0438 \u043f\u0440\u043e\u0438\u0437\u0432\u043e\u0434\u0441\u0442\u0432\u043e \u0441\u043e\u0431\u0441\u0442\u0432\u0435\u043d\u043d\u044b\u0445 \u0436\u0438\u0434\u043a\u043e\u0441\u0442\u0435\u0439<\/strong> \u0438 \u043c\u043e\u0436\u0435\u0442 <strong>\u0421\u043c\u0435\u0448\u0430\u043d\u043d\u044b\u0435 \u0441 \u0434\u0440\u0443\u0433\u0438\u043c\u0438 \u0432\u043a\u0443\u0441\u0430\u043c\u0438<\/strong> \u043c\u043e\u0433\u0443\u0442 \u0431\u044b\u0442\u044c \u0438\u043d\u0434\u0438\u0432\u0438\u0434\u0443\u0430\u043b\u044c\u043d\u044b\u043c\u0438. \u0422\u0430\u043a\u0438\u043c \u043e\u0431\u0440\u0430\u0437\u043e\u043c, \u0432\u044b \u043c\u043e\u0436\u0435\u0442\u0435 \u0441\u043e\u0437\u0434\u0430\u0432\u0430\u0442\u044c \u043d\u043e\u0432\u044b\u0435, \u0438\u043d\u0434\u0438\u0432\u0438\u0434\u0443\u0430\u043b\u044c\u043d\u044b\u0435 \u0436\u0438\u0434\u043a\u043e\u0441\u0442\u0438 \u0441\u043d\u043e\u0432\u0430 \u0438 \u0441\u043d\u043e\u0432\u0430! <strong>\u0430\u0440\u043e\u043c\u0430\u0442\u044b<\/strong> \u043d\u0435 \u0434\u043e\u043b\u0436\u043d\u044b \u0438\u0441\u043f\u043e\u043b\u044c\u0437\u043e\u0432\u0430\u0442\u044c\u0441\u044f \u0432 \u043d\u0435\u0440\u0430\u0437\u0431\u0430\u0432\u043b\u0435\u043d\u043d\u043e\u043c \u0432\u0438\u0434\u0435 \u0438 \u0432\u0441\u0435\u0433\u0434\u0430 \u0434\u043e\u043b\u0436\u043d\u044b \u043f\u043e\u0434\u0432\u0435\u0440\u0433\u0430\u0442\u044c\u0441\u044f <strong>\u0431\u0430\u0437\u0430<\/strong> \u0434\u043e\u0431\u0430\u0432\u043b\u044f\u0442\u044c\u0441\u044f.<\/p>","protected":false},"excerpt":{"rendered":"<p>\u0417\u043e\u043b\u043e\u0442\u0438\u0441\u0442\u043e-\u0436\u0435\u043b\u0442\u043e\u0435 \u0443\u0434\u043e\u0432\u043e\u043b\u044c\u0441\u0442\u0432\u0438\u0435 \u043e\u0442 \u0437\u0430\u043a\u0443\u0441\u043a\u0438 \u0431\u043b\u0430\u0433\u043e\u0434\u0430\u0440\u044f \u0443\u0434\u0438\u0432\u0438\u0442\u0435\u043b\u044c\u043d\u043e \u0441\u043b\u0430\u0434\u043a\u043e\u043c\u0443 <strong>\u041a\u0430\u0440\u0430\u043c\u0435\u043b\u044c\u043d\u044b\u0439 \u0432\u043a\u0443\u0441<\/strong>: \u041d\u0430\u0448 <strong>\u041d\u0435\u043e\u0442\u0440\u0430\u0437\u0438\u043c\u044b\u0439 \u043a\u0430\u0440\u0430\u043c\u0435\u043b\u044c\u043d\u044b\u0439 \u0432\u043a\u0443\u0441<\/strong> \u0437\u0430\u0441\u0442\u0430\u0432\u043b\u044f\u0435\u0442 \u0443\u0447\u0430\u0449\u0435\u043d\u043d\u043e \u0431\u0438\u0442\u044c\u0441\u044f \u0441\u0435\u0440\u0434\u0446\u0430 \u0432\u0441\u0435\u0445 \u0441\u043b\u0430\u0434\u043a\u043e\u0435\u0436\u0435\u043a!<\/p>","protected":false},"featured_media":319598,"comment_status":"open","ping_status":"closed","template":"","meta":{"_acf_changed":false,"_relevanssi_hide_post":"","_relevanssi_hide_content":"","_relevanssi_pin_for_all":"","_relevanssi_pin_keywords":"","_relevanssi_unpin_keywords":"","_relevanssi_related_keywords":"","_relevanssi_related_include_ids":"","_relevanssi_related_exclude_ids":"","_relevanssi_related_no_append":"","_relevanssi_related_not_related":"","_relevanssi_related_posts":"","_relevanssi_noindex_reason":""},"product_brand":[],"product_cat":[4733,4882,4701,4881,4707],"product_tag":[5012,4919,4915,5166,4917,4914,4918,5011,5004,4920],"class_list":{"0":"post-302573","1":"product","2":"type-product","3":"status-publish","4":"has-post-thumbnail","6":"product_cat-alle-aromen","7":"product_cat-aromen-ohne-sucralose","8":"product_cat-aromen","9":"product_cat-my-eliquid-aromen","10":"product_cat-suesse-aromen-liquid-e-zigarette","11":"product_tag-caramel","12":"product_tag-dampfer","13":"product_tag-e-liquid","14":"product_tag-e-zigarette","15":"product_tag-e-zigi","16":"product_tag-eliquid","17":"product_tag-ezigarette","18":"product_tag-karamell","19":"product_tag-nachfuellfluessigkeit","20":"product_tag-verdampfer","21":"product_shipping_class-standard","23":"first","24":"outofstock","25":"taxable","26":"shipping-taxable","27":"purchasable","28":"product-type-variable"},"acf":[],"_links":{"self":[{"href":"https:\/\/my-eliquid.de\/ru\/wp-json\/wp\/v2\/product\/302573","targetHints":{"allow":["GET"]}}],"collection":[{"href":"https:\/\/my-eliquid.de\/ru\/wp-json\/wp\/v2\/product"}],"about":[{"href":"https:\/\/my-eliquid.de\/ru\/wp-json\/wp\/v2\/types\/product"}],"replies":[{"embeddable":true,"href":"https:\/\/my-eliquid.de\/ru\/wp-json\/wp\/v2\/comments?post=302573"}],"wp:featuredmedia":[{"embeddable":true,"href":"https:\/\/my-eliquid.de\/ru\/wp-json\/wp\/v2\/media\/319598"}],"wp:attachment":[{"href":"https:\/\/my-eliquid.de\/ru\/wp-json\/wp\/v2\/media?parent=302573"}],"wp:term":[{"taxonomy":"product_brand","embeddable":true,"href":"https:\/\/my-eliquid.de\/ru\/wp-json\/wp\/v2\/product_brand?post=302573"},{"taxonomy":"product_cat","embeddable":true,"href":"https:\/\/my-eliquid.de\/ru\/wp-json\/wp\/v2\/product_cat?post=302573"},{"taxonomy":"product_tag","embeddable":true,"href":"https:\/\/my-eliquid.de\/ru\/wp-json\/wp\/v2\/product_tag?post=302573"}],"curies":[{"name":"wp","href":"https:\/\/api.w.org\/{rel}","templated":true}]}}