{"id":302586,"date":"2014-09-08T00:00:00","date_gmt":"2014-09-07T22:00:00","guid":{"rendered":"https:\/\/my-eliquid.de\/shop\/tropical-heat-aroma\/"},"modified":"2025-11-25T13:54:00","modified_gmt":"2025-11-25T12:54:00","slug":"tropical-heat-aroma","status":"publish","type":"product","link":"https:\/\/my-eliquid.de\/ru\/shop\/tropical-heat-aroma\/","title":{"rendered":"\u0422\u0440\u043e\u043f\u0438\u0447\u0435\u0441\u043a\u043e\u0435 \u0441\u0435\u0440\u0434\u0446\u0435 \u0441\u043e \u0432\u043a\u0443\u0441\u043e\u043c"},"content":{"rendered":"<p>\u041d\u0430\u0448 <strong>\u0422\u0440\u043e\u043f\u0438\u0447\u0435\u0441\u043a\u043e\u0435 \u0441\u0435\u0440\u0434\u0446\u0435 \u0441\u043e \u0432\u043a\u0443\u0441\u043e\u043c<\/strong> mit seinem <strong>Mix aus tropischen Fr\u00fcchten und leckerem Rum<\/strong> \u043f\u0440\u043e\u0438\u0441\u0445\u043e\u0434\u0438\u0442 \u0438\u0437 \u043b\u0438\u043d\u0438\u0438 <strong>\u041d\u0430\u043f\u0438\u0442\u043a\u0438 \u0410\u0440\u043e\u043c\u0430\u0442\u044b<\/strong>. Fruchtig, s\u00fc\u00df und frisch \u2013 das exotisch-tropische Geschmacksvergn\u00fcgen! Das <strong>\u0422\u0440\u043e\u043f\u0438\u0447\u0435\u0441\u043a\u043e\u0435 \u0441\u0435\u0440\u0434\u0446\u0435 \u0441\u043e \u0432\u043a\u0443\u0441\u043e\u043c<\/strong> \u043f\u043e\u0434\u0445\u043e\u0434\u0438\u0442 \u0434\u043b\u044f \u0430\u0440\u043e\u043c\u0430\u0442\u0438\u0437\u0430\u0446\u0438\u0438 \u0438 <strong>\u041f\u0440\u043e\u0438\u0437\u0432\u043e\u0434\u0441\u0442\u0432\u043e \u0441\u043e\u0431\u0441\u0442\u0432\u0435\u043d\u043d\u044b\u0445 \u0436\u0438\u0434\u043a\u043e\u0441\u0442\u0435\u0439<\/strong> \u0438 \u043c\u043e\u0436\u0435\u0442 \u0441\u043e\u0447\u0435\u0442\u0430\u0442\u044c\u0441\u044f \u0441 \u0434\u0440\u0443\u0433\u0438\u043c\u0438 <strong>Aromen gemischt werden<\/strong>. Auf diese Weise kreieren Sie immer wieder neue, individuelle Fl\u00fcssigkeiten! <strong>\u0430\u0440\u043e\u043c\u0430\u0442\u044b<\/strong> \u043d\u0435 \u0434\u043e\u043b\u0436\u043d\u044b \u0438\u0441\u043f\u043e\u043b\u044c\u0437\u043e\u0432\u0430\u0442\u044c\u0441\u044f \u0432 \u043d\u0435\u0440\u0430\u0437\u0431\u0430\u0432\u043b\u0435\u043d\u043d\u043e\u043c \u0432\u0438\u0434\u0435 \u0438 \u0432\u0441\u0435\u0433\u0434\u0430 \u0434\u043e\u043b\u0436\u043d\u044b \u043f\u043e\u0434\u0432\u0435\u0440\u0433\u0430\u0442\u044c\u0441\u044f <strong>\u0431\u0430\u0437\u0430<\/strong> \u0434\u043e\u0431\u0430\u0432\u043b\u044f\u0442\u044c\u0441\u044f.<\/p>","protected":false},"excerpt":{"rendered":"<p>Tropischer Fruchtmix trifft <strong>karibischen Rum<\/strong>: In unserem <strong>\u0422\u0440\u043e\u043f\u0438\u0447\u0435\u0441\u043a\u043e\u0435 \u0441\u0435\u0440\u0434\u0446\u0435 \u0441\u043e \u0432\u043a\u0443\u0441\u043e\u043c<\/strong> wird der <strong>s\u00fc\u00dfe Geschmack vieler Fr\u00fcchte<\/strong> von einer aromatischen <strong>Rum-Note<\/strong> verfeinert!<\/p>","protected":false},"featured_media":319654,"comment_status":"open","ping_status":"closed","template":"","meta":{"_acf_changed":false,"_relevanssi_hide_post":"","_relevanssi_hide_content":"","_relevanssi_pin_for_all":"","_relevanssi_pin_keywords":"","_relevanssi_unpin_keywords":"","_relevanssi_related_keywords":"","_relevanssi_related_include_ids":"","_relevanssi_related_exclude_ids":"","_relevanssi_related_no_append":"","_relevanssi_related_not_related":"","_relevanssi_related_posts":"","_relevanssi_noindex_reason":""},"product_brand":[],"product_cat":[4733,4882,4701,4702,4881],"product_tag":[1399,5253,4914,7218,6928],"class_list":{"0":"post-302586","1":"product","2":"type-product","3":"status-publish","4":"has-post-thumbnail","6":"product_cat-alle-aromen","7":"product_cat-aromen-ohne-sucralose","8":"product_cat-aromen","9":"product_cat-drinks-aromen-liquid-e-zigarette","10":"product_cat-my-eliquid-aromen","11":"product_tag-aroma","12":"product_tag-drinks","13":"product_tag-eliquid","14":"product_tag-heat","15":"product_tag-tropical","16":"product_shipping_class-standard","18":"first","19":"outofstock","20":"taxable","21":"shipping-taxable","22":"purchasable","23":"product-type-variable"},"acf":[],"_links":{"self":[{"href":"https:\/\/my-eliquid.de\/ru\/wp-json\/wp\/v2\/product\/302586","targetHints":{"allow":["GET"]}}],"collection":[{"href":"https:\/\/my-eliquid.de\/ru\/wp-json\/wp\/v2\/product"}],"about":[{"href":"https:\/\/my-eliquid.de\/ru\/wp-json\/wp\/v2\/types\/product"}],"replies":[{"embeddable":true,"href":"https:\/\/my-eliquid.de\/ru\/wp-json\/wp\/v2\/comments?post=302586"}],"wp:featuredmedia":[{"embeddable":true,"href":"https:\/\/my-eliquid.de\/ru\/wp-json\/wp\/v2\/media\/319654"}],"wp:attachment":[{"href":"https:\/\/my-eliquid.de\/ru\/wp-json\/wp\/v2\/media?parent=302586"}],"wp:term":[{"taxonomy":"product_brand","embeddable":true,"href":"https:\/\/my-eliquid.de\/ru\/wp-json\/wp\/v2\/product_brand?post=302586"},{"taxonomy":"product_cat","embeddable":true,"href":"https:\/\/my-eliquid.de\/ru\/wp-json\/wp\/v2\/product_cat?post=302586"},{"taxonomy":"product_tag","embeddable":true,"href":"https:\/\/my-eliquid.de\/ru\/wp-json\/wp\/v2\/product_tag?post=302586"}],"curies":[{"name":"wp","href":"https:\/\/api.w.org\/{rel}","templated":true}]}}