{"id":302600,"date":"2017-09-06T00:00:00","date_gmt":"2017-09-05T22:00:00","guid":{"rendered":"https:\/\/my-eliquid.de\/shop\/berry-bam-aroma\/"},"modified":"2026-04-03T20:12:13","modified_gmt":"2026-04-03T18:12:13","slug":"berry-bam-aroma","status":"publish","type":"product","link":"https:\/\/my-eliquid.de\/ru\/shop\/berry-bam-aroma\/","title":{"rendered":"\u0410\u0440\u043e\u043c\u0430\u0442 Berry B\u00e4m"},"content":{"rendered":"<p>\u041d\u0430\u0448 <strong>\u0410\u0440\u043e\u043c\u0430\u0442 Berry B\u00e4m<\/strong> mit seinem beerigen Mentholgeschmack stammt aus der Linie der <strong>\u0424\u0440\u0443\u043a\u0442\u043e\u0432\u044b\u0435 \u0430\u0440\u043e\u043c\u0430\u0442\u044b<\/strong>. In dieser Sorte wurde gekonnt die S\u00fc\u00dfe von Beeren mit der K\u00fchle von Menthol vereint. Das <strong>\u0410\u0440\u043e\u043c\u0430\u0442 Berry B\u00e4m<\/strong> \u043f\u043e\u0434\u0445\u043e\u0434\u0438\u0442 \u0434\u043b\u044f \u0430\u0440\u043e\u043c\u0430\u0442\u0438\u0437\u0430\u0446\u0438\u0438 \u0438 <strong>\u041f\u0440\u043e\u0438\u0437\u0432\u043e\u0434\u0441\u0442\u0432\u043e \u0441\u043e\u0431\u0441\u0442\u0432\u0435\u043d\u043d\u044b\u0445 \u0436\u0438\u0434\u043a\u043e\u0441\u0442\u0435\u0439<\/strong> \u0438 \u043c\u043e\u0436\u0435\u0442 \u0441\u043c\u0435\u0448\u0438\u0432\u0430\u0442\u044c\u0441\u044f \u0441 \u0434\u0440\u0443\u0433\u0438\u043c\u0438 \u0430\u0440\u043e\u043c\u0430\u0442\u0438\u0437\u0430\u0442\u043e\u0440\u0430\u043c\u0438. \u0422\u0430\u043a\u0438\u043c \u043e\u0431\u0440\u0430\u0437\u043e\u043c, \u0432\u044b \u0432\u0441\u0435\u0433\u0434\u0430 \u043c\u043e\u0436\u0435\u0442\u0435 \u0441\u043e\u0437\u0434\u0430\u0432\u0430\u0442\u044c \u043d\u043e\u0432\u044b\u0435, \u0438\u043d\u0434\u0438\u0432\u0438\u0434\u0443\u0430\u043b\u044c\u043d\u044b\u0435 \u0436\u0438\u0434\u043a\u043e\u0441\u0442\u0438! <strong>\u0430\u0440\u043e\u043c\u0430\u0442\u044b<\/strong> \u043d\u0435 \u0434\u043e\u043b\u0436\u043d\u044b \u0438\u0441\u043f\u043e\u043b\u044c\u0437\u043e\u0432\u0430\u0442\u044c\u0441\u044f \u0432 \u043d\u0435\u0440\u0430\u0437\u0431\u0430\u0432\u043b\u0435\u043d\u043d\u043e\u043c \u0432\u0438\u0434\u0435 \u0438 \u0432\u0441\u0435\u0433\u0434\u0430 \u0434\u043e\u043b\u0436\u043d\u044b \u043f\u043e\u0434\u0432\u0435\u0440\u0433\u0430\u0442\u044c\u0441\u044f <strong>\u0431\u0430\u0437\u0430<\/strong> \u0434\u043e\u0431\u0430\u0432\u043b\u044f\u0442\u044c\u0441\u044f.<\/p>","protected":false},"excerpt":{"rendered":"<p>\u041b\u044e\u0431\u0438\u0442\u0435\u043b\u0438 \u044f\u0433\u043e\u0434 \u0431\u0443\u0434\u0443\u0442 \u0432 \u0432\u043e\u0441\u0442\u043e\u0440\u0433\u0435 \u043e\u0442 \u044d\u0442\u043e\u0433\u043e <strong>\u0430\u0440\u043e\u043c\u0430\u0442<\/strong> \u043f\u043e\u043b\u043d\u043e\u0441\u0442\u044c\u044e \u043e\u043f\u0440\u0430\u0432\u0434\u044b\u0432\u0430\u044e\u0442 \u0441\u0435\u0431\u044f. \u0414\u043b\u044f \u043d\u0435\u0432\u0435\u0440\u043e\u044f\u0442\u043d\u043e \u0444\u0440\u0443\u043a\u0442\u043e\u0432\u043e\u0433\u043e \u0438 \u0441\u0432\u0435\u0436\u0435\u0433\u043e \u0432\u043a\u0443\u0441\u0430 \u0432 \u0430\u0440\u043e\u043c\u0430\u0442\u0435 Berry B\u00e4m \u0431\u044b\u043b\u0438 \u0438\u0441\u043f\u043e\u043b\u044c\u0437\u043e\u0432\u0430\u043d\u044b \u044f\u0433\u043e\u0434\u044b \u0438 <strong>\u043c\u0435\u043d\u0442\u043e\u043b<\/strong> \u0441\u043c\u0435\u0448\u0430\u043d\u043d\u044b\u0439.<\/p>","protected":false},"featured_media":319771,"comment_status":"open","ping_status":"closed","template":"","meta":{"_acf_changed":false,"_relevanssi_hide_post":"","_relevanssi_hide_content":"","_relevanssi_pin_for_all":"","_relevanssi_pin_keywords":"","_relevanssi_unpin_keywords":"","_relevanssi_related_keywords":"","_relevanssi_related_include_ids":"","_relevanssi_related_exclude_ids":"","_relevanssi_related_no_append":"","_relevanssi_related_not_related":"","_relevanssi_related_posts":"","_relevanssi_noindex_reason":""},"product_brand":[],"product_cat":[4733,4882,4701,4705,4881],"product_tag":[6716,1399,6847,7163,6826,6730,4942,6712,5805,5792],"class_list":{"0":"post-302600","1":"product","2":"type-product","3":"status-publish","4":"has-post-thumbnail","6":"product_cat-alle-aromen","7":"product_cat-aromen-ohne-sucralose","8":"product_cat-aromen","9":"product_cat-frucht-aromen-liquid-e-zigarette","10":"product_cat-my-eliquid-aromen","11":"product_tag-alle","12":"product_tag-aroma","13":"product_tag-aromen","14":"product_tag-baem","15":"product_tag-berry","16":"product_tag-eliquids","17":"product_tag-frucht","18":"product_tag-fuer","19":"product_tag-liquid","20":"product_tag-liquids","21":"product_shipping_class-standard","23":"first","24":"instock","25":"taxable","26":"shipping-taxable","27":"purchasable","28":"product-type-variable"},"acf":[],"_links":{"self":[{"href":"https:\/\/my-eliquid.de\/ru\/wp-json\/wp\/v2\/product\/302600","targetHints":{"allow":["GET"]}}],"collection":[{"href":"https:\/\/my-eliquid.de\/ru\/wp-json\/wp\/v2\/product"}],"about":[{"href":"https:\/\/my-eliquid.de\/ru\/wp-json\/wp\/v2\/types\/product"}],"replies":[{"embeddable":true,"href":"https:\/\/my-eliquid.de\/ru\/wp-json\/wp\/v2\/comments?post=302600"}],"wp:featuredmedia":[{"embeddable":true,"href":"https:\/\/my-eliquid.de\/ru\/wp-json\/wp\/v2\/media\/319771"}],"wp:attachment":[{"href":"https:\/\/my-eliquid.de\/ru\/wp-json\/wp\/v2\/media?parent=302600"}],"wp:term":[{"taxonomy":"product_brand","embeddable":true,"href":"https:\/\/my-eliquid.de\/ru\/wp-json\/wp\/v2\/product_brand?post=302600"},{"taxonomy":"product_cat","embeddable":true,"href":"https:\/\/my-eliquid.de\/ru\/wp-json\/wp\/v2\/product_cat?post=302600"},{"taxonomy":"product_tag","embeddable":true,"href":"https:\/\/my-eliquid.de\/ru\/wp-json\/wp\/v2\/product_tag?post=302600"}],"curies":[{"name":"wp","href":"https:\/\/api.w.org\/{rel}","templated":true}]}}