{"id":303172,"date":"2012-08-07T00:00:00","date_gmt":"2012-08-06T22:00:00","guid":{"rendered":"https:\/\/my-eliquid.de\/shop\/rahmbonbon\/"},"modified":"2025-11-25T13:52:15","modified_gmt":"2025-11-25T12:52:15","slug":"rahmbonbon","status":"publish","type":"product","link":"https:\/\/my-eliquid.de\/ru\/shop\/rahmbonbon\/","title":{"rendered":"\u0416\u0438\u0434\u043a\u0438\u0435 \u043a\u0440\u0435\u043c\u043e\u0432\u044b\u0435 \u043a\u043e\u043d\u0444\u0435\u0442\u044b"},"content":{"rendered":"<p>\u041d\u0430\u0448 <strong>\u0416\u0438\u0434\u043a\u0438\u0435 \u043a\u0440\u0435\u043c\u043e\u0432\u044b\u0435 \u043a\u043e\u043d\u0444\u0435\u0442\u044b<\/strong> punktet mit seinem cremig-s\u00fc\u00dfen <strong>Rahmbonbon-Geschmack<\/strong> \u0438 \u043f\u0440\u043e\u0438\u0441\u0445\u043e\u0434\u0438\u0442 \u0438\u0437 \u043b\u0438\u043d\u0438\u0438 <strong>\u0421\u043b\u0430\u0434\u043a\u0438\u0435 \u0436\u0438\u0434\u043a\u043e\u0441\u0442\u0438<\/strong>. Cremig! Mild! S\u00fc\u00df! Eine Aromenvielfalt, wie man sie von einem Rahmbonbon nicht anders erwartet! All unsere Fl\u00fcssigkeiten werden bei uns vor Ort produziert und entsprechen h\u00f6chsten Sicherheitsstandards. Das <strong>\u0416\u0438\u0434\u043a\u0438\u0435 \u043a\u0440\u0435\u043c\u043e\u0432\u044b\u0435 \u043a\u043e\u043d\u0444\u0435\u0442\u044b<\/strong> \u043d\u0435 \u0441\u043e\u0434\u0435\u0440\u0436\u0438\u0442 \u043d\u0438\u043a\u043e\u0442\u0438\u043d\u0430 \u0438 \u0432\u044b\u043f\u0443\u0441\u043a\u0430\u0435\u0442\u0441\u044f \u0432 \u0440\u0430\u0437\u043b\u0438\u0447\u043d\u044b\u0445 <strong>\u0421\u0438\u043b\u044b \u043d\u0438\u043a\u043e\u0442\u0438\u043d\u0430<\/strong> \u0432 \u043d\u0430\u043b\u0438\u0447\u0438\u0438. \u0414\u043b\u044f \u0434\u043b\u0438\u0442\u0435\u043b\u044c\u043d\u043e\u0433\u043e \u0440\u0430\u0437\u0432\u0438\u0442\u0438\u044f \u0430\u0440\u043e\u043c\u0430\u0442\u0430 \u043c\u044b \u0440\u0435\u043a\u043e\u043c\u0435\u043d\u0434\u0443\u0435\u043c \u0438\u0441\u043f\u043e\u043b\u044c\u0437\u043e\u0432\u0430\u0442\u044c <strong>\u044d\u043b\u0435\u043a\u0442\u0440\u043e\u043d\u043d\u0430\u044f \u0436\u0438\u0434\u043a\u043e\u0441\u0442\u044c<\/strong> \u0425\u0440\u0430\u043d\u0438\u0442\u044c \u0432 \u0441\u0443\u0445\u043e\u043c \u043c\u0435\u0441\u0442\u0435 \u0432\u0434\u0430\u043b\u0438 \u043e\u0442 \u0441\u0432\u0435\u0442\u0430.<\/p>","protected":false},"excerpt":{"rendered":"<p>Es ist cremig, es ist s\u00fc\u00df und vor allem schmeckt es unglaublich gut: das <strong>Rahmbonbon<\/strong>! \u041d\u0430\u0448 <strong>\u0416\u0438\u0434\u043a\u0438\u0435 \u043a\u0440\u0435\u043c\u043e\u0432\u044b\u0435 \u043a\u043e\u043d\u0444\u0435\u0442\u044b<\/strong> bereitet Ihnen garantiert den leckeren Bonbon-Spa\u00df!<\/p>","protected":false},"featured_media":319473,"comment_status":"open","ping_status":"closed","template":"","meta":{"_acf_changed":false,"_relevanssi_hide_post":"","_relevanssi_hide_content":"","_relevanssi_pin_for_all":"","_relevanssi_pin_keywords":"","_relevanssi_unpin_keywords":"","_relevanssi_related_keywords":"","_relevanssi_related_include_ids":"","_relevanssi_related_exclude_ids":"","_relevanssi_related_no_append":"","_relevanssi_related_not_related":"","_relevanssi_related_posts":"","_relevanssi_noindex_reason":""},"product_brand":[],"product_cat":[4731,4689,4880,4842,4706],"product_tag":[4919,4915,5166,4917,7083,6818,4914,4918,5011,5004,5138,7081,7080,4920,7082,6819],"class_list":{"0":"post-303172","1":"product","2":"type-product","3":"status-publish","4":"has-post-thumbnail","6":"product_cat-alle-liquids-fur-e-zigaretten","7":"product_cat-eliquids","8":"product_cat-liquids-ohne-sucralose","9":"product_cat-my-eliquid-liquids","10":"product_cat-suesse-liquids-e-zigarette","11":"product_tag-dampfer","12":"product_tag-e-liquid","13":"product_tag-e-zigarette","14":"product_tag-e-zigi","15":"product_tag-echte","16":"product_tag-elektrische","17":"product_tag-eliquid","18":"product_tag-ezigarette","19":"product_tag-karamell","20":"product_tag-nachfuellfluessigkeit","21":"product_tag-rahmbonbon","22":"product_tag-riesen","23":"product_tag-storck","24":"product_tag-verdampfer","25":"product_tag-werthers","26":"product_tag-zigarette","27":"product_shipping_class-standard","29":"first","30":"outofstock","31":"taxable","32":"shipping-taxable","33":"purchasable","34":"product-type-variable"},"acf":[],"_links":{"self":[{"href":"https:\/\/my-eliquid.de\/ru\/wp-json\/wp\/v2\/product\/303172","targetHints":{"allow":["GET"]}}],"collection":[{"href":"https:\/\/my-eliquid.de\/ru\/wp-json\/wp\/v2\/product"}],"about":[{"href":"https:\/\/my-eliquid.de\/ru\/wp-json\/wp\/v2\/types\/product"}],"replies":[{"embeddable":true,"href":"https:\/\/my-eliquid.de\/ru\/wp-json\/wp\/v2\/comments?post=303172"}],"wp:featuredmedia":[{"embeddable":true,"href":"https:\/\/my-eliquid.de\/ru\/wp-json\/wp\/v2\/media\/319473"}],"wp:attachment":[{"href":"https:\/\/my-eliquid.de\/ru\/wp-json\/wp\/v2\/media?parent=303172"}],"wp:term":[{"taxonomy":"product_brand","embeddable":true,"href":"https:\/\/my-eliquid.de\/ru\/wp-json\/wp\/v2\/product_brand?post=303172"},{"taxonomy":"product_cat","embeddable":true,"href":"https:\/\/my-eliquid.de\/ru\/wp-json\/wp\/v2\/product_cat?post=303172"},{"taxonomy":"product_tag","embeddable":true,"href":"https:\/\/my-eliquid.de\/ru\/wp-json\/wp\/v2\/product_tag?post=303172"}],"curies":[{"name":"wp","href":"https:\/\/api.w.org\/{rel}","templated":true}]}}