{"id":303182,"date":"2013-12-31T00:00:00","date_gmt":"2013-12-30T23:00:00","guid":{"rendered":"https:\/\/my-eliquid.de\/shop\/my-tide-liquid\/"},"modified":"2026-03-16T15:48:06","modified_gmt":"2026-03-16T14:48:06","slug":"my-tide-liquid","status":"publish","type":"product","link":"https:\/\/my-eliquid.de\/ru\/shop\/my-tide-liquid\/","title":{"rendered":"my-tide Liquid"},"content":{"rendered":"<p>\u041d\u0430\u0448 <strong>\u0416\u0438\u0434\u043a\u043e\u0441\u0442\u044c My-Tide<\/strong> kombiniert die fruchtige Frische von <strong>\u0412\u043a\u0443\u0441 \u0436\u0435\u0432\u0430\u0442\u0435\u043b\u044c\u043d\u043e\u0439 \u0440\u0435\u0437\u0438\u043d\u043a\u0438<\/strong> mit der eisigen K\u00fchle von Menthol und erinnert an den <strong>\u0440\u043e\u0437\u043e\u0432\u0430\u044f \u0436\u0435\u0432\u0430\u0442\u0435\u043b\u044c\u043d\u0430\u044f \u0440\u0435\u0437\u0438\u043d\u043a\u0430<\/strong>. Es stammt aus der Linie der <strong>\u041c\u0435\u043d\u0442\u043e\u043b\u043e\u0432\u044b\u0435 \u0436\u0438\u0434\u043a\u043e\u0441\u0442\u0438<\/strong>. S\u00fc\u00dfes Fruchtvergn\u00fcgen, das garantiert erfrischt \u2013 dank Kaugummi und Menthol! All unsere Fl\u00fcssigkeiten werden bei uns vor Ort produziert und entsprechen h\u00f6chsten Sicherheitsstandards. Das <strong>\u0416\u0438\u0434\u043a\u043e\u0441\u0442\u044c My-Tide<\/strong> \u043d\u0435 \u0441\u043e\u0434\u0435\u0440\u0436\u0438\u0442 \u043d\u0438\u043a\u043e\u0442\u0438\u043d\u0430 \u0438 \u0432\u044b\u043f\u0443\u0441\u043a\u0430\u0435\u0442\u0441\u044f \u0432 \u0440\u0430\u0437\u043b\u0438\u0447\u043d\u044b\u0445 <strong>\u0421\u0438\u043b\u044b \u043d\u0438\u043a\u043e\u0442\u0438\u043d\u0430<\/strong> \u0432 \u043d\u0430\u043b\u0438\u0447\u0438\u0438. \u0414\u043b\u044f \u0434\u043b\u0438\u0442\u0435\u043b\u044c\u043d\u043e\u0433\u043e \u0440\u0430\u0437\u0432\u0438\u0442\u0438\u044f \u0430\u0440\u043e\u043c\u0430\u0442\u0430 \u043c\u044b \u0440\u0435\u043a\u043e\u043c\u0435\u043d\u0434\u0443\u0435\u043c \u0438\u0441\u043f\u043e\u043b\u044c\u0437\u043e\u0432\u0430\u0442\u044c <strong>\u044d\u043b\u0435\u043a\u0442\u0440\u043e\u043d\u043d\u0430\u044f \u0436\u0438\u0434\u043a\u043e\u0441\u0442\u044c<\/strong> \u0425\u0440\u0430\u043d\u0438\u0442\u044c \u0432 \u0441\u0443\u0445\u043e\u043c \u043c\u0435\u0441\u0442\u0435 \u0432\u0434\u0430\u043b\u0438 \u043e\u0442 \u0441\u0432\u0435\u0442\u0430.<\/p>","protected":false},"excerpt":{"rendered":"<p>\u041d\u0430\u0441\u0442\u043e\u044f\u0449\u0438\u0439 \u0444\u0435\u0439\u0435\u0440\u0432\u0435\u0440\u043a \u0432\u043a\u0443\u0441\u043e\u0432 - \u044d\u0442\u043e \u0442\u043e, \u0447\u0442\u043e \u043c\u044b <strong>\u0416\u0438\u0434\u043a\u043e\u0441\u0442\u044c My-Tide<\/strong>: \u0424\u0440\u0443\u043a\u0442\u043e\u0432\u044b\u0439, \u0431\u0435\u0437 \u043f\u0440\u0438\u043c\u0435\u0441\u0435\u0439 <strong>\u0412\u043a\u0443\u0441 \u0436\u0435\u0432\u0430\u0442\u0435\u043b\u044c\u043d\u043e\u0439 \u0440\u0435\u0437\u0438\u043d\u043a\u0438<\/strong> \u0441 \u043f\u0440\u043e\u0445\u043b\u0430\u0434\u043d\u044b\u043c \u043e\u0442\u0442\u0435\u043d\u043a\u043e\u043c \u043c\u0435\u043d\u0442\u043e\u043b\u0430.<\/p>","protected":false},"featured_media":319522,"comment_status":"open","ping_status":"closed","template":"","meta":{"_acf_changed":false,"_relevanssi_hide_post":"","_relevanssi_hide_content":"","_relevanssi_pin_for_all":"","_relevanssi_pin_keywords":"","_relevanssi_unpin_keywords":"","_relevanssi_related_keywords":"","_relevanssi_related_include_ids":"","_relevanssi_related_exclude_ids":"","_relevanssi_related_no_append":"","_relevanssi_related_not_related":"","_relevanssi_related_posts":"","_relevanssi_noindex_reason":""},"product_brand":[],"product_cat":[4731,4690,4689,4880,4694,4842,4693],"product_tag":[4915,5166,4914,4942,6712,6858,4956,6836,5226],"class_list":{"0":"post-303182","1":"product","2":"type-product","3":"status-publish","4":"has-post-thumbnail","6":"product_cat-alle-liquids-fur-e-zigaretten","7":"product_cat-frucht-liquids-e-zigarette","8":"product_cat-eliquids","9":"product_cat-liquids-ohne-sucralose","10":"product_cat-menthol-liquids-e-zigarette","11":"product_cat-my-eliquid-liquids","12":"product_cat-special-liquids-e-zigarette","13":"product_tag-e-liquid","14":"product_tag-e-zigarette","15":"product_tag-eliquid","16":"product_tag-frucht","17":"product_tag-fuer","18":"product_tag-ihre","19":"product_tag-menthol","20":"product_tag-my-tide","21":"product_tag-special","22":"product_shipping_class-standard","24":"first","25":"instock","26":"taxable","27":"shipping-taxable","28":"purchasable","29":"product-type-variable"},"acf":[],"_links":{"self":[{"href":"https:\/\/my-eliquid.de\/ru\/wp-json\/wp\/v2\/product\/303182","targetHints":{"allow":["GET"]}}],"collection":[{"href":"https:\/\/my-eliquid.de\/ru\/wp-json\/wp\/v2\/product"}],"about":[{"href":"https:\/\/my-eliquid.de\/ru\/wp-json\/wp\/v2\/types\/product"}],"replies":[{"embeddable":true,"href":"https:\/\/my-eliquid.de\/ru\/wp-json\/wp\/v2\/comments?post=303182"}],"wp:featuredmedia":[{"embeddable":true,"href":"https:\/\/my-eliquid.de\/ru\/wp-json\/wp\/v2\/media\/319522"}],"wp:attachment":[{"href":"https:\/\/my-eliquid.de\/ru\/wp-json\/wp\/v2\/media?parent=303182"}],"wp:term":[{"taxonomy":"product_brand","embeddable":true,"href":"https:\/\/my-eliquid.de\/ru\/wp-json\/wp\/v2\/product_brand?post=303182"},{"taxonomy":"product_cat","embeddable":true,"href":"https:\/\/my-eliquid.de\/ru\/wp-json\/wp\/v2\/product_cat?post=303182"},{"taxonomy":"product_tag","embeddable":true,"href":"https:\/\/my-eliquid.de\/ru\/wp-json\/wp\/v2\/product_tag?post=303182"}],"curies":[{"name":"wp","href":"https:\/\/api.w.org\/{rel}","templated":true}]}}