{"id":303234,"date":"2017-09-05T00:00:00","date_gmt":"2017-09-04T22:00:00","guid":{"rendered":"https:\/\/my-eliquid.de\/shop\/my-calipter-liquid\/"},"modified":"2025-11-25T13:51:46","modified_gmt":"2025-11-25T12:51:46","slug":"my-calipter-liquid","status":"publish","type":"product","link":"https:\/\/my-eliquid.de\/ru\/shop\/my-calipter-liquid\/","title":{"rendered":"\u041c\u043e\u044f \u043a\u0430\u043b\u0438\u0431\u0440\u043e\u0432\u043e\u0447\u043d\u0430\u044f \u0436\u0438\u0434\u043a\u043e\u0441\u0442\u044c"},"content":{"rendered":"<p>\u041d\u0430\u0448 <strong>\u041c\u043e\u044f \u043a\u0430\u043b\u0438\u0431\u0440\u043e\u0432\u043e\u0447\u043d\u0430\u044f \u0436\u0438\u0434\u043a\u043e\u0441\u0442\u044c<\/strong> mit seinem nussigen Vanillegeschmack stammt aus der Linie der <strong>\u0441\u043b\u0430\u0434\u043a\u0438\u0435 \u0436\u0438\u0434\u043a\u043e\u0441\u0442\u0438<\/strong>. Das Zusammenspiel von Karamell mit N\u00fcssen und Vanille sorgt f\u00fcr ein besonders k\u00f6stlich-s\u00fc\u00dfes <strong>\u043f\u0430\u0440\u0435\u043d\u0438\u0435<\/strong>. \u0412\u0441\u0435 \u043d\u0430\u0448\u0438 \u0436\u0438\u0434\u043a\u043e\u0441\u0442\u0438 \u043f\u0440\u043e\u0438\u0437\u0432\u043e\u0434\u044f\u0442\u0441\u044f \u043d\u0430 \u043c\u0435\u0441\u0442\u0435 \u0438 \u043e\u0442\u0432\u0435\u0447\u0430\u044e\u0442 \u0441\u0430\u043c\u044b\u043c \u0432\u044b\u0441\u043e\u043a\u0438\u043c \u0441\u0442\u0430\u043d\u0434\u0430\u0440\u0442\u0430\u043c \u0431\u0435\u0437\u043e\u043f\u0430\u0441\u043d\u043e\u0441\u0442\u0438. \u0421\u0430\u0439\u0442 <strong>\u041c\u043e\u044f \u043a\u0430\u043b\u0438\u0431\u0440\u043e\u0432\u043e\u0447\u043d\u0430\u044f \u0436\u0438\u0434\u043a\u043e\u0441\u0442\u044c<\/strong> \u043d\u0435 \u0441\u043e\u0434\u0435\u0440\u0436\u0438\u0442 \u043d\u0438\u043a\u043e\u0442\u0438\u043d\u0430 \u0438 \u0432\u044b\u043f\u0443\u0441\u043a\u0430\u0435\u0442\u0441\u044f \u0432 \u0440\u0430\u0437\u043b\u0438\u0447\u043d\u044b\u0445 \u0432\u0430\u0440\u0438\u0430\u043d\u0442\u0430\u0445 \u043a\u0440\u0435\u043f\u043e\u0441\u0442\u0438 \u043d\u0438\u043a\u043e\u0442\u0438\u043d\u0430. \u0414\u043b\u044f \u0434\u043b\u0438\u0442\u0435\u043b\u044c\u043d\u043e\u0433\u043e \u0440\u0430\u0437\u0432\u0438\u0442\u0438\u044f \u0432\u043a\u0443\u0441\u0430 \u043c\u044b \u0440\u0435\u043a\u043e\u043c\u0435\u043d\u0434\u0443\u0435\u043c \u0438\u0441\u043f\u043e\u043b\u044c\u0437\u043e\u0432\u0430\u0442\u044c <strong>\u044d\u043b\u0435\u043a\u0442\u0440\u043e\u043d\u043d\u0430\u044f \u0436\u0438\u0434\u043a\u043e\u0441\u0442\u044c<\/strong> \u0425\u0440\u0430\u043d\u0438\u0442\u044c \u0432 \u0441\u0443\u0445\u043e\u043c \u043c\u0435\u0441\u0442\u0435 \u0432\u0434\u0430\u043b\u0438 \u043e\u0442 \u0441\u0432\u0435\u0442\u0430.<\/p>","protected":false},"excerpt":{"rendered":"<p>\u0412 \u044d\u0442\u043e\u043c <strong>\u0441\u043b\u0430\u0434\u043a\u0430\u044f \u0436\u0438\u0434\u043a\u043e\u0441\u0442\u044c<\/strong> \u0441\u043e\u0434\u0435\u0440\u0436\u0438\u0442 \u0432\u0441\u0435, \u0447\u0442\u043e \u043d\u0440\u0430\u0432\u0438\u0442\u0441\u044f \u0441\u043b\u0430\u0434\u043a\u043e\u0435\u0436\u043a\u0430\u043c: \u041e\u0440\u0435\u0445\u043e\u0432\u044b\u0439 <strong>\u0410\u0440\u043e\u043c\u0430\u0442 \u0432\u0430\u043d\u0438\u043b\u0438<\/strong> \u0441 \u043d\u0435\u0436\u043d\u043e \u0442\u0430\u044e\u0449\u0435\u0439 \u043a\u0430\u0440\u0430\u043c\u0435\u043b\u044c\u043d\u043e\u0439 \u043d\u043e\u0442\u043e\u0439 \u043f\u0440\u0438\u0433\u043b\u0430\u0448\u0430\u0435\u0442 \u0432\u0430\u0441 \u043f\u043e\u043c\u0435\u0447\u0442\u0430\u0442\u044c.<\/p>","protected":false},"featured_media":319810,"comment_status":"open","ping_status":"closed","template":"","meta":{"_acf_changed":false,"_relevanssi_hide_post":"","_relevanssi_hide_content":"","_relevanssi_pin_for_all":"","_relevanssi_pin_keywords":"","_relevanssi_unpin_keywords":"","_relevanssi_related_keywords":"","_relevanssi_related_include_ids":"","_relevanssi_related_exclude_ids":"","_relevanssi_related_no_append":"","_relevanssi_related_not_related":"","_relevanssi_related_posts":"","_relevanssi_noindex_reason":""},"product_brand":[],"product_cat":[4731,4689,4880,4842,4693],"product_tag":[6849,5805,6848],"class_list":{"0":"post-303234","1":"product","2":"type-product","3":"status-publish","4":"has-post-thumbnail","6":"product_cat-alle-liquids-fur-e-zigaretten","7":"product_cat-eliquids","8":"product_cat-liquids-ohne-sucralose","9":"product_cat-my-eliquid-liquids","10":"product_cat-special-liquids-e-zigarette","11":"product_tag-calipter","12":"product_tag-liquid","13":"product_tag-my","14":"product_shipping_class-standard","16":"first","17":"outofstock","18":"taxable","19":"shipping-taxable","20":"purchasable","21":"product-type-variable"},"acf":[],"_links":{"self":[{"href":"https:\/\/my-eliquid.de\/ru\/wp-json\/wp\/v2\/product\/303234","targetHints":{"allow":["GET"]}}],"collection":[{"href":"https:\/\/my-eliquid.de\/ru\/wp-json\/wp\/v2\/product"}],"about":[{"href":"https:\/\/my-eliquid.de\/ru\/wp-json\/wp\/v2\/types\/product"}],"replies":[{"embeddable":true,"href":"https:\/\/my-eliquid.de\/ru\/wp-json\/wp\/v2\/comments?post=303234"}],"wp:featuredmedia":[{"embeddable":true,"href":"https:\/\/my-eliquid.de\/ru\/wp-json\/wp\/v2\/media\/319810"}],"wp:attachment":[{"href":"https:\/\/my-eliquid.de\/ru\/wp-json\/wp\/v2\/media?parent=303234"}],"wp:term":[{"taxonomy":"product_brand","embeddable":true,"href":"https:\/\/my-eliquid.de\/ru\/wp-json\/wp\/v2\/product_brand?post=303234"},{"taxonomy":"product_cat","embeddable":true,"href":"https:\/\/my-eliquid.de\/ru\/wp-json\/wp\/v2\/product_cat?post=303234"},{"taxonomy":"product_tag","embeddable":true,"href":"https:\/\/my-eliquid.de\/ru\/wp-json\/wp\/v2\/product_tag?post=303234"}],"curies":[{"name":"wp","href":"https:\/\/api.w.org\/{rel}","templated":true}]}}