{"id":303292,"date":"2012-10-22T00:00:00","date_gmt":"2012-10-21T22:00:00","guid":{"rendered":"https:\/\/my-eliquid.de\/shop\/winterpunsch-liquid\/"},"modified":"2025-11-25T13:54:43","modified_gmt":"2025-11-25T12:54:43","slug":"winterpunsch-liquid","status":"publish","type":"product","link":"https:\/\/my-eliquid.de\/ru\/shop\/winterpunsch-liquid\/","title":{"rendered":"\u0416\u0438\u0434\u043a\u043e\u0441\u0442\u044c \u0434\u043b\u044f \u0437\u0438\u043c\u043d\u0435\u0433\u043e \u043f\u0443\u043d\u0448\u0430"},"content":{"rendered":"<p>\u041d\u0430\u0448 <strong>\u0416\u0438\u0434\u043a\u043e\u0441\u0442\u044c \u0434\u043b\u044f \u0437\u0438\u043c\u043d\u0435\u0433\u043e \u043f\u0443\u043d\u0448\u0430<\/strong> besticht dank seines w\u00e4rmenden Geschmacks von k\u00f6stlichem, ayurvedischem Kr\u00e4utertee und stammt aus der Linie der <strong>\u0421\u043f\u0435\u0446\u0438\u0430\u043b\u044c\u043d\u044b\u0435 \u0436\u0438\u0434\u043a\u043e\u0441\u0442\u0438<\/strong>. Winterliches Punschvergn\u00fcgen zu jeder <strong>Jahreszeit<\/strong>! All unsere <strong>\u0416\u0438\u0434\u043a\u043e\u0441\u0442\u0438<\/strong> \u043f\u0440\u043e\u0438\u0437\u0432\u043e\u0434\u044f\u0442\u0441\u044f \u043d\u0430 \u043c\u0435\u0441\u0442\u0435 \u0438 \u043e\u0442\u0432\u0435\u0447\u0430\u044e\u0442 \u0441\u0430\u043c\u044b\u043c \u0432\u044b\u0441\u043e\u043a\u0438\u043c \u0441\u0442\u0430\u043d\u0434\u0430\u0440\u0442\u0430\u043c \u0431\u0435\u0437\u043e\u043f\u0430\u0441\u043d\u043e\u0441\u0442\u0438. \u0421\u0430\u0439\u0442 <strong>\u0416\u0438\u0434\u043a\u043e\u0441\u0442\u044c \u0434\u043b\u044f \u0437\u0438\u043c\u043d\u0435\u0433\u043e \u043f\u0443\u043d\u0448\u0430<\/strong> \u044d\u0442\u043e <strong>\u0431\u0435\u0437 \u043d\u0438\u043a\u043e\u0442\u0438\u043d\u0430<\/strong> \u0438 \u0432 \u0440\u0430\u0437\u043d\u044b\u0445 <strong>\u0421\u0438\u043b\u044b \u043d\u0438\u043a\u043e\u0442\u0438\u043d\u0430<\/strong> \u0432 \u043d\u0430\u043b\u0438\u0447\u0438\u0438. \u0414\u043b\u044f \u0434\u043b\u0438\u0442\u0435\u043b\u044c\u043d\u043e\u0433\u043e \u0440\u0430\u0437\u0432\u0438\u0442\u0438\u044f \u0430\u0440\u043e\u043c\u0430\u0442\u0430 \u043c\u044b \u0440\u0435\u043a\u043e\u043c\u0435\u043d\u0434\u0443\u0435\u043c \u0438\u0441\u043f\u043e\u043b\u044c\u0437\u043e\u0432\u0430\u0442\u044c <strong>\u044d\u043b\u0435\u043a\u0442\u0440\u043e\u043d\u043d\u0430\u044f \u0436\u0438\u0434\u043a\u043e\u0441\u0442\u044c<\/strong> \u0425\u0440\u0430\u043d\u0438\u0442\u044c \u0432 \u0441\u0443\u0445\u043e\u043c \u043c\u0435\u0441\u0442\u0435 \u0432\u0434\u0430\u043b\u0438 \u043e\u0442 \u0441\u0432\u0435\u0442\u0430.<\/p>","protected":false},"excerpt":{"rendered":"<p>\u0427\u0442\u043e \u0437\u0430 \u0437\u0438\u043c\u0430 \u0431\u0435\u0437 \u0432\u043a\u0443\u0441\u0430 \u0433\u043e\u0440\u044f\u0447\u0435\u0433\u043e \u043f\u0443\u043d\u0448\u0430? \u041d\u0430\u0448 <strong>\u0416\u0438\u0434\u043a\u043e\u0441\u0442\u044c \u0434\u043b\u044f \u0437\u0438\u043c\u043d\u0435\u0433\u043e \u043f\u0443\u043d\u0448\u0430<\/strong> \u043f\u043e\u0434\u0430\u0440\u0438\u0442 \u0432\u0430\u043c \u0437\u0438\u043c\u043d\u0438\u0439 \u0430\u0440\u043e\u043c\u0430\u0442 \u0432\u043a\u0443\u0441\u043d\u044b\u0445 \u0431\u043b\u044e\u0434, <strong>\u0430\u044e\u0440\u0432\u0435\u0434\u0438\u0447\u0435\u0441\u043a\u0438\u0439 \u0442\u0440\u0430\u0432\u044f\u043d\u043e\u0439 \u0447\u0430\u0439<\/strong>!<\/p>","protected":false},"featured_media":319219,"comment_status":"open","ping_status":"closed","template":"","meta":{"_acf_changed":false,"_relevanssi_hide_post":"","_relevanssi_hide_content":"","_relevanssi_pin_for_all":"","_relevanssi_pin_keywords":"","_relevanssi_unpin_keywords":"","_relevanssi_related_keywords":"","_relevanssi_related_include_ids":"","_relevanssi_related_exclude_ids":"","_relevanssi_related_no_append":"","_relevanssi_related_not_related":"","_relevanssi_related_posts":"","_relevanssi_noindex_reason":""},"product_brand":[],"product_cat":[4731,4689,4880,4842,4693],"product_tag":[4919,4915,5166,4917,6818,4914,4918,5004,4920,5155,6819],"class_list":{"0":"post-303292","1":"product","2":"type-product","3":"status-publish","4":"has-post-thumbnail","6":"product_cat-alle-liquids-fur-e-zigaretten","7":"product_cat-eliquids","8":"product_cat-liquids-ohne-sucralose","9":"product_cat-my-eliquid-liquids","10":"product_cat-special-liquids-e-zigarette","11":"product_tag-dampfer","12":"product_tag-e-liquid","13":"product_tag-e-zigarette","14":"product_tag-e-zigi","15":"product_tag-elektrische","16":"product_tag-eliquid","17":"product_tag-ezigarette","18":"product_tag-nachfuellfluessigkeit","19":"product_tag-verdampfer","20":"product_tag-winterpunsch","21":"product_tag-zigarette","22":"product_shipping_class-standard","24":"first","25":"outofstock","26":"taxable","27":"shipping-taxable","28":"purchasable","29":"product-type-variable"},"acf":[],"_links":{"self":[{"href":"https:\/\/my-eliquid.de\/ru\/wp-json\/wp\/v2\/product\/303292","targetHints":{"allow":["GET"]}}],"collection":[{"href":"https:\/\/my-eliquid.de\/ru\/wp-json\/wp\/v2\/product"}],"about":[{"href":"https:\/\/my-eliquid.de\/ru\/wp-json\/wp\/v2\/types\/product"}],"replies":[{"embeddable":true,"href":"https:\/\/my-eliquid.de\/ru\/wp-json\/wp\/v2\/comments?post=303292"}],"wp:featuredmedia":[{"embeddable":true,"href":"https:\/\/my-eliquid.de\/ru\/wp-json\/wp\/v2\/media\/319219"}],"wp:attachment":[{"href":"https:\/\/my-eliquid.de\/ru\/wp-json\/wp\/v2\/media?parent=303292"}],"wp:term":[{"taxonomy":"product_brand","embeddable":true,"href":"https:\/\/my-eliquid.de\/ru\/wp-json\/wp\/v2\/product_brand?post=303292"},{"taxonomy":"product_cat","embeddable":true,"href":"https:\/\/my-eliquid.de\/ru\/wp-json\/wp\/v2\/product_cat?post=303292"},{"taxonomy":"product_tag","embeddable":true,"href":"https:\/\/my-eliquid.de\/ru\/wp-json\/wp\/v2\/product_tag?post=303292"}],"curies":[{"name":"wp","href":"https:\/\/api.w.org\/{rel}","templated":true}]}}