{"id":303302,"date":"2017-09-05T00:00:00","date_gmt":"2017-09-04T22:00:00","guid":{"rendered":"https:\/\/my-eliquid.de\/shop\/orange-apple-liquid\/"},"modified":"2025-11-25T13:51:59","modified_gmt":"2025-11-25T12:51:59","slug":"orange-apple-liquid","status":"publish","type":"product","link":"https:\/\/my-eliquid.de\/ru\/shop\/orange-apple-liquid\/","title":{"rendered":"\u0410\u043f\u0435\u043b\u044c\u0441\u0438\u043d\u043e\u0432\u043e-\u044f\u0431\u043b\u043e\u0447\u043d\u0430\u044f \u0436\u0438\u0434\u043a\u043e\u0441\u0442\u044c"},"content":{"rendered":"<p>\u041d\u0430\u0448 <strong>\u0410\u043f\u0435\u043b\u044c\u0441\u0438\u043d\u043e\u0432\u043e-\u044f\u0431\u043b\u043e\u0447\u043d\u0430\u044f \u0436\u0438\u0434\u043a\u043e\u0441\u0442\u044c<\/strong> mit seinem erfrischenden <strong>\u0424\u0440\u0443\u043a\u0442\u043e\u0432\u044b\u0439 \u0432\u043a\u0443\u0441<\/strong> \u043f\u0440\u043e\u0438\u0441\u0445\u043e\u0434\u0438\u0442 \u0438\u0437 \u043b\u0438\u043d\u0438\u0438 <strong>\u0424\u0440\u0443\u043a\u0442\u043e\u0432\u044b\u0435 \u0436\u0438\u0434\u043a\u043e\u0441\u0442\u0438<\/strong>. Diese Sorte ist eine weitere erlesene Kombination von zwei Geschm\u00e4ckern, die sich auf harmonische Art erg\u00e4nzen. All unsere Fl\u00fcssigkeiten werden bei uns vor Ort produziert und entsprechen h\u00f6chsten Sicherheitsstandards. Das <strong>\u0410\u043f\u0435\u043b\u044c\u0441\u0438\u043d\u043e\u0432\u043e-\u044f\u0431\u043b\u043e\u0447\u043d\u0430\u044f \u0436\u0438\u0434\u043a\u043e\u0441\u0442\u044c<\/strong> \u043d\u0435 \u0441\u043e\u0434\u0435\u0440\u0436\u0438\u0442 \u043d\u0438\u043a\u043e\u0442\u0438\u043d\u0430 \u0438 \u0432\u044b\u043f\u0443\u0441\u043a\u0430\u0435\u0442\u0441\u044f \u0432 \u0440\u0430\u0437\u043b\u0438\u0447\u043d\u044b\u0445 \u0432\u0430\u0440\u0438\u0430\u043d\u0442\u0430\u0445 \u043a\u0440\u0435\u043f\u043e\u0441\u0442\u0438 \u043d\u0438\u043a\u043e\u0442\u0438\u043d\u0430. \u0414\u043b\u044f \u0434\u043b\u0438\u0442\u0435\u043b\u044c\u043d\u043e\u0433\u043e \u0440\u0430\u0437\u0432\u0438\u0442\u0438\u044f \u0432\u043a\u0443\u0441\u0430 \u043c\u044b \u0440\u0435\u043a\u043e\u043c\u0435\u043d\u0434\u0443\u0435\u043c \u0438\u0441\u043f\u043e\u043b\u044c\u0437\u043e\u0432\u0430\u0442\u044c <strong>\u044d\u043b\u0435\u043a\u0442\u0440\u043e\u043d\u043d\u0430\u044f \u0436\u0438\u0434\u043a\u043e\u0441\u0442\u044c<\/strong> \u0425\u0440\u0430\u043d\u0438\u0442\u044c \u0432 \u0441\u0443\u0445\u043e\u043c \u043c\u0435\u0441\u0442\u0435 \u0432\u0434\u0430\u043b\u0438 \u043e\u0442 \u0441\u0432\u0435\u0442\u0430.<\/p>","protected":false},"excerpt":{"rendered":"<p>\u041a\u043e\u0433\u0434\u0430 \u0441\u043b\u0430\u0434\u043a\u0438\u0435 \u044f\u0431\u043b\u043e\u043a\u0438 \u0438 \u0441\u043e\u0447\u043d\u044b\u0435 \u0430\u043f\u0435\u043b\u044c\u0441\u0438\u043d\u044b \u0441\u043e\u0435\u0434\u0438\u043d\u044f\u044e\u0442\u0441\u044f \u0432\u043c\u0435\u0441\u0442\u0435, \u043f\u043e\u043b\u0443\u0447\u0430\u0435\u0442\u0441\u044f \u0444\u0440\u0443\u043a\u0442\u043e\u0432\u044b\u0439 \u043f\u0440\u043e\u0445\u043b\u0430\u0434\u0438\u0442\u0435\u043b\u044c\u043d\u044b\u0439 \u043d\u0430\u043f\u0438\u0442\u043e\u043a, \u043a\u043e\u0442\u043e\u0440\u044b\u0439 \u044f\u0432\u043b\u044f\u0435\u0442\u0441\u044f \u043b\u044e\u0431\u0438\u043c\u044b\u043c \u0432 \u043d\u0430\u0448\u0435\u043c <strong>\u0410\u043f\u0435\u043b\u044c\u0441\u0438\u043d\u043e\u0432\u043e-\u044f\u0431\u043b\u043e\u0447\u043d\u0430\u044f \u0436\u0438\u0434\u043a\u043e\u0441\u0442\u044c<\/strong> \u0431\u044b\u043b \u0437\u0430\u0445\u0432\u0430\u0447\u0435\u043d.<\/p>","protected":false},"featured_media":319235,"comment_status":"open","ping_status":"closed","template":"","meta":{"_acf_changed":false,"_relevanssi_hide_post":"","_relevanssi_hide_content":"","_relevanssi_pin_for_all":"","_relevanssi_pin_keywords":"","_relevanssi_unpin_keywords":"","_relevanssi_related_keywords":"","_relevanssi_related_include_ids":"","_relevanssi_related_exclude_ids":"","_relevanssi_related_no_append":"","_relevanssi_related_not_related":"","_relevanssi_related_posts":"","_relevanssi_noindex_reason":""},"product_brand":[],"product_cat":[4731,4690,4689,4880,4842],"product_tag":[6716,5858,5411,4942,6712,5805,5792,5028],"class_list":{"0":"post-303302","1":"product","2":"type-product","3":"status-publish","4":"has-post-thumbnail","6":"product_cat-alle-liquids-fur-e-zigaretten","7":"product_cat-frucht-liquids-e-zigarette","8":"product_cat-eliquids","9":"product_cat-liquids-ohne-sucralose","10":"product_cat-my-eliquid-liquids","11":"product_tag-alle","12":"product_tag-apple","13":"product_tag-e-zigaretten","14":"product_tag-frucht","15":"product_tag-fuer","16":"product_tag-liquid","17":"product_tag-liquids","18":"product_tag-orange","19":"product_shipping_class-standard","21":"first","22":"outofstock","23":"taxable","24":"shipping-taxable","25":"purchasable","26":"product-type-variable"},"acf":[],"_links":{"self":[{"href":"https:\/\/my-eliquid.de\/ru\/wp-json\/wp\/v2\/product\/303302","targetHints":{"allow":["GET"]}}],"collection":[{"href":"https:\/\/my-eliquid.de\/ru\/wp-json\/wp\/v2\/product"}],"about":[{"href":"https:\/\/my-eliquid.de\/ru\/wp-json\/wp\/v2\/types\/product"}],"replies":[{"embeddable":true,"href":"https:\/\/my-eliquid.de\/ru\/wp-json\/wp\/v2\/comments?post=303302"}],"wp:featuredmedia":[{"embeddable":true,"href":"https:\/\/my-eliquid.de\/ru\/wp-json\/wp\/v2\/media\/319235"}],"wp:attachment":[{"href":"https:\/\/my-eliquid.de\/ru\/wp-json\/wp\/v2\/media?parent=303302"}],"wp:term":[{"taxonomy":"product_brand","embeddable":true,"href":"https:\/\/my-eliquid.de\/ru\/wp-json\/wp\/v2\/product_brand?post=303302"},{"taxonomy":"product_cat","embeddable":true,"href":"https:\/\/my-eliquid.de\/ru\/wp-json\/wp\/v2\/product_cat?post=303302"},{"taxonomy":"product_tag","embeddable":true,"href":"https:\/\/my-eliquid.de\/ru\/wp-json\/wp\/v2\/product_tag?post=303302"}],"curies":[{"name":"wp","href":"https:\/\/api.w.org\/{rel}","templated":true}]}}