{"id":304974,"date":"2024-03-11T00:00:00","date_gmt":"2024-03-10T23:00:00","guid":{"rendered":"https:\/\/my-eliquid.de\/shop\/uwell-caliburn-ersatzpod-1-4-ohm\/"},"modified":"2025-11-25T13:54:02","modified_gmt":"2025-11-25T12:54:02","slug":"uwell-caliburn-ersatzpod-1-4-ohm","status":"publish","type":"product","link":"https:\/\/my-eliquid.de\/ru\/shop\/uwell-caliburn-ersatzpod-1-4-ohm\/","title":{"rendered":"UWELL | \u0417\u0430\u043f\u0430\u0441\u043d\u044b\u0435 \u043a\u0430\u0440\u0442\u0440\u0438\u0434\u0436\u0438 Caliburn | FeCrAl 1,4 \u041e\u043c"},"content":{"rendered":"<p>UWELL Caliburn Ersatzpods 4er Packung<\/p>\n<p>Die UWELL Caliburn Pods haben einen festverbauten 1,4Ohm Verdampferkopf und verf\u00fcgen \u00fcber ein F\u00fcllvolumen von 2ml und sind wieder bef\u00fcllbar.<\/p>\n<p><strong>\u0422\u0435\u0445\u043d\u0438\u0447\u0435\u0441\u043a\u0438\u0435 \u0434\u0430\u043d\u043d\u044b\u0435:<\/strong><\/p>\n<p><span>\u041e\u0431\u044a\u0435\u043c \u0437\u0430\u043f\u0440\u0430\u0432\u043a\u0438: 2 \u043c\u043b<\/span><br \/>\n<span class=\"modal_lexicon\">\u0441\u043e\u043f\u0440\u043e\u0442\u0438\u0432\u043b\u0435\u043d\u0438\u0435<\/span><span>: 1,4 Ohm<\/span><\/p>","protected":false},"excerpt":{"rendered":"<p>Die UWELL Caliburn Pods haben einen festverbauten 1,4 Ohm Verdampferkopf und verf\u00fcgen \u00fcber ein F\u00fcllvolumen von 2ml und sind wieder bef\u00fcllbar.<\/p>","protected":false},"featured_media":319175,"comment_status":"open","ping_status":"closed","template":"","meta":{"_acf_changed":false,"_relevanssi_hide_post":"","_relevanssi_hide_content":"","_relevanssi_pin_for_all":"","_relevanssi_pin_keywords":"","_relevanssi_unpin_keywords":"","_relevanssi_related_keywords":"","_relevanssi_related_include_ids":"","_relevanssi_related_exclude_ids":"","_relevanssi_related_no_append":"","_relevanssi_related_not_related":"","_relevanssi_related_posts":"","_relevanssi_noindex_reason":""},"product_brand":[],"product_cat":[4713,4781,4889,4778],"product_tag":[6748,5411,7036,6374,5423],"class_list":{"0":"post-304974","1":"product","2":"type-product","3":"status-publish","4":"has-post-thumbnail","6":"product_cat-e-zigaretten","7":"product_cat-e-zigaretten-hersteller","8":"product_cat-uwell","9":"product_cat-verdampferkoepfe","10":"product_tag-caliburn","11":"product_tag-e-zigaretten","12":"product_tag-ersatzpods","13":"product_tag-uwell","14":"product_tag-verdampferkoepfe","15":"product_shipping_class-standard","17":"first","18":"instock","19":"taxable","20":"shipping-taxable","21":"purchasable","22":"product-type-simple"},"acf":[],"_links":{"self":[{"href":"https:\/\/my-eliquid.de\/ru\/wp-json\/wp\/v2\/product\/304974","targetHints":{"allow":["GET"]}}],"collection":[{"href":"https:\/\/my-eliquid.de\/ru\/wp-json\/wp\/v2\/product"}],"about":[{"href":"https:\/\/my-eliquid.de\/ru\/wp-json\/wp\/v2\/types\/product"}],"replies":[{"embeddable":true,"href":"https:\/\/my-eliquid.de\/ru\/wp-json\/wp\/v2\/comments?post=304974"}],"wp:featuredmedia":[{"embeddable":true,"href":"https:\/\/my-eliquid.de\/ru\/wp-json\/wp\/v2\/media\/319175"}],"wp:attachment":[{"href":"https:\/\/my-eliquid.de\/ru\/wp-json\/wp\/v2\/media?parent=304974"}],"wp:term":[{"taxonomy":"product_brand","embeddable":true,"href":"https:\/\/my-eliquid.de\/ru\/wp-json\/wp\/v2\/product_brand?post=304974"},{"taxonomy":"product_cat","embeddable":true,"href":"https:\/\/my-eliquid.de\/ru\/wp-json\/wp\/v2\/product_cat?post=304974"},{"taxonomy":"product_tag","embeddable":true,"href":"https:\/\/my-eliquid.de\/ru\/wp-json\/wp\/v2\/product_tag?post=304974"}],"curies":[{"name":"wp","href":"https:\/\/api.w.org\/{rel}","templated":true}]}}