{"id":304995,"date":"2020-11-11T00:00:00","date_gmt":"2020-11-10T23:00:00","guid":{"rendered":"https:\/\/my-eliquid.de\/shop\/voopoo-pnp-coils-verdampferkopfe\/"},"modified":"2026-03-26T13:54:49","modified_gmt":"2026-03-26T12:54:49","slug":"voopoo-pnp-coils-verdampferkopfe","status":"publish","type":"product","link":"https:\/\/my-eliquid.de\/ru\/shop\/voopoo-pnp-coils-verdampferkopfe\/","title":{"rendered":"VooPoo | PnP Coils | Replacement Pod | MTL | RTA"},"content":{"rendered":"<p><strong>5 x VooPoo PnP Verdampferk\u00f6pfe oder Ersatzpod OHNE COIL<\/strong><\/p>\n<p>\n\u0421\u0430\u0439\u0442 <strong>PnP Verdampferk\u00f6pfe von VooPoo<\/strong> sind f\u00fcr folgende E-Zigaretten Kits und Pods geeignet (bitte beachten Sie die Angabe in der jeweiligen Beschreibung der Variante zur Kompatibilit\u00e4t weiter unten):<\/p>\n<p>Find S Trio Pod Kit und Find S Trio Pod (nur die Varianten mit 0,8 und 1,2 Ohm Widerstand)<br \/>\nVooPoo Vinci X Pod Kit und Vinci X Pods<br \/>\nVooPoo Drag X Pod Kit und die Drag X PnP Pods<br \/>\nVooPoo PnP Pod Tank Verdampfer (auch im Argus GT Kit enthalten)<br \/>\nVooPoo Argus Air Kit und Argus Air Pods<\/p>\n<p><strong>Die PnP Coils<\/strong> sorgen f\u00fcr eine ausgewogene Dampfentwicklung und einen \u00fcberragenden Geschmack. Die Wicklung der Verdampferk\u00f6pfe ist vertikal und als Tr\u00e4germaterial wird reine Bio-Baumwolle verwendet, was f\u00fcr eine tollen Liquid Geschmack und lange Haltbarkeit sorgt. Die Heads sind f\u00fcr Backendampfer, die den Dampf erst in den Mund und dann zur Lunge inhalieren (ML\/MTL= Mouth to Lung) konzipiert.<\/p>\n<p><strong>Die VooPoo PnP Coils<\/strong> sind in unterschiedlichen Varianten erh\u00e4ltlich:<br \/>\nVooPoo <strong>PnP-VM6 Coil 0,15 Ohm<\/strong><\/p>\n<p>Maschencoil:<br \/>\n<strong>PnP-VM6<\/strong> &#8211; eine Wicklung &#8211; ausgelegt f\u00fcr direkte Lungenz\u00fcge (DL)<\/p>\n<p>Die Verdampferk\u00f6pfe sind f\u00fcr eine Leistung zwischen <strong>60W &#8211; 80W optimiert.<\/strong><\/p>\n<p><strong>Passend f\u00fcr: Drag X, Argus GT Kit und PnP Pod Tank Verdampfer<\/strong><br \/>\n<strong>VooPoo PnP-VM5 Coil 0,2 Ohm Maschencoil:<\/strong><\/p>\n<p><strong>PnP-VM5<\/strong> &#8211; eine Wicklung &#8211; ausgelegt f\u00fcr direkte Lungenz\u00fcge (DL)<br \/>\nBei diesen Coils ist eine Wicklung verbaut und bei der Wicklung wird auf ein gebogenes und gelochtes Drahtgewebe aus Kantahldraht gesetzt.<br \/>\nDie Verdampferk\u00f6pfe sind f\u00fcr eine Leistung zwischen 40W &#8211; 60W optimiert.<\/p>\n<p><strong>Passend f\u00fcr: Drag X, Drag S, Argus GT Kit und PnP Pod Tank Verdampfer<\/strong><br \/>\n<strong>VooPoo PnP-VM1 Coil 0,3 Ohm<\/strong><\/p>\n<p>Maschencoil:<br \/>\n<strong>PnP-VM1<\/strong> &#8211; eine Wicklung ausgelegt f\u00fcr direkte Lungenz\u00fcge (DL)<\/p>\n<p>Die Verdampferk\u00f6pfe sind f\u00fcr eine Leistung zwischen <strong>32W &#8211; 40W optimiert.<\/strong><\/p>\n<p>Passend f\u00fcr: <strong>Vinci X, Drag X, PnP Verdampfer sowie Vinci R, Vinci, Drag S und Navi<\/strong><br \/>\n<strong>VooPoo PnP-VM3 Coil 0,45 Ohm<\/strong><\/p>\n<p>Maschencoil:<br \/>\n<strong>PnP-VM3<\/strong> &#8211; eine Wicklung ausgelegt f\u00fcr direkte Lungenz\u00fcge (DL)<\/p>\n<p>Die Verdampferk\u00f6pfe sind f\u00fcr eine Leistung zwischen <strong>25W &#8211; 35W optimiert.<\/strong><\/p>\n<p><strong>Passend f\u00fcr: Vinci X, Drag X, PnP Verdampfer sowie Vinci R, Vinci, Drag S, Vinci Air und Navi<\/strong><\/p>\n<p><strong>VooPoo PnP-VM4<\/strong> <strong>Coil 0,6 Ohm<\/strong> <strong>Maschencoil<\/strong>: <strong>(nur mit dem Vinci X Pod und Kit kompatibel)<\/strong><br \/>\n<strong>PnP-VM4<\/strong>\u00a0ausgelegt f\u00fcr direkte Lungenz\u00fcge (DL)<\/p>\n<p>Die Verdampferk\u00f6pfe sind f\u00fcr eine Leistung zwischen <strong>20W &#8211; 28W optimiert.<\/strong><\/p>\n<p>Wichtig: Bei der Verwendung eines neuen Verdampferkopfs warten Sie bitte 5 Minuten bis zur ersten Verwendung, damit sich die Watte mit Liquid vollsaugen kann.<\/p>","protected":false},"excerpt":{"rendered":"<p>\u041f\u0440\u0430\u0432\u0438\u043b\u044c\u043d\u044b\u0439 <strong>PNP<\/strong> <strong>\u0440\u0443\u043b\u043e\u043d\u044b<\/strong> \u0434\u043b\u044f \u0432\u0441\u0435\u0445 <strong>\u0410\u043f\u043f\u0430\u0440\u0430\u0442\u043d\u044b\u0435 \u0441\u0440\u0435\u0434\u0441\u0442\u0432\u0430 VooPoo!<\/strong><\/p>","protected":false},"featured_media":319944,"comment_status":"open","ping_status":"closed","template":"","meta":{"_acf_changed":false,"_relevanssi_hide_post":"","_relevanssi_hide_content":"","_relevanssi_pin_for_all":"","_relevanssi_pin_keywords":"","_relevanssi_unpin_keywords":"","_relevanssi_related_keywords":"","_relevanssi_related_include_ids":"","_relevanssi_related_exclude_ids":"","_relevanssi_related_no_append":"","_relevanssi_related_not_related":"","_relevanssi_related_posts":"","_relevanssi_noindex_reason":""},"product_brand":[],"product_cat":[4713,4722,4778],"product_tag":[1391,6781,5411,5310,7819,5423,6483],"class_list":{"0":"post-304995","1":"product","2":"type-product","3":"status-publish","4":"has-post-thumbnail","6":"product_cat-e-zigaretten","7":"product_cat-neuheiten","8":"product_cat-verdampferkoepfe","9":"product_tag-bitte","10":"product_tag-coils","11":"product_tag-e-zigaretten","12":"product_tag-neuheiten","13":"product_tag-pnp","14":"product_tag-verdampferkoepfe","15":"product_tag-voopoo","16":"product_shipping_class-standard","18":"first","19":"instock","20":"taxable","21":"shipping-taxable","22":"purchasable","23":"product-type-variable"},"acf":[],"_links":{"self":[{"href":"https:\/\/my-eliquid.de\/ru\/wp-json\/wp\/v2\/product\/304995","targetHints":{"allow":["GET"]}}],"collection":[{"href":"https:\/\/my-eliquid.de\/ru\/wp-json\/wp\/v2\/product"}],"about":[{"href":"https:\/\/my-eliquid.de\/ru\/wp-json\/wp\/v2\/types\/product"}],"replies":[{"embeddable":true,"href":"https:\/\/my-eliquid.de\/ru\/wp-json\/wp\/v2\/comments?post=304995"}],"wp:featuredmedia":[{"embeddable":true,"href":"https:\/\/my-eliquid.de\/ru\/wp-json\/wp\/v2\/media\/319944"}],"wp:attachment":[{"href":"https:\/\/my-eliquid.de\/ru\/wp-json\/wp\/v2\/media?parent=304995"}],"wp:term":[{"taxonomy":"product_brand","embeddable":true,"href":"https:\/\/my-eliquid.de\/ru\/wp-json\/wp\/v2\/product_brand?post=304995"},{"taxonomy":"product_cat","embeddable":true,"href":"https:\/\/my-eliquid.de\/ru\/wp-json\/wp\/v2\/product_cat?post=304995"},{"taxonomy":"product_tag","embeddable":true,"href":"https:\/\/my-eliquid.de\/ru\/wp-json\/wp\/v2\/product_tag?post=304995"}],"curies":[{"name":"wp","href":"https:\/\/api.w.org\/{rel}","templated":true}]}}