{"id":305014,"date":"2023-12-28T00:00:00","date_gmt":"2023-12-27T23:00:00","guid":{"rendered":"https:\/\/my-eliquid.de\/shop\/dotmod-dotsick-revo-1-5-kit\/"},"modified":"2026-01-05T08:28:48","modified_gmt":"2026-01-05T07:28:48","slug":"dotmod-dotsick-revo-1-5-kit","status":"publish","type":"product","link":"https:\/\/my-eliquid.de\/ru\/shop\/dotmod-dotsick-revo-1-5-kit\/","title":{"rendered":"dotMod | dotStick Revo V1.5 | \u041a\u043e\u043c\u043f\u043b\u0435\u043a\u0442 35 \u0412\u0442"},"content":{"rendered":"<p>Dem <strong>dotStick Revo 1.5<\/strong> Kit pr\u00e4sentiert der f\u00fcr extrem gute Qualit\u00e4t bekannte Hersteller, ein sehr edles All-in-One Set im handlichen Tube Format.<\/p>\n<p><strong>Der Akkutr\u00e4ger<\/strong> ist mit einem innovativen\u00a0<span>Supercapacitor<\/span>\u00a0ausgestattet, dieser entspricht in etwa einem <strong>700 mAh<\/strong> Lithium-Ionen Akku. Dieser Supercapacitor geht auch nach 15.000 Ladezyklen nicht in die Knie. Der Akku kann jederzeit bequem \u00fcber USB-C geladen werden. Mit dem passen\u00a0<span>Ladeger\u00e4t<\/span>\u00a0l\u00e4sst sich das Ger\u00e4t in\u00a0<span>5 Minuten wieder Voll<\/span>\u00a0aufladen.<\/p>\n<p><span>Entdecken Sie die Revolution des Dampfens mit dem dotStick Revo V1.5 Kit von dotMod. Das ergonomische Tube-Style Pod Kit \u00fcberzeugt nicht nur durch sein modernes Design in stilvollen Farbvarianten, sondern auch durch innovative Technologie<\/span><\/p>\n<p>Der Verdampfer ist \u00fcber einen Magneten mit dem dotStick verbunden. <strong>Die 2,7 ml Tankvolumen<\/strong> werden bef\u00fcllt indem du den Tank ganz einfach an der Seite \u00f6ffnest.<\/p>\n<div><span style=\"font-family: Arial;\">\u0414\u0430\u043d\u043d\u044b\u0435:<\/span><\/div>\n<ul>\n<li>\n<p><span><span>\u0422\u0435\u0445\u043d\u0438\u0447\u0435\u0441\u043a\u0438\u0435 \u0434\u0430\u043d\u043d\u044b\u0435\u00a0<\/span><\/span><\/p>\n<p><span><span>DotMod Revo V1.5 Pod<\/span><\/span><\/p>\n<ul>\n<li>\u041c\u0430\u0442\u0435\u0440\u0438\u0430\u043b: PCTG<\/li>\n<li>Anschluss: magnetischer Plug&#038;Play Anschluss<\/li>\n<li>F\u00fcllvolumen: 3,5 ml<\/li>\n<li>Coil: DotMod dotCoil Serie ab 0,3 Ohm<\/li>\n<li>\u041d\u0430\u043f\u043e\u043b\u043d\u0435\u043d\u0438\u0435: \u0441\u0438\u0441\u0442\u0435\u043c\u0430 \u0431\u043e\u043a\u043e\u0432\u043e\u0433\u043e \u043d\u0430\u043f\u043e\u043b\u043d\u0435\u043d\u0438\u044f<\/li>\n<\/ul>\n<p><span><span>DotMod dotStick Revo V1.5 Mod<\/span><\/span><\/p>\n<ul>\n<li>H\u00f6he: 109,0mm<\/li>\n<li>Durchmesser: 22,0mm<\/li>\n<li>Anschluss: magnetischer Plug&#038;Play Anschluss<\/li>\n<li>Ausgangsleistung: max. 35 Watt<\/li>\n<li>Laden: per USB Typ-C Fast Charging<\/li>\n<\/ul>\n<\/li>\n<\/ul>","protected":false},"excerpt":{"rendered":"<p><span>Mit dem dotStick Revo V1.5 Pod Kit nutzt DotMod erneut einen Superkondensator als Stromquelle.<\/span><\/p>","protected":false},"featured_media":319372,"comment_status":"open","ping_status":"closed","template":"","meta":{"_acf_changed":false,"_relevanssi_hide_post":"","_relevanssi_hide_content":"","_relevanssi_pin_for_all":"","_relevanssi_pin_keywords":"","_relevanssi_unpin_keywords":"","_relevanssi_related_keywords":"","_relevanssi_related_include_ids":"","_relevanssi_related_exclude_ids":"","_relevanssi_related_no_append":"","_relevanssi_related_not_related":"","_relevanssi_related_posts":"","_relevanssi_noindex_reason":""},"product_brand":[],"product_cat":[4773,4786,4887,4713,4771,4781,4772,4787,4722,4783],"product_tag":[6800,6355,6353,6354,5166,6358,6359,6356,6357,6466],"class_list":{"0":"post-305014","1":"product","2":"type-product","3":"status-publish","4":"has-post-thumbnail","6":"product_cat-e-zigaretten-akkutraeger","7":"product_cat-tube-mod-digital","8":"product_cat-dotmod","9":"product_cat-e-zigaretten","10":"product_cat-e-zigaretten-fuer-einsteiger","11":"product_cat-e-zigaretten-hersteller","12":"product_cat-e-zigaretten-sets","13":"product_cat-tube-mod-mechanisch","14":"product_cat-neuheiten","15":"product_cat-tube-mod","16":"product_tag-1-5","17":"product_tag-dotaio","18":"product_tag-dotmod","19":"product_tag-dotstick","20":"product_tag-e-zigarette","21":"product_tag-einsteiger","22":"product_tag-fertigcoils","23":"product_tag-fertigverdampfer","24":"product_tag-hardware","25":"product_tag-revo","26":"product_shipping_class-standard","28":"first","29":"instock","30":"taxable","31":"shipping-taxable","32":"purchasable","33":"product-type-variable"},"acf":[],"_links":{"self":[{"href":"https:\/\/my-eliquid.de\/ru\/wp-json\/wp\/v2\/product\/305014","targetHints":{"allow":["GET"]}}],"collection":[{"href":"https:\/\/my-eliquid.de\/ru\/wp-json\/wp\/v2\/product"}],"about":[{"href":"https:\/\/my-eliquid.de\/ru\/wp-json\/wp\/v2\/types\/product"}],"replies":[{"embeddable":true,"href":"https:\/\/my-eliquid.de\/ru\/wp-json\/wp\/v2\/comments?post=305014"}],"wp:featuredmedia":[{"embeddable":true,"href":"https:\/\/my-eliquid.de\/ru\/wp-json\/wp\/v2\/media\/319372"}],"wp:attachment":[{"href":"https:\/\/my-eliquid.de\/ru\/wp-json\/wp\/v2\/media?parent=305014"}],"wp:term":[{"taxonomy":"product_brand","embeddable":true,"href":"https:\/\/my-eliquid.de\/ru\/wp-json\/wp\/v2\/product_brand?post=305014"},{"taxonomy":"product_cat","embeddable":true,"href":"https:\/\/my-eliquid.de\/ru\/wp-json\/wp\/v2\/product_cat?post=305014"},{"taxonomy":"product_tag","embeddable":true,"href":"https:\/\/my-eliquid.de\/ru\/wp-json\/wp\/v2\/product_tag?post=305014"}],"curies":[{"name":"wp","href":"https:\/\/api.w.org\/{rel}","templated":true}]}}