{"id":305035,"date":"2025-03-27T00:00:00","date_gmt":"2025-03-26T23:00:00","guid":{"rendered":"https:\/\/my-eliquid.de\/shop\/wismec-reuleaux-rx-mini-80-w-2100-mah-tc-box-mod-akkutraeger-disabled\/"},"modified":"2026-02-16T07:46:58","modified_gmt":"2026-02-16T06:46:58","slug":"wismec-reuleaux-rx-mini-80-w-2100-mah-tc-box-mod-akkutraeger-disabled","status":"publish","type":"product","link":"https:\/\/my-eliquid.de\/ru\/shop\/wismec-reuleaux-rx-mini-80-w-2100-mah-tc-box-mod-akkutraeger-disabled\/","title":{"rendered":"Wismec | Reuleaux Rx Mini | 80 w | 2100 Mah | TC Box Mod \u0434\u0435\u0440\u0436\u0430\u0442\u0435\u043b\u044c \u0431\u0430\u0442\u0430\u0440\u0435\u0438"},"content":{"rendered":"<p>Die neue RX mini von Wismec wurde von Jay Bo entworfen und ist eine verkleinerte Version der RX-Serie.<\/p>\n<p>Sie ist klein und handlich f\u00fcr all die die nicht immer mit den gro\u00dfen Ger\u00e4ten in der Tasche durch die gegen spazieren m\u00f6chten.<\/p>\n<p>Der perfekte Begleiter f\u00fcr den Alltag oder auch im urlaub. Die <strong>Wismec Reulaux Rx Mini<\/strong> wird von einem <strong>2100mah starken festverbauten Akku<\/strong> betrieben und liefert eine Leistung von bis zu 80 Watt. Somit haben sie trotz der kompakten gr\u00f6\u00dfe ein langes Dampf vergn\u00fcgen ohne leistungsverlust.<\/p>\n<p>Auch in diesem kompakten Ger\u00e4t sind alle relevanten Einstellungen \u00fcber die Wipp taster am Boder des Akkutr\u00e4gers verf\u00fcgbar. Modi: VW, Bypass, TC &#8211; Ni, TC &#8211; Ti, TC &#8211; SS und TCR. Auch die aktualisierbare Firmware ist auf dem neusten Stand, damit sie besonders viel Spa\u00df beim Dampfen haben.<\/p>\n<p>Wie schon von den Vorg\u00e4ngern bekannt gibt es auch verschiedene Ledersticker mit den Sie das Ger\u00e4t individualisieren k\u00f6nnen.<\/p><\/p>","protected":false},"excerpt":{"rendered":"<p>\u041d\u0435 \u0445\u043e\u0442\u0438\u0442\u0435 \u043f\u043e\u0441\u0442\u043e\u044f\u043d\u043d\u043e \u043f\u043e\u043a\u0443\u043f\u0430\u0442\u044c \u043d\u043e\u0432\u044b\u0435 \u0431\u0430\u0442\u0430\u0440\u0435\u0439\u043a\u0438? \u0412\u043e\u0442 <strong>\u041f\u043e\u0441\u0442\u043e\u044f\u043d\u043d\u043e \u0443\u0441\u0442\u0430\u043d\u043e\u0432\u043b\u0435\u043d\u043d\u0430\u044f \u0431\u0430\u0442\u0430\u0440\u0435\u044f<\/strong> \u043a\u043e\u0442\u043e\u0440\u044b\u0439 \u044f\u0432\u043b\u044f\u0435\u0442\u0441\u044f \u043c\u043b\u0430\u0434\u0448\u0438\u043c \u0431\u0440\u0430\u0442\u043e\u043c <strong>\u0421\u0435\u0440\u0438\u044f RX<\/strong> \u043e\u0442 <strong>Wismec<\/strong> \u0431\u043e\u043b\u0435\u0435 \u0434\u043e\u0441\u0442\u0443\u043f\u043d\u044b\u043c, \u043d\u0435 \u043e\u0442\u043a\u0430\u0437\u044b\u0432\u0430\u044f\u0441\u044c \u043e\u0442 \u043f\u0440\u0438\u0432\u044b\u0447\u043d\u044b\u0445 \u043f\u0440\u0435\u0438\u043c\u0443\u0449\u0435\u0441\u0442\u0432.<\/p>","protected":false},"featured_media":319351,"comment_status":"open","ping_status":"closed","template":"","meta":{"_acf_changed":false,"_relevanssi_hide_post":"","_relevanssi_hide_content":"","_relevanssi_pin_for_all":"","_relevanssi_pin_keywords":"","_relevanssi_unpin_keywords":"","_relevanssi_related_keywords":"","_relevanssi_related_include_ids":"","_relevanssi_related_exclude_ids":"","_relevanssi_related_no_append":"","_relevanssi_related_not_related":"","_relevanssi_related_posts":"","_relevanssi_noindex_reason":""},"product_brand":[],"product_cat":[4773,4782,4784,4781,4809],"product_tag":[6998,6996,5658,1391,6754,5659,6999,6995,6090,6993,6994,6875,6997,5701],"class_list":{"0":"post-305035","1":"product","2":"type-product","3":"status-publish","4":"has-post-thumbnail","6":"product_cat-e-zigaretten-akkutraeger","7":"product_cat-box-mod","8":"product_cat-box-mod-digital","9":"product_cat-e-zigaretten-hersteller","10":"product_cat-wismec","11":"product_tag-6998","12":"product_tag-6996","13":"product_tag-akkutraeger","14":"product_tag-bitte","15":"product_tag-box","16":"product_tag-digital","17":"product_tag-mah","18":"product_tag-mini","19":"product_tag-mod","20":"product_tag-reuleaux","21":"product_tag-rx","22":"product_tag-tc","23":"product_tag-w","24":"product_tag-wismec","25":"product_shipping_class-standard","27":"first","28":"outofstock","29":"taxable","30":"shipping-taxable","31":"purchasable","32":"product-type-variable"},"acf":[],"_links":{"self":[{"href":"https:\/\/my-eliquid.de\/ru\/wp-json\/wp\/v2\/product\/305035","targetHints":{"allow":["GET"]}}],"collection":[{"href":"https:\/\/my-eliquid.de\/ru\/wp-json\/wp\/v2\/product"}],"about":[{"href":"https:\/\/my-eliquid.de\/ru\/wp-json\/wp\/v2\/types\/product"}],"replies":[{"embeddable":true,"href":"https:\/\/my-eliquid.de\/ru\/wp-json\/wp\/v2\/comments?post=305035"}],"wp:featuredmedia":[{"embeddable":true,"href":"https:\/\/my-eliquid.de\/ru\/wp-json\/wp\/v2\/media\/319351"}],"wp:attachment":[{"href":"https:\/\/my-eliquid.de\/ru\/wp-json\/wp\/v2\/media?parent=305035"}],"wp:term":[{"taxonomy":"product_brand","embeddable":true,"href":"https:\/\/my-eliquid.de\/ru\/wp-json\/wp\/v2\/product_brand?post=305035"},{"taxonomy":"product_cat","embeddable":true,"href":"https:\/\/my-eliquid.de\/ru\/wp-json\/wp\/v2\/product_cat?post=305035"},{"taxonomy":"product_tag","embeddable":true,"href":"https:\/\/my-eliquid.de\/ru\/wp-json\/wp\/v2\/product_tag?post=305035"}],"curies":[{"name":"wp","href":"https:\/\/api.w.org\/{rel}","templated":true}]}}