{"id":324737,"date":"2026-03-27T10:40:50","date_gmt":"2026-03-27T09:40:50","guid":{"rendered":"https:\/\/my-eliquid.de\/shop\/smok-nord-meshed-coil-mtl-dl-5er-pack\/"},"modified":"2026-04-15T09:49:28","modified_gmt":"2026-04-15T07:49:28","slug":"smok-nord-meshed-coil-mtl-dl-5er-pack","status":"publish","type":"product","link":"https:\/\/my-eliquid.de\/ru\/shop\/smok-nord-meshed-coil-mtl-dl-5er-pack\/","title":{"rendered":"SMOK &#8211; Nord Meshed Coil &#8211; MTL \/ DL &#8211; 5er Pack"},"content":{"rendered":"<h2>SMOK Nord Coils 5er Pack Verdampferk\u00f6pfe<\/h2>\n<p>\u0421\u0430\u0439\u0442 <strong>SMOK Nord Coils<\/strong> bieten vielseitige M\u00f6glichkeiten f\u00fcr unterschiedliche Dampfstile und \u00fcberzeugen durch zuverl\u00e4ssige Leistung sowie intensiven Geschmack. Die Coils sind speziell f\u00fcr die SMOK Nord Serie entwickelt und eignen sich sowohl f\u00fcr MTL- als auch DL-Dampfen.<\/p>\n<p>Erh\u00e4ltlich in verschiedenen Varianten, erm\u00f6glichen die Nord Coils ein individuell angepasstes Dampferlebnis \u2013 von sanftem Backenzug bis hin zu kr\u00e4ftigem Subohm-Dampfen.<\/p>\n<h3>Produktdetails<\/h3>\n<ul>\n<li>Original SMOK Nord Coils<\/li>\n<li>Erh\u00e4ltlich in mehreren Varianten<\/li>\n<li>Geeignet f\u00fcr MTL und DL Dampfen<\/li>\n<li>Konstante Leistung und guter Geschmack<\/li>\n<li>Einfache Handhabung und schneller Austausch<\/li>\n<\/ul>\n<h3>Varianten<\/h3>\n<ul>\n<li>\n    <strong>1,4 Ohm Regular:<\/strong><br \/>\n    Material: Kanthal<br \/>\n    F\u00fcr MTL geeignet<br \/>\n    Max. Leistung: bis 12 Watt\n  <\/li>\n<li>\n    <strong>0,6 Ohm Mesh:<\/strong><br \/>\n    F\u00fcr DL (direkter Lungenzug)<br \/>\n    Subohm geeignet<br \/>\n    Max. Leistung: bis 25 Watt\n  <\/li>\n<\/ul>\n<h3>Kompatibilit\u00e4t<\/h3>\n<ul>\n<li>SMOK Nord E-Zigarette \/ Nord Serie<\/li>\n<\/ul>\n<h3>\u041e\u0431\u044a\u0435\u043c \u043f\u043e\u0441\u0442\u0430\u0432\u043a\u0438<\/h3>\n<ul>\n<li>5 x SMOK Nord Coil Verdampferk\u00f6pfe (je nach gew\u00e4hlter Variante)<\/li>\n<\/ul>\n<h3>Hinweis<\/h3>\n<p>Sobald eine Geschmacksver\u00e4nderung auftritt, sollte der Coil ausgetauscht werden, um weiterhin ein optimales Dampferlebnis zu gew\u00e4hrleisten.<\/p>\n<h3>Jugendschutz<\/h3>\n<p>Dieses Angebot richtet sich ausschlie\u00dflich an vollj\u00e4hrige Personen. Die Abgabe an Kinder und Jugendliche ist gesetzlich verboten. Ein Kaufvertrag kommt nur nach erfolgreicher Alterspr\u00fcfung zustande. Bei der Zustellung erfolgt zus\u00e4tzlich eine Alterskontrolle.<\/p>","protected":false},"excerpt":{"rendered":"<p>Smok Nord Mesh Coils Verdampferk\u00f6pfe<\/p>","protected":false},"featured_media":324740,"comment_status":"closed","ping_status":"closed","template":"","meta":{"_acf_changed":false,"_relevanssi_hide_post":"","_relevanssi_hide_content":"","_relevanssi_pin_for_all":"","_relevanssi_pin_keywords":"","_relevanssi_unpin_keywords":"","_relevanssi_related_keywords":"","_relevanssi_related_include_ids":"","_relevanssi_related_exclude_ids":"","_relevanssi_related_no_append":"","_relevanssi_related_not_related":"","_relevanssi_related_posts":"","_relevanssi_noindex_reason":""},"product_brand":[],"product_cat":[4699],"product_tag":[],"class_list":{"0":"post-324737","1":"product","2":"type-product","3":"status-publish","4":"has-post-thumbnail","6":"product_cat-ezigaretten-zubehoer","7":"product_shipping_class-standard","9":"first","10":"instock","11":"taxable","12":"shipping-taxable","13":"purchasable","14":"product-type-variable"},"acf":[],"_links":{"self":[{"href":"https:\/\/my-eliquid.de\/ru\/wp-json\/wp\/v2\/product\/324737","targetHints":{"allow":["GET"]}}],"collection":[{"href":"https:\/\/my-eliquid.de\/ru\/wp-json\/wp\/v2\/product"}],"about":[{"href":"https:\/\/my-eliquid.de\/ru\/wp-json\/wp\/v2\/types\/product"}],"replies":[{"embeddable":true,"href":"https:\/\/my-eliquid.de\/ru\/wp-json\/wp\/v2\/comments?post=324737"}],"wp:featuredmedia":[{"embeddable":true,"href":"https:\/\/my-eliquid.de\/ru\/wp-json\/wp\/v2\/media\/324740"}],"wp:attachment":[{"href":"https:\/\/my-eliquid.de\/ru\/wp-json\/wp\/v2\/media?parent=324737"}],"wp:term":[{"taxonomy":"product_brand","embeddable":true,"href":"https:\/\/my-eliquid.de\/ru\/wp-json\/wp\/v2\/product_brand?post=324737"},{"taxonomy":"product_cat","embeddable":true,"href":"https:\/\/my-eliquid.de\/ru\/wp-json\/wp\/v2\/product_cat?post=324737"},{"taxonomy":"product_tag","embeddable":true,"href":"https:\/\/my-eliquid.de\/ru\/wp-json\/wp\/v2\/product_tag?post=324737"}],"curies":[{"name":"wp","href":"https:\/\/api.w.org\/{rel}","templated":true}]}}