{"id":324899,"date":"2026-04-09T13:49:41","date_gmt":"2026-04-09T11:49:41","guid":{"rendered":"https:\/\/my-eliquid.de\/shop\/geekvape-10meter-ka1-wire-26ga-4\/"},"modified":"2026-04-09T13:58:40","modified_gmt":"2026-04-09T11:58:40","slug":"geekvape-10meter-ka1-wire-26ga-4","status":"publish","type":"product","link":"https:\/\/my-eliquid.de\/ru\/shop\/geekvape-10meter-ka1-wire-26ga-4\/","title":{"rendered":"GeekVape |  DIY Ni80 Wire ZN03  | 24GA | Wickeldraht"},"content":{"rendered":"<p><strong>GeekVape 10 Meter DIY Ni80 Wire 24GA Wickeldraht<\/strong><\/p>\n<p style=\"line-height: 19px;\">Hier erh\u00e4lst Du Nickel Ni80 Draht auf einer Rolle zum Erstellen eigener Wicklungen. Nickel hat ein schnelles Ansprechverhalten und wird vor allem zum Dampfen im Temperaturmodus verwendet. Aber auch auf Mechanischen Akkutr\u00e4gern macht Nickeldraht eine gute Figur. Bitte w\u00e4hle im Produkt Deine gew\u00fcnschte Drahtst\u00e4rke.<\/p>\n<p style=\"line-height: 19px;\">Produced by GeekVape<\/p>\n<p style=\"line-height: 19px;\">Material: Nickel Ni80  9,14-Meter-Rolle Drahtst\u00e4rke: Ni80 24ga 0.5m x 10m 1.89Ohm<\/p>\n<p>\u042d\u0442\u043e \u043f\u0440\u0435\u0434\u043b\u043e\u0436\u0435\u043d\u0438\u0435 \u043f\u0440\u0435\u0434\u043d\u0430\u0437\u043d\u0430\u0447\u0435\u043d\u043e \u0438\u0441\u043a\u043b\u044e\u0447\u0438\u0442\u0435\u043b\u044c\u043d\u043e \u0434\u043b\u044f \u0432\u0437\u0440\u043e\u0441\u043b\u044b\u0445. \u0417\u0430\u043a\u043e\u043d \u043e \u0437\u0430\u0449\u0438\u0442\u0435 \u043c\u043e\u043b\u043e\u0434\u0435\u0436\u0438 \u0413\u0435\u0440\u043c\u0430\u043d\u0438\u0438 \u0437\u0430\u043f\u0440\u0435\u0449\u0430\u0435\u0442 \u043f\u0440\u0435\u0434\u043b\u0430\u0433\u0430\u0442\u044c \u0438 \u043f\u0440\u043e\u0434\u0430\u0432\u0430\u0442\u044c \u044d\u0442\u043e\u0442 \u0442\u043e\u0432\u0430\u0440 \u0434\u0435\u0442\u044f\u043c \u0438 \u043f\u043e\u0434\u0440\u043e\u0441\u0442\u043a\u0430\u043c. \u0414\u043e\u0433\u043e\u0432\u043e\u0440 \u043a\u0443\u043f\u043b\u0438-\u043f\u0440\u043e\u0434\u0430\u0436\u0438 \u0437\u0430\u043a\u043b\u044e\u0447\u0430\u0435\u0442\u0441\u044f \u0442\u043e\u043b\u044c\u043a\u043e \u043f\u043e\u0441\u043b\u0435 \u0443\u0441\u043f\u0435\u0448\u043d\u043e\u0439 \u043f\u0440\u043e\u0432\u0435\u0440\u043a\u0438 \u0432\u043e\u0437\u0440\u0430\u0441\u0442\u0430. \u041a\u0440\u043e\u043c\u0435 \u0442\u043e\u0433\u043e, \u043f\u043e\u0447\u0442\u0430\u043b\u044c\u043e\u043d \u043f\u0440\u043e\u0432\u0435\u0434\u0435\u0442 \u043f\u0440\u043e\u0432\u0435\u0440\u043a\u0443 \u043f\u0440\u0438 \u0434\u043e\u0441\u0442\u0430\u0432\u043a\u0435 \u043f\u043e\u0441\u044b\u043b\u043a\u0438.<\/p>","protected":false},"excerpt":{"rendered":"<p>GeekVape 10 Meter DIY Ni80 Wire 24GA Wickeldraht<\/p>","protected":false},"featured_media":324900,"comment_status":"closed","ping_status":"closed","template":"","meta":{"_acf_changed":false,"_relevanssi_hide_post":"","_relevanssi_hide_content":"","_relevanssi_pin_for_all":"","_relevanssi_pin_keywords":"","_relevanssi_unpin_keywords":"","_relevanssi_related_keywords":"","_relevanssi_related_include_ids":"","_relevanssi_related_exclude_ids":"","_relevanssi_related_no_append":"","_relevanssi_related_not_related":"","_relevanssi_related_posts":"","_relevanssi_noindex_reason":""},"product_brand":[],"product_cat":[4890,4776,4719,4793],"product_tag":[],"class_list":{"0":"post-324899","1":"product","2":"type-product","3":"status-publish","4":"has-post-thumbnail","6":"product_cat-draht","7":"product_cat-draht-und-watte","8":"product_cat-selbstwickler-dampfer","9":"product_cat-e-zigaretten-liquid-basen-aroma-vape-sale","10":"product_shipping_class-standard","12":"first","13":"instock","14":"taxable","15":"shipping-taxable","16":"purchasable","17":"product-type-simple"},"acf":[],"_links":{"self":[{"href":"https:\/\/my-eliquid.de\/ru\/wp-json\/wp\/v2\/product\/324899","targetHints":{"allow":["GET"]}}],"collection":[{"href":"https:\/\/my-eliquid.de\/ru\/wp-json\/wp\/v2\/product"}],"about":[{"href":"https:\/\/my-eliquid.de\/ru\/wp-json\/wp\/v2\/types\/product"}],"replies":[{"embeddable":true,"href":"https:\/\/my-eliquid.de\/ru\/wp-json\/wp\/v2\/comments?post=324899"}],"wp:featuredmedia":[{"embeddable":true,"href":"https:\/\/my-eliquid.de\/ru\/wp-json\/wp\/v2\/media\/324900"}],"wp:attachment":[{"href":"https:\/\/my-eliquid.de\/ru\/wp-json\/wp\/v2\/media?parent=324899"}],"wp:term":[{"taxonomy":"product_brand","embeddable":true,"href":"https:\/\/my-eliquid.de\/ru\/wp-json\/wp\/v2\/product_brand?post=324899"},{"taxonomy":"product_cat","embeddable":true,"href":"https:\/\/my-eliquid.de\/ru\/wp-json\/wp\/v2\/product_cat?post=324899"},{"taxonomy":"product_tag","embeddable":true,"href":"https:\/\/my-eliquid.de\/ru\/wp-json\/wp\/v2\/product_tag?post=324899"}],"curies":[{"name":"wp","href":"https:\/\/api.w.org\/{rel}","templated":true}]}}