{"id":154238,"date":"2012-06-02T00:00:00","date_gmt":"2012-06-01T22:00:00","guid":{"rendered":"https:\/\/melvx.my-eliquid.de\/shop\/my-eliquid-sortiment\/ezigaretten-zubehoer\/flaschen-aufbewahrung\/100ml-pet-braunflasche\/"},"modified":"2025-11-25T13:47:32","modified_gmt":"2025-11-25T12:47:32","slug":"100ml-pet-braunflasche","status":"publish","type":"product","link":"https:\/\/my-eliquid.de\/sv\/shop\/100ml-pet-braunflasche\/","title":{"rendered":"Brun flaska PET 100 ml med originalf\u00f6rsegling och barns\u00e4kerhet"},"content":{"rendered":"<p>F\u00f6r dina egna <strong>Aromer eller e-v\u00e4tskor<\/strong> den passande <strong>100 ml PET-flaska, brun<\/strong> med originalf\u00f6rsegling, <strong>barns\u00e4kerhet<\/strong> och b\u00e4ttre <strong>Skydd mot UV-ljus<\/strong>.<\/p>\n<p>Die Flasche ist <strong>Dunkel Braun<\/strong> und sch\u00fctzt besser vor UV-Licht. Die <strong>F\u00fcllstanderkennung<\/strong> ist sehr gut.<\/p>\n<p><strong>Material:<\/strong> PET<\/p>\n<p><span style=\"font-size: small;\"><strong>Menge : <\/strong>1 St\u00fcck<\/span><\/p>","protected":false},"excerpt":{"rendered":"<p>F\u00f6r dina egna <strong>Aromer eller e-v\u00e4tskor<\/strong> den passande <strong>100 ml PET-flaska, brun<\/strong> med originalf\u00f6rsegling, <strong>barns\u00e4kerhet<\/strong> och b\u00e4ttre <strong>Skydd mot UV-ljus<\/strong>.<\/p>","protected":false},"featured_media":319808,"comment_status":"open","ping_status":"closed","template":"","meta":{"_acf_changed":false,"_relevanssi_hide_post":"","_relevanssi_hide_content":"","_relevanssi_pin_for_all":"","_relevanssi_pin_keywords":"","_relevanssi_unpin_keywords":"","_relevanssi_related_keywords":"","_relevanssi_related_include_ids":"","_relevanssi_related_exclude_ids":"","_relevanssi_related_no_append":"","_relevanssi_related_not_related":"","_relevanssi_related_posts":"","_relevanssi_noindex_reason":""},"product_brand":[],"product_cat":[4717,4699],"product_tag":[7386,1399,5124,7294,4919,4915,5166,4917,4914,4918,4974,5125,5004,7295,4920],"class_list":{"0":"post-154238","1":"product","2":"type-product","3":"status-publish","4":"has-post-thumbnail","6":"product_cat-flaschen-aufbewahrung","7":"product_cat-ezigaretten-zubehoer","8":"product_tag-100ml","9":"product_tag-aroma","10":"product_tag-basen","11":"product_tag-braunflasche","12":"product_tag-dampfer","13":"product_tag-e-liquid","14":"product_tag-e-zigarette","15":"product_tag-e-zigi","16":"product_tag-eliquid","17":"product_tag-ezigarette","18":"product_tag-hersteller","19":"product_tag-mischen","20":"product_tag-nachfuellfluessigkeit","21":"product_tag-pet","22":"product_tag-verdampfer","23":"product_shipping_class-standard","24":"pa_ageverification-nein","25":"pa_country_of_manufacture-de","26":"pa_filling_quantity-10ml","27":"pa_generate_meta-nein","28":"pa_mixture_ratio-pg50_vg50","29":"pa_nicotin-n_a","30":"pa_product_suggestion-nein","31":"pa_product_type-8_zubehor","32":"pa_product_weight-4218","34":"first","35":"instock","36":"taxable","37":"shipping-taxable","38":"purchasable","39":"product-type-simple"},"acf":[],"_links":{"self":[{"href":"https:\/\/my-eliquid.de\/sv\/wp-json\/wp\/v2\/product\/154238","targetHints":{"allow":["GET"]}}],"collection":[{"href":"https:\/\/my-eliquid.de\/sv\/wp-json\/wp\/v2\/product"}],"about":[{"href":"https:\/\/my-eliquid.de\/sv\/wp-json\/wp\/v2\/types\/product"}],"replies":[{"embeddable":true,"href":"https:\/\/my-eliquid.de\/sv\/wp-json\/wp\/v2\/comments?post=154238"}],"wp:featuredmedia":[{"embeddable":true,"href":"https:\/\/my-eliquid.de\/sv\/wp-json\/wp\/v2\/media\/319808"}],"wp:attachment":[{"href":"https:\/\/my-eliquid.de\/sv\/wp-json\/wp\/v2\/media?parent=154238"}],"wp:term":[{"taxonomy":"product_brand","embeddable":true,"href":"https:\/\/my-eliquid.de\/sv\/wp-json\/wp\/v2\/product_brand?post=154238"},{"taxonomy":"product_cat","embeddable":true,"href":"https:\/\/my-eliquid.de\/sv\/wp-json\/wp\/v2\/product_cat?post=154238"},{"taxonomy":"product_tag","embeddable":true,"href":"https:\/\/my-eliquid.de\/sv\/wp-json\/wp\/v2\/product_tag?post=154238"}],"curies":[{"name":"wp","href":"https:\/\/api.w.org\/{rel}","templated":true}]}}