{"id":157826,"date":"2019-04-23T00:00:00","date_gmt":"2019-04-22T22:00:00","guid":{"rendered":"https:\/\/melvx.my-eliquid.de\/aroma-shop\/aromen\/mel-fill-up-harmony-stress-weg-12ml-aroma\/"},"modified":"2025-11-25T13:49:40","modified_gmt":"2025-11-25T12:49:40","slug":"mel-fill-up-harmony-stress-weg-12ml-aroma","status":"publish","type":"product","link":"https:\/\/my-eliquid.de\/sv\/shop\/mel-fill-up-harmony-stress-weg-12ml-aroma\/","title":{"rendered":"Harmony Stress | 10 ml | Fill Up"},"content":{"rendered":"<p>Mit unseren Neuen Fill Up Aroma wurden nun fast alle W\u00fcnsche von euch erf\u00fcllt!<\/p>\n<p>Nun zum <strong>Harmony Stress weg Aroma:<\/strong><\/p>\n<p>Es gibt Stress-Menschen &#8211; und es gibt uns. Deshalb haben wir einen saftigen Stress-Killer f\u00fcr diejenigen entwickelt, die viel Stress haben. Eine Mischung aus wertvollen Powerfr\u00fcchten abgerundet mit <strong>Zimt,Kirsche, Apfel , Himbeere und Schwarzer\u00a0Johannisbeeren<\/strong> sorgt f\u00fcr ein nat\u00fcrliches Stressabbaugef\u00fchl und macht das Crazy Vaper &#8211; Harmony zum idealen Wecker f\u00fcr K\u00f6rper, Geist und Seele. Also, Augen auf und durch. Der n\u00e4chste Stress kommt bestimmt!<\/p>\n<p>Als F\u00fcllung liegt es an Ihnen, zu entscheiden, welche Basis Sie f\u00fcllen. 48 ml sind f\u00fcr die Basis notwendig.<\/p>\n<p>Entweder 1x unser Bundle-Angebot oder einfach eine zus\u00e4tzliche Nullbasis kaufen, f\u00fcllen, sch\u00fctteln und fertig sind 60 ml k\u00f6stliche gebrauchsfertige Fl\u00fcssigkeit!<\/p>\n<p><strong>Lieferumfang:<\/strong><\/p>\n<p><strong>1x 12 ml Harmony Stress weg Aroma in 60 ml Chubby Flasche<\/strong><\/p>","protected":false},"excerpt":{"rendered":"<p>En blandning av v\u00e4rdefulla superfrukter kompletterad med kanel, k\u00f6rsb\u00e4r, \u00e4pple, hallon och svarta vinb\u00e4r ger en naturlig k\u00e4nsla av stresslindring.<\/p>","protected":false},"featured_media":319418,"comment_status":"open","ping_status":"closed","template":"","meta":{"_acf_changed":false,"_relevanssi_hide_post":"","_relevanssi_hide_content":"","_relevanssi_pin_for_all":"","_relevanssi_pin_keywords":"","_relevanssi_unpin_keywords":"","_relevanssi_related_keywords":"","_relevanssi_related_include_ids":"","_relevanssi_related_exclude_ids":"","_relevanssi_related_no_append":"","_relevanssi_related_not_related":"","_relevanssi_related_posts":"","_relevanssi_noindex_reason":""},"product_brand":[4564],"product_cat":[4733,4701,4845,4792,4722,4712],"product_tag":[4955,1399,7252,6991,5095,7253,7686,5075,5805,6893,6992,7254,5150],"class_list":{"0":"post-157826","1":"product","2":"type-product","3":"status-publish","4":"has-post-thumbnail","6":"product_brand-my-eliquid","7":"product_cat-alle-aromen","8":"product_cat-aromen","9":"product_cat-fill-up-aroma","10":"product_cat-neue-aromen","11":"product_cat-neuheiten","12":"product_cat-special-aromen-liquid-e-zigarette","13":"product_tag-apfel","14":"product_tag-aroma","15":"product_tag-do","16":"product_tag-fill","17":"product_tag-himbeere","18":"product_tag-it","19":"product_tag-johannisbeeren","20":"product_tag-kirsche","21":"product_tag-liquid","22":"product_tag-schwarzer","23":"product_tag-up","24":"product_tag-yourself","25":"product_tag-zimt","26":"product_shipping_class-standard","27":"pa_ageverification-ja","28":"pa_country_of_manufacture-de","29":"pa_faq-product_aroma_faq","30":"pa_filling_quantity-10ml","31":"pa_flavour_art-frucht","32":"pa_generate_meta-nein","33":"pa_ghs_gefahrenbezeichnung-achtung","34":"pa_ghs_hsatz-ba-h302gesundheitsschadlichbe","35":"pa_ghs_hsatz-34-h319verursachtschwereaugen","36":"pa_ghs_hsatz-h335kanndieatemwegereizen_","37":"pa_ghs_signalwort-achtung","38":"pa_info1-e7-product_aroma_kurzbeschrei","39":"pa_info2-product_aroma_beschreibung","40":"pa_manufacturer-my_eliquid","41":"pa_mindesthaltbarkeit-24monate","42":"pa_product_suggestion-nein","43":"pa_product_type-11_fillup_eigenprodukte","44":"pa_product_weight-4217","45":"pa_special_products-neu","46":"pa_weight-0_04","48":"first","49":"outofstock","50":"taxable","51":"shipping-taxable","52":"purchasable","53":"product-type-simple"},"acf":[],"_links":{"self":[{"href":"https:\/\/my-eliquid.de\/sv\/wp-json\/wp\/v2\/product\/157826","targetHints":{"allow":["GET"]}}],"collection":[{"href":"https:\/\/my-eliquid.de\/sv\/wp-json\/wp\/v2\/product"}],"about":[{"href":"https:\/\/my-eliquid.de\/sv\/wp-json\/wp\/v2\/types\/product"}],"replies":[{"embeddable":true,"href":"https:\/\/my-eliquid.de\/sv\/wp-json\/wp\/v2\/comments?post=157826"}],"wp:featuredmedia":[{"embeddable":true,"href":"https:\/\/my-eliquid.de\/sv\/wp-json\/wp\/v2\/media\/319418"}],"wp:attachment":[{"href":"https:\/\/my-eliquid.de\/sv\/wp-json\/wp\/v2\/media?parent=157826"}],"wp:term":[{"taxonomy":"product_brand","embeddable":true,"href":"https:\/\/my-eliquid.de\/sv\/wp-json\/wp\/v2\/product_brand?post=157826"},{"taxonomy":"product_cat","embeddable":true,"href":"https:\/\/my-eliquid.de\/sv\/wp-json\/wp\/v2\/product_cat?post=157826"},{"taxonomy":"product_tag","embeddable":true,"href":"https:\/\/my-eliquid.de\/sv\/wp-json\/wp\/v2\/product_tag?post=157826"}],"curies":[{"name":"wp","href":"https:\/\/api.w.org\/{rel}","templated":true}]}}