{"id":300300,"date":"2024-11-15T13:19:56","date_gmt":"2024-11-15T12:19:56","guid":{"rendered":"https:\/\/my-eliquid.de\/shop\/teslacigs-invader-4x\/"},"modified":"2025-11-25T13:53:14","modified_gmt":"2025-11-25T12:53:14","slug":"teslacigs-invader-4x","status":"publish","type":"product","link":"https:\/\/my-eliquid.de\/sv\/shop\/teslacigs-invader-4x\/","title":{"rendered":"Teslacigs \u2013 Invader 4X"},"content":{"rendered":"<h2>Teslacigs Invader 4X<\/h2>\n<p>Med <strong>Teslacigs Invader 4X<\/strong> erhalten Sie einen Mod, der Leistung, Robustheit und Benutzerfreundlichkeit perfekt vereint. Dieser Mod bietet bis zu <strong>280 Watt<\/strong> Leistung und ist aus hochwertigen, leichten Materialien gefertigt, die ihn ideal f\u00fcr den t\u00e4glichen Gebrauch machen. Seine pr\u00e4zise Spannungseinstellung und die einfache Bedienung machen ihn zu einem perfekten Begleiter f\u00fcr erfahrene Dampfer.<\/p>\n<h3>Hauptmerkmale:<\/h3>\n<ul>\n<li><strong>Leistungsstark:<\/strong> Bis zu 280 Watt Ausgangsleistung f\u00fcr anspruchsvolle Dampf-Setups.<\/li>\n<li><strong>Spannungsregelung:<\/strong> Einfache Anpassung dank pr\u00e4zisem Potentiometer.<\/li>\n<li><strong>Ergonomisches Design:<\/strong> Robustes und leichtes Geh\u00e4use f\u00fcr maximalen Komfort.<\/li>\n<li><strong>Hochwertige Verarbeitung:<\/strong> Langlebig und zuverl\u00e4ssig f\u00fcr den intensiven Einsatz.<\/li>\n<li><strong>Kompatibel mit Dual-18650-Akkus:<\/strong> F\u00fcr ausreichend Energie auch bei hoher Leistung.<\/li>\n<\/ul>\n<p>Der Invader 4X ist ideal f\u00fcr Dampfer, die auf der Suche nach einem leistungsstarken und langlebigen Ger\u00e4t sind. Dank seines minimalistischen Designs und seiner Vielseitigkeit l\u00e4sst er sich perfekt in jedes Setup integrieren.<\/p>\n<h3>Tekniska data:<\/h3>\n<ul>\n<li>Leistung: Bis zu 280 Watt<\/li>\n<li>Material: Polycarbonat<\/li>\n<li>Batterie: Dual 18650 (nicht im Lieferumfang enthalten)<\/li>\n<li>Spannungsregelung: Potentiometer<\/li>\n<li>Anschluss: 510<\/li>\n<li>Sicherheitsfunktionen: Kurzschlussschutz, \u00dcberhitzungsschutz, Niederspannungsschutz<\/li>\n<\/ul>\n<h3>Lieferumfang:<\/h3>\n<ul>\n<li>1x Teslacigs Invader 4X<\/li>\n<li>1x USB-Kabel<\/li>\n<li>1x Bedienungsanleitung<\/li>\n<\/ul>\n<p><strong>Observera:<\/strong> Detta erbjudande riktar sig endast till myndiga personer. Lagen om skydd av minder\u00e5riga f\u00f6rbjuder f\u00f6rs\u00e4ljning och leverans av denna artikel till barn och ungdomar. Ett k\u00f6peavtal ing\u00e5s f\u00f6rst efter godk\u00e4nd \u00e5lderskontroll. Dessutom genomf\u00f6r postbudet en kontroll vid leveransen av paketet.<\/p>","protected":false},"excerpt":{"rendered":"<p><strong>Teslacigs Invader 4X<\/strong><\/p>\n<p>Teslacigs Invader 4X \u00e4r en kraftfull mod med upp till 280 watt uteffekt och en robust och l\u00e4tt design. Perfekt f\u00f6r erfarna vapers som v\u00e4rdes\u00e4tter kraft, tillf\u00f6rlitlighet och minimalistisk design.<\/p>\n<p><strong>Observera:<\/strong> Detta erbjudande riktar sig endast till myndiga personer. Lagen om skydd av minder\u00e5riga f\u00f6rbjuder f\u00f6rs\u00e4ljning och leverans av denna artikel till barn och ungdomar. Ett k\u00f6peavtal ing\u00e5s f\u00f6rst efter godk\u00e4nd \u00e5lderskontroll. Dessutom genomf\u00f6r postbudet en kontroll vid leveransen av paketet.<\/p>","protected":false},"featured_media":319141,"comment_status":"open","ping_status":"closed","template":"","meta":{"_acf_changed":false,"_relevanssi_hide_post":"","_relevanssi_hide_content":"","_relevanssi_pin_for_all":"","_relevanssi_pin_keywords":"","_relevanssi_unpin_keywords":"","_relevanssi_related_keywords":"","_relevanssi_related_include_ids":"","_relevanssi_related_exclude_ids":"","_relevanssi_related_no_append":"","_relevanssi_related_not_related":"","_relevanssi_related_posts":"","_relevanssi_noindex_reason":""},"product_brand":[],"product_cat":[4886],"product_tag":[],"class_list":{"0":"post-300300","1":"product","2":"type-product","3":"status-publish","4":"has-post-thumbnail","6":"product_cat-lagerverkauf-hardware-sale","7":"product_shipping_class-standard","9":"first","10":"outofstock","11":"taxable","12":"shipping-taxable","13":"purchasable","14":"product-type-variable"},"acf":[],"_links":{"self":[{"href":"https:\/\/my-eliquid.de\/sv\/wp-json\/wp\/v2\/product\/300300","targetHints":{"allow":["GET"]}}],"collection":[{"href":"https:\/\/my-eliquid.de\/sv\/wp-json\/wp\/v2\/product"}],"about":[{"href":"https:\/\/my-eliquid.de\/sv\/wp-json\/wp\/v2\/types\/product"}],"replies":[{"embeddable":true,"href":"https:\/\/my-eliquid.de\/sv\/wp-json\/wp\/v2\/comments?post=300300"}],"wp:featuredmedia":[{"embeddable":true,"href":"https:\/\/my-eliquid.de\/sv\/wp-json\/wp\/v2\/media\/319141"}],"wp:attachment":[{"href":"https:\/\/my-eliquid.de\/sv\/wp-json\/wp\/v2\/media?parent=300300"}],"wp:term":[{"taxonomy":"product_brand","embeddable":true,"href":"https:\/\/my-eliquid.de\/sv\/wp-json\/wp\/v2\/product_brand?post=300300"},{"taxonomy":"product_cat","embeddable":true,"href":"https:\/\/my-eliquid.de\/sv\/wp-json\/wp\/v2\/product_cat?post=300300"},{"taxonomy":"product_tag","embeddable":true,"href":"https:\/\/my-eliquid.de\/sv\/wp-json\/wp\/v2\/product_tag?post=300300"}],"curies":[{"name":"wp","href":"https:\/\/api.w.org\/{rel}","templated":true}]}}