{"id":302461,"date":"2011-12-21T00:00:00","date_gmt":"2011-12-20T23:00:00","guid":{"rendered":"https:\/\/my-eliquid.de\/shop\/banane-aroma\/"},"modified":"2026-02-04T10:17:52","modified_gmt":"2026-02-04T09:17:52","slug":"banane-aroma","status":"publish","type":"product","link":"https:\/\/my-eliquid.de\/sv\/shop\/banane-aroma\/","title":{"rendered":"Banansmak"},"content":{"rendered":"<p>V\u00e5r <strong>Banansmak<\/strong> f\u00e4ngslar med sin intensivt autentiska <strong>Smak av banan<\/strong> och kommer fr\u00e5n raden av <strong>Fruktaromer<\/strong>. Den gulmogna delikatessen som om den vore f\u00e4rsk fr\u00e5n busken - Som en <strong>arom<\/strong>! Den <strong>Banansmak<\/strong> \u00e4r l\u00e4mplig f\u00f6r smaks\u00e4ttning och <strong>Tillverka dina egna v\u00e4tskor<\/strong> och kan kombineras med andra <strong>Smaker blandade<\/strong> bli. P\u00e5 s\u00e5 s\u00e4tt kan du skapa nya, individualiserade m\u00f6nster om och om igen. <strong>V\u00e4tskor<\/strong>! Arom\u00e4mnen f\u00e5r inte anv\u00e4ndas outsp\u00e4dda och m\u00e5ste alltid genomg\u00e5 en <strong>Bas<\/strong> kan l\u00e4ggas till.<\/p>","protected":false},"excerpt":{"rendered":"<p>L\u00e4ckra, mogna, s\u00f6ta och gula: bananen \u00e4r en riktig allroundfrukt \u2013 med v\u00e5r l\u00e4ckra <strong>Banansmak<\/strong> Njut av smaken av den underbara <strong>Frukt<\/strong> \u00f6verallt!<\/p>","protected":false},"featured_media":319161,"comment_status":"open","ping_status":"closed","template":"","meta":{"_acf_changed":false,"_relevanssi_hide_post":"","_relevanssi_hide_content":"","_relevanssi_pin_for_all":"","_relevanssi_pin_keywords":"","_relevanssi_unpin_keywords":"","_relevanssi_related_keywords":"","_relevanssi_related_include_ids":"","_relevanssi_related_exclude_ids":"","_relevanssi_related_no_append":"","_relevanssi_related_not_related":"","_relevanssi_related_posts":"","_relevanssi_noindex_reason":""},"product_brand":[],"product_cat":[4733,4882,4701,4705,4881],"product_tag":[5003,4915,4914,4942,5004],"class_list":{"0":"post-302461","1":"product","2":"type-product","3":"status-publish","4":"has-post-thumbnail","6":"product_cat-alle-aromen","7":"product_cat-aromen-ohne-sucralose","8":"product_cat-aromen","9":"product_cat-frucht-aromen-liquid-e-zigarette","10":"product_cat-my-eliquid-aromen","11":"product_tag-banane","12":"product_tag-e-liquid","13":"product_tag-eliquid","14":"product_tag-frucht","15":"product_tag-nachfuellfluessigkeit","16":"product_shipping_class-standard","18":"first","19":"instock","20":"taxable","21":"shipping-taxable","22":"purchasable","23":"product-type-variable"},"acf":[],"_links":{"self":[{"href":"https:\/\/my-eliquid.de\/sv\/wp-json\/wp\/v2\/product\/302461","targetHints":{"allow":["GET"]}}],"collection":[{"href":"https:\/\/my-eliquid.de\/sv\/wp-json\/wp\/v2\/product"}],"about":[{"href":"https:\/\/my-eliquid.de\/sv\/wp-json\/wp\/v2\/types\/product"}],"replies":[{"embeddable":true,"href":"https:\/\/my-eliquid.de\/sv\/wp-json\/wp\/v2\/comments?post=302461"}],"wp:featuredmedia":[{"embeddable":true,"href":"https:\/\/my-eliquid.de\/sv\/wp-json\/wp\/v2\/media\/319161"}],"wp:attachment":[{"href":"https:\/\/my-eliquid.de\/sv\/wp-json\/wp\/v2\/media?parent=302461"}],"wp:term":[{"taxonomy":"product_brand","embeddable":true,"href":"https:\/\/my-eliquid.de\/sv\/wp-json\/wp\/v2\/product_brand?post=302461"},{"taxonomy":"product_cat","embeddable":true,"href":"https:\/\/my-eliquid.de\/sv\/wp-json\/wp\/v2\/product_cat?post=302461"},{"taxonomy":"product_tag","embeddable":true,"href":"https:\/\/my-eliquid.de\/sv\/wp-json\/wp\/v2\/product_tag?post=302461"}],"curies":[{"name":"wp","href":"https:\/\/api.w.org\/{rel}","templated":true}]}}