{"id":302466,"date":"2012-02-21T00:00:00","date_gmt":"2012-02-20T23:00:00","guid":{"rendered":"https:\/\/my-eliquid.de\/shop\/kakao-aroma\/"},"modified":"2025-11-25T13:50:43","modified_gmt":"2025-11-25T12:50:43","slug":"kakao-aroma","status":"publish","type":"product","link":"https:\/\/my-eliquid.de\/sv\/shop\/kakao-aroma\/","title":{"rendered":"Kakaoarom"},"content":{"rendered":"<p>V\u00e5r <strong>Kakaoarom<\/strong> med sin s\u00f6ta och kryddiga <strong>Kakaosmak<\/strong> kommer fr\u00e5n raden av <strong>Drycker Smaker<\/strong>. Den unika, naturliga kakaoblandningen: underbart s\u00f6t, behagligt bitter och oemotst\u00e5ndligt l\u00e4cker! Den <strong>Kakaoarom<\/strong> \u00e4r l\u00e4mplig f\u00f6r smaks\u00e4ttning och <strong>Tillverka dina egna v\u00e4tskor<\/strong> och kan kombineras med andra <strong>smakerna \u00e4r blandade<\/strong>. Detta g\u00f6r att du kan skapa nya, individualiserade v\u00e4tskor om och om igen! <strong>aromer<\/strong> f\u00e5r inte anv\u00e4ndas outsp\u00e4dd och m\u00e5ste alltid genomg\u00e5 en <strong>Bas<\/strong> kan l\u00e4ggas till.<\/p>","protected":false},"excerpt":{"rendered":"<p>Den sanna delikatessen \u2013 v\u00e5r unika <strong>Kakaoarom<\/strong>: En dr\u00f6m av fina, rostade <strong>kakaob\u00f6nor<\/strong>, behagligare <strong>bitter smak<\/strong> och underbart aromatisk s\u00f6tma!<\/p>","protected":false},"featured_media":319188,"comment_status":"open","ping_status":"closed","template":"","meta":{"_acf_changed":false,"_relevanssi_hide_post":"","_relevanssi_hide_content":"","_relevanssi_pin_for_all":"","_relevanssi_pin_keywords":"","_relevanssi_unpin_keywords":"","_relevanssi_related_keywords":"","_relevanssi_related_include_ids":"","_relevanssi_related_exclude_ids":"","_relevanssi_related_no_append":"","_relevanssi_related_not_related":"","_relevanssi_related_posts":"","_relevanssi_noindex_reason":""},"product_brand":[],"product_cat":[4733,4882,4701,4702,4881],"product_tag":[1399,5086,5085,4919,4915,5166,4917,4914,4918,5084,5004,4920],"class_list":{"0":"post-302466","1":"product","2":"type-product","3":"status-publish","4":"has-post-thumbnail","6":"product_cat-alle-aromen","7":"product_cat-aromen-ohne-sucralose","8":"product_cat-aromen","9":"product_cat-drinks-aromen-liquid-e-zigarette","10":"product_cat-my-eliquid-aromen","11":"product_tag-aroma","12":"product_tag-cacao","13":"product_tag-cocoa","14":"product_tag-dampfer","15":"product_tag-e-liquid","16":"product_tag-e-zigarette","17":"product_tag-e-zigi","18":"product_tag-eliquid","19":"product_tag-ezigarette","20":"product_tag-kakao","21":"product_tag-nachfuellfluessigkeit","22":"product_tag-verdampfer","23":"product_shipping_class-standard","25":"first","26":"instock","27":"taxable","28":"shipping-taxable","29":"purchasable","30":"product-type-variable"},"acf":[],"_links":{"self":[{"href":"https:\/\/my-eliquid.de\/sv\/wp-json\/wp\/v2\/product\/302466","targetHints":{"allow":["GET"]}}],"collection":[{"href":"https:\/\/my-eliquid.de\/sv\/wp-json\/wp\/v2\/product"}],"about":[{"href":"https:\/\/my-eliquid.de\/sv\/wp-json\/wp\/v2\/types\/product"}],"replies":[{"embeddable":true,"href":"https:\/\/my-eliquid.de\/sv\/wp-json\/wp\/v2\/comments?post=302466"}],"wp:featuredmedia":[{"embeddable":true,"href":"https:\/\/my-eliquid.de\/sv\/wp-json\/wp\/v2\/media\/319188"}],"wp:attachment":[{"href":"https:\/\/my-eliquid.de\/sv\/wp-json\/wp\/v2\/media?parent=302466"}],"wp:term":[{"taxonomy":"product_brand","embeddable":true,"href":"https:\/\/my-eliquid.de\/sv\/wp-json\/wp\/v2\/product_brand?post=302466"},{"taxonomy":"product_cat","embeddable":true,"href":"https:\/\/my-eliquid.de\/sv\/wp-json\/wp\/v2\/product_cat?post=302466"},{"taxonomy":"product_tag","embeddable":true,"href":"https:\/\/my-eliquid.de\/sv\/wp-json\/wp\/v2\/product_tag?post=302466"}],"curies":[{"name":"wp","href":"https:\/\/api.w.org\/{rel}","templated":true}]}}