{"id":302482,"date":"2017-09-06T00:00:00","date_gmt":"2017-09-05T22:00:00","guid":{"rendered":"https:\/\/my-eliquid.de\/?post_type=product&#038;p=302482"},"modified":"2026-04-16T13:00:54","modified_gmt":"2026-04-16T11:00:54","slug":"kaktusfeige-aroma","status":"publish","type":"product","link":"https:\/\/my-eliquid.de\/sv\/shop\/kaktusfeige-aroma\/","title":{"rendered":"Smak av kaktusfikon"},"content":{"rendered":"<p>V\u00e5r <strong>Smak av kaktusfikon<\/strong> med sin exotiska fruktsmak kommer fr\u00e5n sortimentet av <strong>Fruktaromer<\/strong>. Denna sort ger en fruktig f\u00f6r\u00e4ndring och gl\u00e4djer med en exceptionell smak. Den <strong>Smak av kaktusfikon<\/strong> \u00e4r l\u00e4mplig f\u00f6r smaks\u00e4ttning och <strong>Tillverka dina egna v\u00e4tskor<\/strong> och kan blandas med andra smaker. P\u00e5 s\u00e5 s\u00e4tt kan du skapa nya, individualiserade v\u00e4tskor g\u00e5ng p\u00e5 g\u00e5ng! <strong>aromer<\/strong> f\u00e5r inte anv\u00e4ndas outsp\u00e4dd och m\u00e5ste alltid genomg\u00e5 en <strong>Bas<\/strong> kan l\u00e4ggas till.<\/p>","protected":false},"excerpt":{"rendered":"<p>Den \u00e4dla <strong>Smak av kaktusfikon<\/strong> med smak av exotisk s\u00f6t frukt ger en speciell \u00e5ngupplevelse och f\u00f6rst\u00e4rker befintliga \u00e5ngor genom att blanda dem. <strong>V\u00e4tskor<\/strong>.<\/p>","protected":false},"featured_media":319237,"comment_status":"open","ping_status":"closed","template":"","meta":{"_acf_changed":false,"_relevanssi_hide_post":"","_relevanssi_hide_content":"","_relevanssi_pin_for_all":"","_relevanssi_pin_keywords":"","_relevanssi_unpin_keywords":"","_relevanssi_related_keywords":"","_relevanssi_related_include_ids":"","_relevanssi_related_exclude_ids":"","_relevanssi_related_no_append":"","_relevanssi_related_not_related":"","_relevanssi_related_posts":"","_relevanssi_noindex_reason":""},"product_brand":[],"product_cat":[4733,4882,4701,4705,4881],"product_tag":[6716,1399,6847,6730,4942,6712,6862,5805,5792],"class_list":{"0":"post-302482","1":"product","2":"type-product","3":"status-publish","4":"has-post-thumbnail","6":"product_cat-alle-aromen","7":"product_cat-aromen-ohne-sucralose","8":"product_cat-aromen","9":"product_cat-frucht-aromen-liquid-e-zigarette","10":"product_cat-my-eliquid-aromen","11":"product_tag-alle","12":"product_tag-aroma","13":"product_tag-aromen","14":"product_tag-eliquids","15":"product_tag-frucht","16":"product_tag-fuer","17":"product_tag-kaktusfeige","18":"product_tag-liquid","19":"product_tag-liquids","20":"product_shipping_class-standard","22":"first","23":"instock","24":"taxable","25":"shipping-taxable","26":"purchasable","27":"product-type-variable"},"acf":[],"_links":{"self":[{"href":"https:\/\/my-eliquid.de\/sv\/wp-json\/wp\/v2\/product\/302482","targetHints":{"allow":["GET"]}}],"collection":[{"href":"https:\/\/my-eliquid.de\/sv\/wp-json\/wp\/v2\/product"}],"about":[{"href":"https:\/\/my-eliquid.de\/sv\/wp-json\/wp\/v2\/types\/product"}],"replies":[{"embeddable":true,"href":"https:\/\/my-eliquid.de\/sv\/wp-json\/wp\/v2\/comments?post=302482"}],"wp:featuredmedia":[{"embeddable":true,"href":"https:\/\/my-eliquid.de\/sv\/wp-json\/wp\/v2\/media\/319237"}],"wp:attachment":[{"href":"https:\/\/my-eliquid.de\/sv\/wp-json\/wp\/v2\/media?parent=302482"}],"wp:term":[{"taxonomy":"product_brand","embeddable":true,"href":"https:\/\/my-eliquid.de\/sv\/wp-json\/wp\/v2\/product_brand?post=302482"},{"taxonomy":"product_cat","embeddable":true,"href":"https:\/\/my-eliquid.de\/sv\/wp-json\/wp\/v2\/product_cat?post=302482"},{"taxonomy":"product_tag","embeddable":true,"href":"https:\/\/my-eliquid.de\/sv\/wp-json\/wp\/v2\/product_tag?post=302482"}],"curies":[{"name":"wp","href":"https:\/\/api.w.org\/{rel}","templated":true}]}}