{"id":302523,"date":"2013-11-11T00:00:00","date_gmt":"2013-11-10T23:00:00","guid":{"rendered":"https:\/\/my-eliquid.de\/shop\/cocoscream-aroma\/"},"modified":"2025-12-01T08:27:17","modified_gmt":"2025-12-01T07:27:17","slug":"cocoscream-aroma","status":"publish","type":"product","link":"https:\/\/my-eliquid.de\/sv\/shop\/cocoscream-aroma\/","title":{"rendered":"Cocoscream Aroma"},"content":{"rendered":"<p>V\u00e5r <strong>Cocoscream Aroma<\/strong> mit seinem s\u00fc\u00df-cremigen Geschmack von <strong>Kokosnuss und Mandel<\/strong> kommer fr\u00e5n raden av <strong>Specialaromer<\/strong>. Die cremige Mischung macht&#8217;s: Das Beste aus <strong>Kokosnuss und Mandel<\/strong> harmoniert zur karibischen K\u00f6stlichkeit. Das <strong>Cocoscream Aroma<\/strong> \u00e4r l\u00e4mplig f\u00f6r <strong>Smaks\u00e4tta och tillverka dina egna v\u00e4tskor<\/strong> och kan <strong>Blandad med andra smaker<\/strong> kan skr\u00e4ddarsys. P\u00e5 s\u00e5 s\u00e4tt kan du skapa nya, individualiserade v\u00e4tskor om och om igen! <strong>aromer<\/strong> f\u00e5r inte anv\u00e4ndas outsp\u00e4dd och m\u00e5ste alltid genomg\u00e5 en <strong>Bas<\/strong> kan l\u00e4ggas till.<\/p>","protected":false},"excerpt":{"rendered":"<p>Das cremig-k\u00f6stliche Duo aus fein-s\u00fc\u00dfer <strong>Kokosn\u00f6t<\/strong> und wunderbar-wohlschmeckenden <strong>Mandeln<\/strong>: V\u00e5r <strong>leckeres Cocoscream Aroma<\/strong> \u2013 der karibische S\u00fc\u00dfigkeiten-Traum!<\/p>","protected":false},"featured_media":319400,"comment_status":"open","ping_status":"closed","template":"","meta":{"_acf_changed":false,"_relevanssi_hide_post":"","_relevanssi_hide_content":"","_relevanssi_pin_for_all":"","_relevanssi_pin_keywords":"","_relevanssi_unpin_keywords":"","_relevanssi_related_keywords":"","_relevanssi_related_include_ids":"","_relevanssi_related_exclude_ids":"","_relevanssi_related_no_append":"","_relevanssi_related_not_related":"","_relevanssi_related_posts":"","_relevanssi_noindex_reason":""},"product_brand":[],"product_cat":[4733,4882,4701,4881,4710,4712,4707],"product_tag":[1399,7050,4914,5215],"class_list":{"0":"post-302523","1":"product","2":"type-product","3":"status-publish","4":"has-post-thumbnail","6":"product_cat-alle-aromen","7":"product_cat-aromen-ohne-sucralose","8":"product_cat-aromen","9":"product_cat-my-eliquid-aromen","10":"product_cat-nussige-aromen-liquid-e-zigarette","11":"product_cat-special-aromen-liquid-e-zigarette","12":"product_cat-suesse-aromen-liquid-e-zigarette","13":"product_tag-aroma","14":"product_tag-cocoscream","15":"product_tag-eliquid","16":"product_tag-suesses","17":"product_shipping_class-standard","19":"first","20":"outofstock","21":"taxable","22":"shipping-taxable","23":"purchasable","24":"product-type-variable"},"acf":[],"_links":{"self":[{"href":"https:\/\/my-eliquid.de\/sv\/wp-json\/wp\/v2\/product\/302523","targetHints":{"allow":["GET"]}}],"collection":[{"href":"https:\/\/my-eliquid.de\/sv\/wp-json\/wp\/v2\/product"}],"about":[{"href":"https:\/\/my-eliquid.de\/sv\/wp-json\/wp\/v2\/types\/product"}],"replies":[{"embeddable":true,"href":"https:\/\/my-eliquid.de\/sv\/wp-json\/wp\/v2\/comments?post=302523"}],"wp:featuredmedia":[{"embeddable":true,"href":"https:\/\/my-eliquid.de\/sv\/wp-json\/wp\/v2\/media\/319400"}],"wp:attachment":[{"href":"https:\/\/my-eliquid.de\/sv\/wp-json\/wp\/v2\/media?parent=302523"}],"wp:term":[{"taxonomy":"product_brand","embeddable":true,"href":"https:\/\/my-eliquid.de\/sv\/wp-json\/wp\/v2\/product_brand?post=302523"},{"taxonomy":"product_cat","embeddable":true,"href":"https:\/\/my-eliquid.de\/sv\/wp-json\/wp\/v2\/product_cat?post=302523"},{"taxonomy":"product_tag","embeddable":true,"href":"https:\/\/my-eliquid.de\/sv\/wp-json\/wp\/v2\/product_tag?post=302523"}],"curies":[{"name":"wp","href":"https:\/\/api.w.org\/{rel}","templated":true}]}}