{"id":302524,"date":"2017-09-06T00:00:00","date_gmt":"2017-09-05T22:00:00","guid":{"rendered":"https:\/\/my-eliquid.de\/shop\/fred-s-astaire-aroma\/"},"modified":"2026-03-10T08:54:01","modified_gmt":"2026-03-10T07:54:01","slug":"fred-s-astaire-aroma","status":"publish","type":"product","link":"https:\/\/my-eliquid.de\/sv\/shop\/fred-s-astaire-aroma\/","title":{"rendered":"Freds Astaire-doft"},"content":{"rendered":"<p>V\u00e5r <strong>Fred Astaire smak<\/strong> mit seinem k\u00fchlenden Anisgeschmack stammt aus der Linie der <strong>Menthol Aromen<\/strong>. Die au\u00dfergew\u00f6hnliche Kombination aus frischem Anis und k\u00fchlendem <strong>mentol<\/strong> schmeckt angenehm anregend. Das <strong>Fred Astaire smak<\/strong> \u00e4r l\u00e4mplig f\u00f6r smaks\u00e4ttning och <strong>Tillverka dina egna v\u00e4tskor<\/strong> och kan blandas med andra smaker. P\u00e5 s\u00e5 s\u00e4tt kan du skapa nya, individualiserade v\u00e4tskor g\u00e5ng p\u00e5 g\u00e5ng! <strong>aromer<\/strong> f\u00e5r inte anv\u00e4ndas outsp\u00e4dd och m\u00e5ste alltid genomg\u00e5 en <strong>Bas<\/strong> kan l\u00e4ggas till.<\/p>","protected":false},"excerpt":{"rendered":"<p>Nyanst\u00e4lld <strong>Aniseed<\/strong>, med en touch av <strong>mentol<\/strong> f\u00f6r\u00e4dlad, \u00e4r i v\u00e5r <strong>Fred Astaire smak<\/strong> f\u00f6r den dagliga <strong>Vaping<\/strong> och kombinera med andra smaker.<\/p>","protected":false},"featured_media":319408,"comment_status":"open","ping_status":"closed","template":"","meta":{"_acf_changed":false,"_relevanssi_hide_post":"","_relevanssi_hide_content":"","_relevanssi_pin_for_all":"","_relevanssi_pin_keywords":"","_relevanssi_unpin_keywords":"","_relevanssi_related_keywords":"","_relevanssi_related_include_ids":"","_relevanssi_related_exclude_ids":"","_relevanssi_related_no_append":"","_relevanssi_related_not_related":"","_relevanssi_related_posts":"","_relevanssi_noindex_reason":""},"product_brand":[],"product_cat":[4733,4882,4701,4704,4881,4712],"product_tag":[6716,1399,6847,6861,6730,6860,6712,5805,5792,4956,5226],"class_list":{"0":"post-302524","1":"product","2":"type-product","3":"status-publish","4":"has-post-thumbnail","6":"product_cat-alle-aromen","7":"product_cat-aromen-ohne-sucralose","8":"product_cat-aromen","9":"product_cat-menthol-aromen-liquid-e-zigarette","10":"product_cat-my-eliquid-aromen","11":"product_cat-special-aromen-liquid-e-zigarette","12":"product_tag-alle","13":"product_tag-aroma","14":"product_tag-aromen","15":"product_tag-astaire","16":"product_tag-eliquids","17":"product_tag-freds","18":"product_tag-fuer","19":"product_tag-liquid","20":"product_tag-liquids","21":"product_tag-menthol","22":"product_tag-special","23":"product_shipping_class-standard","25":"first","26":"instock","27":"taxable","28":"shipping-taxable","29":"purchasable","30":"product-type-variable"},"acf":[],"_links":{"self":[{"href":"https:\/\/my-eliquid.de\/sv\/wp-json\/wp\/v2\/product\/302524","targetHints":{"allow":["GET"]}}],"collection":[{"href":"https:\/\/my-eliquid.de\/sv\/wp-json\/wp\/v2\/product"}],"about":[{"href":"https:\/\/my-eliquid.de\/sv\/wp-json\/wp\/v2\/types\/product"}],"replies":[{"embeddable":true,"href":"https:\/\/my-eliquid.de\/sv\/wp-json\/wp\/v2\/comments?post=302524"}],"wp:featuredmedia":[{"embeddable":true,"href":"https:\/\/my-eliquid.de\/sv\/wp-json\/wp\/v2\/media\/319408"}],"wp:attachment":[{"href":"https:\/\/my-eliquid.de\/sv\/wp-json\/wp\/v2\/media?parent=302524"}],"wp:term":[{"taxonomy":"product_brand","embeddable":true,"href":"https:\/\/my-eliquid.de\/sv\/wp-json\/wp\/v2\/product_brand?post=302524"},{"taxonomy":"product_cat","embeddable":true,"href":"https:\/\/my-eliquid.de\/sv\/wp-json\/wp\/v2\/product_cat?post=302524"},{"taxonomy":"product_tag","embeddable":true,"href":"https:\/\/my-eliquid.de\/sv\/wp-json\/wp\/v2\/product_tag?post=302524"}],"curies":[{"name":"wp","href":"https:\/\/api.w.org\/{rel}","templated":true}]}}