{"id":302543,"date":"2013-11-11T00:00:00","date_gmt":"2013-11-10T23:00:00","guid":{"rendered":"https:\/\/my-eliquid.de\/shop\/schwarzkirsche-aroma\/"},"modified":"2026-04-10T13:02:28","modified_gmt":"2026-04-10T11:02:28","slug":"schwarzkirsche-aroma","status":"publish","type":"product","link":"https:\/\/my-eliquid.de\/sv\/shop\/schwarzkirsche-aroma\/","title":{"rendered":"Sura k\u00f6rsb\u00e4rsarom"},"content":{"rendered":"<p>V\u00e5r <strong>Sura k\u00f6rsb\u00e4rsarom<\/strong> punktet mit seinem fruchtigen Geschmack von erlesenen Kirschen und stammt aus der Linie der <strong>Fruktaromer<\/strong>.<\/p>\n<p>Das wunderbare <strong>arom<\/strong> von verf\u00fchrerisch-roten <strong>k\u00f6rsb\u00e4r<\/strong> \u2013 Der garantierte Genuss wie frisch aus dem Garten!<\/p>\n<p>Det <strong>Sauerkirsche \u00a0Aroma<\/strong> \u00e4r l\u00e4mplig f\u00f6r smaks\u00e4ttning och <strong>Tillverka dina egna v\u00e4tskor<\/strong> och kan kombineras med andra <strong>Smaker blandade<\/strong> bli.<\/p>\n<p>P\u00e5 s\u00e5 s\u00e4tt kan du skapa nya, individuella och unika <strong>V\u00e4tskor<\/strong>!<\/p>\n<p>Aromer f\u00e5r inte anv\u00e4ndas outsp\u00e4dda och m\u00e5ste alltid genomg\u00e5 en <strong>Bas<\/strong> kan l\u00e4ggas till.<\/p>","protected":false},"excerpt":{"rendered":"<p>Fruktig, aromatisk och garanterat som nyplockad fr\u00e5n frukttr\u00e4det: V\u00e5r <strong>Sura k\u00f6rsb\u00e4rsarom<\/strong> ger dig den intensiva smaken av mogna k\u00f6rsb\u00e4r.<\/p>","protected":false},"featured_media":319476,"comment_status":"open","ping_status":"closed","template":"","meta":{"_acf_changed":false,"_relevanssi_hide_post":"","_relevanssi_hide_content":"","_relevanssi_pin_for_all":"","_relevanssi_pin_keywords":"","_relevanssi_unpin_keywords":"","_relevanssi_related_keywords":"","_relevanssi_related_include_ids":"","_relevanssi_related_exclude_ids":"","_relevanssi_related_no_append":"","_relevanssi_related_not_related":"","_relevanssi_related_posts":"","_relevanssi_noindex_reason":""},"product_brand":[],"product_cat":[4733,4882,4701,4705,4881],"product_tag":[1399,6823,4919,4915,5166,4917,4914,4918,5004,5220,7114,4920],"class_list":{"0":"post-302543","1":"product","2":"type-product","3":"status-publish","4":"has-post-thumbnail","6":"product_cat-alle-aromen","7":"product_cat-aromen-ohne-sucralose","8":"product_cat-aromen","9":"product_cat-frucht-aromen-liquid-e-zigarette","10":"product_cat-my-eliquid-aromen","11":"product_tag-aroma","12":"product_tag-cheery","13":"product_tag-dampfer","14":"product_tag-e-liquid","15":"product_tag-e-zigarette","16":"product_tag-e-zigi","17":"product_tag-eliquid","18":"product_tag-ezigarette","19":"product_tag-nachfuellfluessigkeit","20":"product_tag-sauerkirsche","21":"product_tag-souer","22":"product_tag-verdampfer","23":"product_shipping_class-standard","25":"first","26":"instock","27":"taxable","28":"shipping-taxable","29":"purchasable","30":"product-type-variable"},"acf":[],"_links":{"self":[{"href":"https:\/\/my-eliquid.de\/sv\/wp-json\/wp\/v2\/product\/302543","targetHints":{"allow":["GET"]}}],"collection":[{"href":"https:\/\/my-eliquid.de\/sv\/wp-json\/wp\/v2\/product"}],"about":[{"href":"https:\/\/my-eliquid.de\/sv\/wp-json\/wp\/v2\/types\/product"}],"replies":[{"embeddable":true,"href":"https:\/\/my-eliquid.de\/sv\/wp-json\/wp\/v2\/comments?post=302543"}],"wp:featuredmedia":[{"embeddable":true,"href":"https:\/\/my-eliquid.de\/sv\/wp-json\/wp\/v2\/media\/319476"}],"wp:attachment":[{"href":"https:\/\/my-eliquid.de\/sv\/wp-json\/wp\/v2\/media?parent=302543"}],"wp:term":[{"taxonomy":"product_brand","embeddable":true,"href":"https:\/\/my-eliquid.de\/sv\/wp-json\/wp\/v2\/product_brand?post=302543"},{"taxonomy":"product_cat","embeddable":true,"href":"https:\/\/my-eliquid.de\/sv\/wp-json\/wp\/v2\/product_cat?post=302543"},{"taxonomy":"product_tag","embeddable":true,"href":"https:\/\/my-eliquid.de\/sv\/wp-json\/wp\/v2\/product_tag?post=302543"}],"curies":[{"name":"wp","href":"https:\/\/api.w.org\/{rel}","templated":true}]}}