{"id":302554,"date":"2013-10-17T00:00:00","date_gmt":"2013-10-16T22:00:00","guid":{"rendered":"https:\/\/my-eliquid.de\/shop\/pfirsich2-aroma\/"},"modified":"2026-03-17T09:25:49","modified_gmt":"2026-03-17T08:25:49","slug":"pfirsich2-aroma","status":"publish","type":"product","link":"https:\/\/my-eliquid.de\/sv\/shop\/pfirsich2-aroma\/","title":{"rendered":"Smak av s\u00f6t persika (Peach 2)"},"content":{"rendered":"<p style=\"line-height: 19px;\">V\u00e5r\u00a0<strong>Smak av s\u00f6t persika<\/strong>\u00a0besticht mit seinem unverwechselbaren, saftig-s\u00fc\u00dfen\u00a0<strong>Pfirsichgeschmack<\/strong>\u00a0och kommer fr\u00e5n raden av\u00a0<strong>Fruktaromer<\/strong>.<\/p>\n<p style=\"line-height: 19px;\">Aromatisch-s\u00fc\u00dfer Geschmack von saftig-fruchtigen\u00a0<strong>Persikor<\/strong>: ein Traum!<\/p>\n<p style=\"line-height: 19px;\">Det<span style=\"line-height: 19px;\">\u00a0<\/span><strong style=\"line-height: 19px;\">Smak av s\u00f6t persika<\/strong>\u00a0\u00e4r l\u00e4mplig f\u00f6r smaks\u00e4ttning och\u00a0<strong>Tillverka dina egna v\u00e4tskor<\/strong>\u00a0och kan kombineras med andra\u00a0<strong>Smaker blandade<\/strong>\u00a0bli.<\/p>\n<p style=\"line-height: 19px;\">P\u00e5 s\u00e5 s\u00e4tt kan du skapa nya, individuella och unika\u00a0<strong>V\u00e4tskor<\/strong>!<\/p>\n<p style=\"line-height: 19px;\">Aromer f\u00e5r inte anv\u00e4ndas outsp\u00e4dda och m\u00e5ste alltid genomg\u00e5 en<strong>Bas<\/strong>\u00a0kan l\u00e4ggas till.<\/p>","protected":false},"excerpt":{"rendered":"<p><span style=\"line-height: 19px\">Dagligen\u00a0<\/span><strong style=\"line-height: 19px\">N\u00f6je f\u00f6r<\/strong><span style=\"line-height: 19px\">\u00a0e-cigaretter\u00a0<\/span><strong style=\"line-height: 19px\">\u00e5ngb\u00e5t<\/strong><span style=\"line-height: 19px\">\u00a0lovar att\u00a0<\/span><strong style=\"line-height: 19px\">Smak av s\u00f6t persika<\/strong><span style=\"line-height: 19px\">\u00a0och f\u00e5ngar\u00a0<\/span><strong style=\"line-height: 19px\">saftig-s\u00f6t smak<\/strong><span style=\"line-height: 19px\">\u00a0av en solmogen persika.<\/span><\/p>","protected":false},"featured_media":319521,"comment_status":"open","ping_status":"closed","template":"","meta":{"_acf_changed":false,"_relevanssi_hide_post":"","_relevanssi_hide_content":"","_relevanssi_pin_for_all":"","_relevanssi_pin_keywords":"","_relevanssi_unpin_keywords":"","_relevanssi_related_keywords":"","_relevanssi_related_include_ids":"","_relevanssi_related_exclude_ids":"","_relevanssi_related_no_append":"","_relevanssi_related_not_related":"","_relevanssi_related_posts":"","_relevanssi_noindex_reason":""},"product_brand":[],"product_cat":[4733,4882,4701,4705,4881],"product_tag":[4919,4915,5166,4917,4914,4918,5004,4993,4920],"class_list":{"0":"post-302554","1":"product","2":"type-product","3":"status-publish","4":"has-post-thumbnail","6":"product_cat-alle-aromen","7":"product_cat-aromen-ohne-sucralose","8":"product_cat-aromen","9":"product_cat-frucht-aromen-liquid-e-zigarette","10":"product_cat-my-eliquid-aromen","11":"product_tag-dampfer","12":"product_tag-e-liquid","13":"product_tag-e-zigarette","14":"product_tag-e-zigi","15":"product_tag-eliquid","16":"product_tag-ezigarette","17":"product_tag-nachfuellfluessigkeit","18":"product_tag-pfirsich","19":"product_tag-verdampfer","20":"product_shipping_class-standard","22":"first","23":"instock","24":"taxable","25":"shipping-taxable","26":"purchasable","27":"product-type-variable"},"acf":[],"_links":{"self":[{"href":"https:\/\/my-eliquid.de\/sv\/wp-json\/wp\/v2\/product\/302554","targetHints":{"allow":["GET"]}}],"collection":[{"href":"https:\/\/my-eliquid.de\/sv\/wp-json\/wp\/v2\/product"}],"about":[{"href":"https:\/\/my-eliquid.de\/sv\/wp-json\/wp\/v2\/types\/product"}],"replies":[{"embeddable":true,"href":"https:\/\/my-eliquid.de\/sv\/wp-json\/wp\/v2\/comments?post=302554"}],"wp:featuredmedia":[{"embeddable":true,"href":"https:\/\/my-eliquid.de\/sv\/wp-json\/wp\/v2\/media\/319521"}],"wp:attachment":[{"href":"https:\/\/my-eliquid.de\/sv\/wp-json\/wp\/v2\/media?parent=302554"}],"wp:term":[{"taxonomy":"product_brand","embeddable":true,"href":"https:\/\/my-eliquid.de\/sv\/wp-json\/wp\/v2\/product_brand?post=302554"},{"taxonomy":"product_cat","embeddable":true,"href":"https:\/\/my-eliquid.de\/sv\/wp-json\/wp\/v2\/product_cat?post=302554"},{"taxonomy":"product_tag","embeddable":true,"href":"https:\/\/my-eliquid.de\/sv\/wp-json\/wp\/v2\/product_tag?post=302554"}],"curies":[{"name":"wp","href":"https:\/\/api.w.org\/{rel}","templated":true}]}}