{"id":302563,"date":"2011-12-24T00:00:00","date_gmt":"2011-12-23T23:00:00","guid":{"rendered":"https:\/\/my-eliquid.de\/shop\/7-leaves-aroma\/"},"modified":"2026-04-08T09:43:34","modified_gmt":"2026-04-08T07:43:34","slug":"7-leaves-aroma","status":"publish","type":"product","link":"https:\/\/my-eliquid.de\/sv\/shop\/7-leaves-aroma\/","title":{"rendered":"7 Blad smak"},"content":{"rendered":"<p>V\u00e5r <strong>7 Blad smak<\/strong> kombiniert den erlesenen Geschmack von sieben feinen, angenehm milden <strong>Olika typer av cigaretter<\/strong> och kommer fr\u00e5n raden av <strong>Tabak Aromen<\/strong>. Mit diesem dezent-milden Geschmack schweben Sie garantiert im siebten <strong>tobak<\/strong>-Himmel! Das <strong>7 Blad smak<\/strong> \u00e4r l\u00e4mplig f\u00f6r smaks\u00e4ttning och <strong>Tillverka dina egna v\u00e4tskor<\/strong> och kan kombineras med andra <strong>Smaker blandade<\/strong> bli. P\u00e5 s\u00e5 s\u00e4tt kan du skapa nya, individualiserade m\u00f6nster om och om igen. <strong>V\u00e4tskor<\/strong>! <strong>aromer<\/strong> f\u00e5r inte anv\u00e4ndas outsp\u00e4dd och m\u00e5ste alltid genomg\u00e5 en <strong>Bas<\/strong> kan l\u00e4ggas till.<\/p>","protected":false},"excerpt":{"rendered":"<p>Alla goda ting kommer i ... sjuor? Ja, eftersom v\u00e5r unika <strong>7 Blad smak<\/strong> kombinerar smaken av sju utvalda, subtilt milda <strong>Olika typer av cigaretter<\/strong>!<\/p>","protected":false},"featured_media":319567,"comment_status":"open","ping_status":"closed","template":"","meta":{"_acf_changed":false,"_relevanssi_hide_post":"","_relevanssi_hide_content":"","_relevanssi_pin_for_all":"","_relevanssi_pin_keywords":"","_relevanssi_unpin_keywords":"","_relevanssi_related_keywords":"","_relevanssi_related_include_ids":"","_relevanssi_related_exclude_ids":"","_relevanssi_related_no_append":"","_relevanssi_related_not_related":"","_relevanssi_related_posts":"","_relevanssi_noindex_reason":""},"product_brand":[],"product_cat":[4733,4882,4701,4881,4703],"product_tag":[7120,1399,6847,7121,5805,5792,6527],"class_list":{"0":"post-302563","1":"product","2":"type-product","3":"status-publish","4":"has-post-thumbnail","6":"product_cat-alle-aromen","7":"product_cat-aromen-ohne-sucralose","8":"product_cat-aromen","9":"product_cat-my-eliquid-aromen","10":"product_cat-tabak-aromen-liquid-e-zigarette","11":"product_tag-7120","12":"product_tag-aroma","13":"product_tag-aromen","14":"product_tag-leaves","15":"product_tag-liquid","16":"product_tag-liquids","17":"product_tag-tabak","18":"product_shipping_class-standard","20":"first","21":"instock","22":"taxable","23":"shipping-taxable","24":"purchasable","25":"product-type-variable"},"acf":[],"_links":{"self":[{"href":"https:\/\/my-eliquid.de\/sv\/wp-json\/wp\/v2\/product\/302563","targetHints":{"allow":["GET"]}}],"collection":[{"href":"https:\/\/my-eliquid.de\/sv\/wp-json\/wp\/v2\/product"}],"about":[{"href":"https:\/\/my-eliquid.de\/sv\/wp-json\/wp\/v2\/types\/product"}],"replies":[{"embeddable":true,"href":"https:\/\/my-eliquid.de\/sv\/wp-json\/wp\/v2\/comments?post=302563"}],"wp:featuredmedia":[{"embeddable":true,"href":"https:\/\/my-eliquid.de\/sv\/wp-json\/wp\/v2\/media\/319567"}],"wp:attachment":[{"href":"https:\/\/my-eliquid.de\/sv\/wp-json\/wp\/v2\/media?parent=302563"}],"wp:term":[{"taxonomy":"product_brand","embeddable":true,"href":"https:\/\/my-eliquid.de\/sv\/wp-json\/wp\/v2\/product_brand?post=302563"},{"taxonomy":"product_cat","embeddable":true,"href":"https:\/\/my-eliquid.de\/sv\/wp-json\/wp\/v2\/product_cat?post=302563"},{"taxonomy":"product_tag","embeddable":true,"href":"https:\/\/my-eliquid.de\/sv\/wp-json\/wp\/v2\/product_tag?post=302563"}],"curies":[{"name":"wp","href":"https:\/\/api.w.org\/{rel}","templated":true}]}}