{"id":302566,"date":"2013-06-30T00:00:00","date_gmt":"2013-06-29T22:00:00","guid":{"rendered":"https:\/\/my-eliquid.de\/shop\/waldmeister-2-aroma\/"},"modified":"2025-11-25T13:53:13","modified_gmt":"2025-11-25T12:53:13","slug":"waldmeister-2-aroma","status":"publish","type":"product","link":"https:\/\/my-eliquid.de\/sv\/shop\/waldmeister-2-aroma\/","title":{"rendered":"S\u00f6t smak av Woodfruff (Woodruff 2)"},"content":{"rendered":"<p>V\u00e5r <strong>Sweet Woodruff Aroma<\/strong> \u00fcberzeugt mit seinem lieblich-s\u00fc\u00dfen und einzigartig-authentischen <strong>Waldmeistergeschmack<\/strong> och kommer fr\u00e5n raden av <strong>Fruktaromer<\/strong>.<\/p>\n<p>Die gr\u00fcne K\u00f6stlichkeit: nat\u00fcrlich und frisch \u2013 einfach nur lecker!<\/p>\n<p>Det <strong>Waldmeister 2 Aroma<\/strong> \u00e4r l\u00e4mplig f\u00f6r smaks\u00e4ttning och <strong>Tillverka dina egna v\u00e4tskor<\/strong> och kan kombineras med andra <strong>Smaker blandade<\/strong> bli.<\/p>\n<p>P\u00e5 s\u00e5 s\u00e4tt kan du skapa nya, individuella och unika <strong>V\u00e4tskor<\/strong>!<\/p>\n<p>Aromer f\u00e5r inte anv\u00e4ndas outsp\u00e4dda och m\u00e5ste alltid genomg\u00e5 en <strong>Bas<\/strong> kan l\u00e4ggas till.<\/p>","protected":false},"excerpt":{"rendered":"<p>Traumhaft lieblich, k\u00f6stlich s\u00fc\u00df und wunderbar einzigartig: Unser <strong>Sweet Woodruff\u00a0Aroma<\/strong> beschert Ihnen den unglaublichen Geschmack des leckeren <strong>Waldmeisterkrauts<\/strong>!<\/p>","protected":false},"featured_media":319571,"comment_status":"open","ping_status":"closed","template":"","meta":{"_acf_changed":false,"_relevanssi_hide_post":"","_relevanssi_hide_content":"","_relevanssi_pin_for_all":"","_relevanssi_pin_keywords":"","_relevanssi_unpin_keywords":"","_relevanssi_related_keywords":"","_relevanssi_related_include_ids":"","_relevanssi_related_exclude_ids":"","_relevanssi_related_no_append":"","_relevanssi_related_not_related":"","_relevanssi_related_posts":"","_relevanssi_noindex_reason":""},"product_brand":[],"product_cat":[4733,4882,4701,4705,4881],"product_tag":[4915,4914,4942,5004,6821,5045,6979],"class_list":{"0":"post-302566","1":"product","2":"type-product","3":"status-publish","4":"has-post-thumbnail","6":"product_cat-alle-aromen","7":"product_cat-aromen-ohne-sucralose","8":"product_cat-aromen","9":"product_cat-frucht-aromen-liquid-e-zigarette","10":"product_cat-my-eliquid-aromen","11":"product_tag-e-liquid","12":"product_tag-eliquid","13":"product_tag-frucht","14":"product_tag-nachfuellfluessigkeit","15":"product_tag-sweet","16":"product_tag-waldmeister","17":"product_tag-woodruff","18":"product_shipping_class-standard","20":"first","21":"outofstock","22":"taxable","23":"shipping-taxable","24":"purchasable","25":"product-type-variable"},"acf":[],"_links":{"self":[{"href":"https:\/\/my-eliquid.de\/sv\/wp-json\/wp\/v2\/product\/302566","targetHints":{"allow":["GET"]}}],"collection":[{"href":"https:\/\/my-eliquid.de\/sv\/wp-json\/wp\/v2\/product"}],"about":[{"href":"https:\/\/my-eliquid.de\/sv\/wp-json\/wp\/v2\/types\/product"}],"replies":[{"embeddable":true,"href":"https:\/\/my-eliquid.de\/sv\/wp-json\/wp\/v2\/comments?post=302566"}],"wp:featuredmedia":[{"embeddable":true,"href":"https:\/\/my-eliquid.de\/sv\/wp-json\/wp\/v2\/media\/319571"}],"wp:attachment":[{"href":"https:\/\/my-eliquid.de\/sv\/wp-json\/wp\/v2\/media?parent=302566"}],"wp:term":[{"taxonomy":"product_brand","embeddable":true,"href":"https:\/\/my-eliquid.de\/sv\/wp-json\/wp\/v2\/product_brand?post=302566"},{"taxonomy":"product_cat","embeddable":true,"href":"https:\/\/my-eliquid.de\/sv\/wp-json\/wp\/v2\/product_cat?post=302566"},{"taxonomy":"product_tag","embeddable":true,"href":"https:\/\/my-eliquid.de\/sv\/wp-json\/wp\/v2\/product_tag?post=302566"}],"curies":[{"name":"wp","href":"https:\/\/api.w.org\/{rel}","templated":true}]}}