{"id":302580,"date":"2013-11-11T00:00:00","date_gmt":"2013-11-10T23:00:00","guid":{"rendered":"https:\/\/my-eliquid.de\/shop\/bananenmilch-aroma\/"},"modified":"2025-12-22T07:43:20","modified_gmt":"2025-12-22T06:43:20","slug":"bananenmilch-aroma","status":"publish","type":"product","link":"https:\/\/my-eliquid.de\/sv\/shop\/bananenmilch-aroma\/","title":{"rendered":"Bananmj\u00f6lk Aroma"},"content":{"rendered":"<p>V\u00e5r <strong>Bananmj\u00f6lk Aroma<\/strong> mit seinem fruchtig-cremigen <strong>Bananen-Milchshake-Geschmack<\/strong> kommer fr\u00e5n raden av <strong>S\u00fc\u00dfen Aromen<\/strong>. Wohlschmeckende <strong>Banan<\/strong> und cremig-feiner <strong>Milchshake<\/strong> \u2013 das s\u00fc\u00df-sahnige Duo! Das <strong>Bananmj\u00f6lk Aroma<\/strong> \u00e4r l\u00e4mplig f\u00f6r <strong>Smaks\u00e4tta och tillverka dina egna v\u00e4tskor<\/strong> och kan <strong>Blandad med andra smaker<\/strong> kan skr\u00e4ddarsys. P\u00e5 s\u00e5 s\u00e4tt kan du skapa nya, individualiserade v\u00e4tskor om och om igen! <strong>aromer<\/strong> f\u00e5r inte anv\u00e4ndas outsp\u00e4dd och m\u00e5ste alltid genomg\u00e5 en <strong>Bas<\/strong> kan l\u00e4ggas till.<\/p>","protected":false},"excerpt":{"rendered":"<p>Das k\u00f6stlich-cremige Milchshake-Vergn\u00fcgen dank fruchtig-s\u00fc\u00dfem Bananengeschmack: Unser <strong>aufregendes, leckeres Bananenmilch Aroma<\/strong> h\u00e4lt, was sein Name verspricht!<\/p>","protected":false},"featured_media":319617,"comment_status":"open","ping_status":"closed","template":"","meta":{"_acf_changed":false,"_relevanssi_hide_post":"","_relevanssi_hide_content":"","_relevanssi_pin_for_all":"","_relevanssi_pin_keywords":"","_relevanssi_unpin_keywords":"","_relevanssi_related_keywords":"","_relevanssi_related_include_ids":"","_relevanssi_related_exclude_ids":"","_relevanssi_related_no_append":"","_relevanssi_related_not_related":"","_relevanssi_related_posts":"","_relevanssi_noindex_reason":""},"product_brand":[],"product_cat":[4733,4882,4701,4881,4707],"product_tag":[7175,4919,4915,5166,4917,4914,4918,5004,4920],"class_list":{"0":"post-302580","1":"product","2":"type-product","3":"status-publish","4":"has-post-thumbnail","6":"product_cat-alle-aromen","7":"product_cat-aromen-ohne-sucralose","8":"product_cat-aromen","9":"product_cat-my-eliquid-aromen","10":"product_cat-suesse-aromen-liquid-e-zigarette","11":"product_tag-bananenmilch","12":"product_tag-dampfer","13":"product_tag-e-liquid","14":"product_tag-e-zigarette","15":"product_tag-e-zigi","16":"product_tag-eliquid","17":"product_tag-ezigarette","18":"product_tag-nachfuellfluessigkeit","19":"product_tag-verdampfer","20":"product_shipping_class-standard","22":"first","23":"outofstock","24":"taxable","25":"shipping-taxable","26":"purchasable","27":"product-type-variable"},"acf":[],"_links":{"self":[{"href":"https:\/\/my-eliquid.de\/sv\/wp-json\/wp\/v2\/product\/302580","targetHints":{"allow":["GET"]}}],"collection":[{"href":"https:\/\/my-eliquid.de\/sv\/wp-json\/wp\/v2\/product"}],"about":[{"href":"https:\/\/my-eliquid.de\/sv\/wp-json\/wp\/v2\/types\/product"}],"replies":[{"embeddable":true,"href":"https:\/\/my-eliquid.de\/sv\/wp-json\/wp\/v2\/comments?post=302580"}],"wp:featuredmedia":[{"embeddable":true,"href":"https:\/\/my-eliquid.de\/sv\/wp-json\/wp\/v2\/media\/319617"}],"wp:attachment":[{"href":"https:\/\/my-eliquid.de\/sv\/wp-json\/wp\/v2\/media?parent=302580"}],"wp:term":[{"taxonomy":"product_brand","embeddable":true,"href":"https:\/\/my-eliquid.de\/sv\/wp-json\/wp\/v2\/product_brand?post=302580"},{"taxonomy":"product_cat","embeddable":true,"href":"https:\/\/my-eliquid.de\/sv\/wp-json\/wp\/v2\/product_cat?post=302580"},{"taxonomy":"product_tag","embeddable":true,"href":"https:\/\/my-eliquid.de\/sv\/wp-json\/wp\/v2\/product_tag?post=302580"}],"curies":[{"name":"wp","href":"https:\/\/api.w.org\/{rel}","templated":true}]}}