{"id":302581,"date":"2017-09-06T00:00:00","date_gmt":"2017-09-05T22:00:00","guid":{"rendered":"https:\/\/my-eliquid.de\/shop\/kiba-aroma\/"},"modified":"2025-11-25T13:50:47","modified_gmt":"2025-11-25T12:50:47","slug":"kiba-aroma","status":"publish","type":"product","link":"https:\/\/my-eliquid.de\/sv\/shop\/kiba-aroma\/","title":{"rendered":"KiBa smak"},"content":{"rendered":"<p>V\u00e5r <strong>KiBa smak<\/strong> mit seinem beliebten <strong>Kirsch-Bananen-Geschmack<\/strong> kommer fr\u00e5n raden av <strong>Fruktaromer<\/strong>. Das Zusammenspiel von praller Kirsche und s\u00fc\u00dfer Banane macht diese Sorte zu einem beliebten Highlight. Das <strong>Kiba-smak<\/strong> \u00e4r l\u00e4mplig f\u00f6r smaks\u00e4ttning och <strong>Tillverka dina egna v\u00e4tskor<\/strong> och kan blandas med andra smaker. P\u00e5 s\u00e5 s\u00e4tt kan du skapa nya, individualiserade v\u00e4tskor g\u00e5ng p\u00e5 g\u00e5ng! <strong>aromer<\/strong> f\u00e5r inte anv\u00e4ndas outsp\u00e4dd och m\u00e5ste alltid genomg\u00e5 en <strong>Bas<\/strong> kan l\u00e4ggas till.<\/p>","protected":false},"excerpt":{"rendered":"<p>N\u00e4r <strong>K\u00f6rsb\u00e4r och banan<\/strong> kombineras f\u00f6r att skapa den universellt popul\u00e4ra smaken som vi anv\u00e4nder i v\u00e5ra uppfriskande s\u00f6ta <strong>Kiba-smak<\/strong> har satt ihop \u00e5t dig.<\/p>","protected":false},"featured_media":319621,"comment_status":"open","ping_status":"closed","template":"","meta":{"_acf_changed":false,"_relevanssi_hide_post":"","_relevanssi_hide_content":"","_relevanssi_pin_for_all":"","_relevanssi_pin_keywords":"","_relevanssi_unpin_keywords":"","_relevanssi_related_keywords":"","_relevanssi_related_include_ids":"","_relevanssi_related_exclude_ids":"","_relevanssi_related_no_append":"","_relevanssi_related_not_related":"","_relevanssi_related_posts":"","_relevanssi_noindex_reason":""},"product_brand":[],"product_cat":[4733,4701,4702,4881,4792],"product_tag":[6716,1399,6847,5253,6730,6712,7182,5805,5792],"class_list":{"0":"post-302581","1":"product","2":"type-product","3":"status-publish","4":"has-post-thumbnail","6":"product_cat-alle-aromen","7":"product_cat-aromen","8":"product_cat-drinks-aromen-liquid-e-zigarette","9":"product_cat-my-eliquid-aromen","10":"product_cat-neue-aromen","11":"product_tag-alle","12":"product_tag-aroma","13":"product_tag-aromen","14":"product_tag-drinks","15":"product_tag-eliquids","16":"product_tag-fuer","17":"product_tag-kiba","18":"product_tag-liquid","19":"product_tag-liquids","20":"product_shipping_class-standard","22":"first","23":"outofstock","24":"taxable","25":"shipping-taxable","26":"purchasable","27":"product-type-variable"},"acf":[],"_links":{"self":[{"href":"https:\/\/my-eliquid.de\/sv\/wp-json\/wp\/v2\/product\/302581","targetHints":{"allow":["GET"]}}],"collection":[{"href":"https:\/\/my-eliquid.de\/sv\/wp-json\/wp\/v2\/product"}],"about":[{"href":"https:\/\/my-eliquid.de\/sv\/wp-json\/wp\/v2\/types\/product"}],"replies":[{"embeddable":true,"href":"https:\/\/my-eliquid.de\/sv\/wp-json\/wp\/v2\/comments?post=302581"}],"wp:featuredmedia":[{"embeddable":true,"href":"https:\/\/my-eliquid.de\/sv\/wp-json\/wp\/v2\/media\/319621"}],"wp:attachment":[{"href":"https:\/\/my-eliquid.de\/sv\/wp-json\/wp\/v2\/media?parent=302581"}],"wp:term":[{"taxonomy":"product_brand","embeddable":true,"href":"https:\/\/my-eliquid.de\/sv\/wp-json\/wp\/v2\/product_brand?post=302581"},{"taxonomy":"product_cat","embeddable":true,"href":"https:\/\/my-eliquid.de\/sv\/wp-json\/wp\/v2\/product_cat?post=302581"},{"taxonomy":"product_tag","embeddable":true,"href":"https:\/\/my-eliquid.de\/sv\/wp-json\/wp\/v2\/product_tag?post=302581"}],"curies":[{"name":"wp","href":"https:\/\/api.w.org\/{rel}","templated":true}]}}