{"id":302584,"date":"2012-10-21T00:00:00","date_gmt":"2012-10-20T22:00:00","guid":{"rendered":"https:\/\/my-eliquid.de\/shop\/eierpunsch-aroma\/"},"modified":"2025-12-23T12:55:40","modified_gmt":"2025-12-23T11:55:40","slug":"eierpunsch-aroma","status":"publish","type":"product","link":"https:\/\/my-eliquid.de\/sv\/shop\/eierpunsch-aroma\/","title":{"rendered":"Smak av \u00e4ggtoddy"},"content":{"rendered":"<p>V\u00e5r <strong>Smak av \u00e4ggtoddy<\/strong> med sin kr\u00e4miga, underbart s\u00f6ta <strong>Smak av \u00e4ggtoddy<\/strong> kommer fr\u00e5n raden av <strong>Specialaromer<\/strong>. Den kr\u00e4miga, juliga s\u00f6tsaken - smakar gott b\u00e5de p\u00e5 sommaren och vintern! Den <strong>Smak av \u00e4ggtoddy<\/strong> \u00e4r l\u00e4mplig f\u00f6r <strong>Smaks\u00e4tta och tillverka dina egna v\u00e4tskor<\/strong> och kan <strong>Blandad med andra smaker<\/strong> kan skr\u00e4ddarsys. P\u00e5 s\u00e5 s\u00e4tt kan du skapa nya, individualiserade v\u00e4tskor om och om igen! <strong>aromer<\/strong> f\u00e5r inte anv\u00e4ndas outsp\u00e4dd och m\u00e5ste alltid genomg\u00e5 en <strong>Bas<\/strong> kan l\u00e4ggas till.<\/p>","protected":false},"excerpt":{"rendered":"<p>Om du gillar s\u00f6tsaker och juls\u00e4songen vill du inte missa v\u00e5r <strong>Smak av \u00e4ggtoddy<\/strong> Den kr\u00e4migt s\u00f6ta frestelsen med en mild, aromatisk alkoholnot!<\/p>","protected":false},"featured_media":319652,"comment_status":"open","ping_status":"closed","template":"","meta":{"_acf_changed":false,"_relevanssi_hide_post":"","_relevanssi_hide_content":"","_relevanssi_pin_for_all":"","_relevanssi_pin_keywords":"","_relevanssi_unpin_keywords":"","_relevanssi_related_keywords":"","_relevanssi_related_include_ids":"","_relevanssi_related_exclude_ids":"","_relevanssi_related_no_append":"","_relevanssi_related_not_related":"","_relevanssi_related_posts":"","_relevanssi_noindex_reason":""},"product_brand":[],"product_cat":[4733,4882,4701,4881,4712],"product_tag":[4919,4915,5166,4917,5147,5146,6818,4918,5004,4920,6819],"class_list":{"0":"post-302584","1":"product","2":"type-product","3":"status-publish","4":"has-post-thumbnail","6":"product_cat-alle-aromen","7":"product_cat-aromen-ohne-sucralose","8":"product_cat-aromen","9":"product_cat-my-eliquid-aromen","10":"product_cat-special-aromen-liquid-e-zigarette","11":"product_tag-dampfer","12":"product_tag-e-liquid","13":"product_tag-e-zigarette","14":"product_tag-e-zigi","15":"product_tag-eierlikoer","16":"product_tag-eierpunsch","17":"product_tag-elektrische","18":"product_tag-ezigarette","19":"product_tag-nachfuellfluessigkeit","20":"product_tag-verdampfer","21":"product_tag-zigarette","22":"product_shipping_class-standard","24":"first","25":"instock","26":"taxable","27":"shipping-taxable","28":"purchasable","29":"product-type-variable"},"acf":[],"_links":{"self":[{"href":"https:\/\/my-eliquid.de\/sv\/wp-json\/wp\/v2\/product\/302584","targetHints":{"allow":["GET"]}}],"collection":[{"href":"https:\/\/my-eliquid.de\/sv\/wp-json\/wp\/v2\/product"}],"about":[{"href":"https:\/\/my-eliquid.de\/sv\/wp-json\/wp\/v2\/types\/product"}],"replies":[{"embeddable":true,"href":"https:\/\/my-eliquid.de\/sv\/wp-json\/wp\/v2\/comments?post=302584"}],"wp:featuredmedia":[{"embeddable":true,"href":"https:\/\/my-eliquid.de\/sv\/wp-json\/wp\/v2\/media\/319652"}],"wp:attachment":[{"href":"https:\/\/my-eliquid.de\/sv\/wp-json\/wp\/v2\/media?parent=302584"}],"wp:term":[{"taxonomy":"product_brand","embeddable":true,"href":"https:\/\/my-eliquid.de\/sv\/wp-json\/wp\/v2\/product_brand?post=302584"},{"taxonomy":"product_cat","embeddable":true,"href":"https:\/\/my-eliquid.de\/sv\/wp-json\/wp\/v2\/product_cat?post=302584"},{"taxonomy":"product_tag","embeddable":true,"href":"https:\/\/my-eliquid.de\/sv\/wp-json\/wp\/v2\/product_tag?post=302584"}],"curies":[{"name":"wp","href":"https:\/\/api.w.org\/{rel}","templated":true}]}}