{"id":302590,"date":"2013-10-17T00:00:00","date_gmt":"2013-10-16T22:00:00","guid":{"rendered":"https:\/\/my-eliquid.de\/shop\/himbeere2-aroma\/"},"modified":"2025-11-25T13:53:12","modified_gmt":"2025-11-25T12:53:12","slug":"himbeere2-aroma","status":"publish","type":"product","link":"https:\/\/my-eliquid.de\/sv\/shop\/himbeere2-aroma\/","title":{"rendered":"Smak Sweet Raspberry (Raspberry 2)"},"content":{"rendered":"<p>V\u00e5r <strong>Smak av s\u00f6ta hallon<\/strong> med sin s\u00f6ta, fruktiga och uts\u00f6kt autentiska hallonsmak, kommer fr\u00e5n sortimentet av <strong>Fruktaromer<\/strong>.<\/p>\n<p>Dr\u00f6mlik <strong>Smak av hallon<\/strong> att bli f\u00f6r\u00e4lskad i: s\u00f6t, fruktig och underbart mild.<\/p>\n<p>Det <strong>Smak av s\u00f6ta hallon<\/strong> \u00e4r l\u00e4mplig f\u00f6r smaks\u00e4ttning och <strong>Tillverka dina egna v\u00e4tskor<\/strong> och kan kombineras med andra <strong>Smaker blandade<\/strong> bli.<\/p>\n<p>P\u00e5 s\u00e5 s\u00e4tt kan du skapa nya, individuella och unika <strong>V\u00e4tskor<\/strong>!<\/p>\n<p>Aromer f\u00e5r inte anv\u00e4ndas outsp\u00e4dda och m\u00e5ste alltid genomg\u00e5 en <strong>Bas<\/strong> kan l\u00e4ggas till.<\/p>","protected":false},"excerpt":{"rendered":"<p>Vill du ha en mjuk, s\u00f6t hallondoft? V\u00e5r <strong>Smak av s\u00f6ta hallon<\/strong> ger dig den autentiska, fruktiga och intensiva smaken av uts\u00f6kta, handplockade <strong>hallon<\/strong>!<\/p>","protected":false},"featured_media":319683,"comment_status":"open","ping_status":"closed","template":"","meta":{"_acf_changed":false,"_relevanssi_hide_post":"","_relevanssi_hide_content":"","_relevanssi_pin_for_all":"","_relevanssi_pin_keywords":"","_relevanssi_unpin_keywords":"","_relevanssi_related_keywords":"","_relevanssi_related_include_ids":"","_relevanssi_related_exclude_ids":"","_relevanssi_related_no_append":"","_relevanssi_related_not_related":"","_relevanssi_related_posts":"","_relevanssi_noindex_reason":""},"product_brand":[],"product_cat":[4733,4882,4701,4705,4881],"product_tag":[4919,4915,5166,4917,4914,4918,5095,5004,5096,4920],"class_list":{"0":"post-302590","1":"product","2":"type-product","3":"status-publish","4":"has-post-thumbnail","6":"product_cat-alle-aromen","7":"product_cat-aromen-ohne-sucralose","8":"product_cat-aromen","9":"product_cat-frucht-aromen-liquid-e-zigarette","10":"product_cat-my-eliquid-aromen","11":"product_tag-dampfer","12":"product_tag-e-liquid","13":"product_tag-e-zigarette","14":"product_tag-e-zigi","15":"product_tag-eliquid","16":"product_tag-ezigarette","17":"product_tag-himbeere","18":"product_tag-nachfuellfluessigkeit","19":"product_tag-raspberry","20":"product_tag-verdampfer","21":"product_shipping_class-standard","23":"first","24":"outofstock","25":"taxable","26":"shipping-taxable","27":"purchasable","28":"product-type-variable"},"acf":[],"_links":{"self":[{"href":"https:\/\/my-eliquid.de\/sv\/wp-json\/wp\/v2\/product\/302590","targetHints":{"allow":["GET"]}}],"collection":[{"href":"https:\/\/my-eliquid.de\/sv\/wp-json\/wp\/v2\/product"}],"about":[{"href":"https:\/\/my-eliquid.de\/sv\/wp-json\/wp\/v2\/types\/product"}],"replies":[{"embeddable":true,"href":"https:\/\/my-eliquid.de\/sv\/wp-json\/wp\/v2\/comments?post=302590"}],"wp:featuredmedia":[{"embeddable":true,"href":"https:\/\/my-eliquid.de\/sv\/wp-json\/wp\/v2\/media\/319683"}],"wp:attachment":[{"href":"https:\/\/my-eliquid.de\/sv\/wp-json\/wp\/v2\/media?parent=302590"}],"wp:term":[{"taxonomy":"product_brand","embeddable":true,"href":"https:\/\/my-eliquid.de\/sv\/wp-json\/wp\/v2\/product_brand?post=302590"},{"taxonomy":"product_cat","embeddable":true,"href":"https:\/\/my-eliquid.de\/sv\/wp-json\/wp\/v2\/product_cat?post=302590"},{"taxonomy":"product_tag","embeddable":true,"href":"https:\/\/my-eliquid.de\/sv\/wp-json\/wp\/v2\/product_tag?post=302590"}],"curies":[{"name":"wp","href":"https:\/\/api.w.org\/{rel}","templated":true}]}}