{"id":302600,"date":"2017-09-06T00:00:00","date_gmt":"2017-09-05T22:00:00","guid":{"rendered":"https:\/\/my-eliquid.de\/shop\/berry-bam-aroma\/"},"modified":"2026-04-10T09:10:33","modified_gmt":"2026-04-10T07:10:33","slug":"berry-bam-aroma","status":"publish","type":"product","link":"https:\/\/my-eliquid.de\/sv\/shop\/berry-bam-aroma\/","title":{"rendered":"Berry B\u00e4m Aroma"},"content":{"rendered":"<p>V\u00e5r <strong>Berry B\u00e4m Aroma<\/strong> mit seinem beerigen Mentholgeschmack stammt aus der Linie der <strong>Fruktaromer<\/strong>. In dieser Sorte wurde gekonnt die S\u00fc\u00dfe von Beeren mit der K\u00fchle von Menthol vereint. Das <strong>Berry B\u00e4m Aroma<\/strong> \u00e4r l\u00e4mplig f\u00f6r smaks\u00e4ttning och <strong>Tillverka dina egna v\u00e4tskor<\/strong> och kan blandas med andra smaker. P\u00e5 s\u00e5 s\u00e4tt kan du skapa nya, individualiserade v\u00e4tskor g\u00e5ng p\u00e5 g\u00e5ng! <strong>aromer<\/strong> f\u00e5r inte anv\u00e4ndas outsp\u00e4dd och m\u00e5ste alltid genomg\u00e5 en <strong>Bas<\/strong> kan l\u00e4ggas till.<\/p>","protected":false},"excerpt":{"rendered":"<p>B\u00e4r\u00e4lskare kommer att \u00e4lska detta <strong>arom<\/strong> f\u00e5r valuta f\u00f6r sina pengar. F\u00f6r en otroligt fruktig och fr\u00e4sch smak inneh\u00e5ller Berry B\u00e4m-smaks\u00e4ttningen b\u00e4r och <strong>mentol<\/strong> blandad.<\/p>","protected":false},"featured_media":319771,"comment_status":"open","ping_status":"closed","template":"","meta":{"_acf_changed":false,"_relevanssi_hide_post":"","_relevanssi_hide_content":"","_relevanssi_pin_for_all":"","_relevanssi_pin_keywords":"","_relevanssi_unpin_keywords":"","_relevanssi_related_keywords":"","_relevanssi_related_include_ids":"","_relevanssi_related_exclude_ids":"","_relevanssi_related_no_append":"","_relevanssi_related_not_related":"","_relevanssi_related_posts":"","_relevanssi_noindex_reason":""},"product_brand":[],"product_cat":[4733,4882,4701,4705,4881],"product_tag":[6716,1399,6847,7163,6826,6730,4942,6712,5805,5792],"class_list":{"0":"post-302600","1":"product","2":"type-product","3":"status-publish","4":"has-post-thumbnail","6":"product_cat-alle-aromen","7":"product_cat-aromen-ohne-sucralose","8":"product_cat-aromen","9":"product_cat-frucht-aromen-liquid-e-zigarette","10":"product_cat-my-eliquid-aromen","11":"product_tag-alle","12":"product_tag-aroma","13":"product_tag-aromen","14":"product_tag-baem","15":"product_tag-berry","16":"product_tag-eliquids","17":"product_tag-frucht","18":"product_tag-fuer","19":"product_tag-liquid","20":"product_tag-liquids","21":"product_shipping_class-standard","23":"first","24":"instock","25":"taxable","26":"shipping-taxable","27":"purchasable","28":"product-type-variable"},"acf":[],"_links":{"self":[{"href":"https:\/\/my-eliquid.de\/sv\/wp-json\/wp\/v2\/product\/302600","targetHints":{"allow":["GET"]}}],"collection":[{"href":"https:\/\/my-eliquid.de\/sv\/wp-json\/wp\/v2\/product"}],"about":[{"href":"https:\/\/my-eliquid.de\/sv\/wp-json\/wp\/v2\/types\/product"}],"replies":[{"embeddable":true,"href":"https:\/\/my-eliquid.de\/sv\/wp-json\/wp\/v2\/comments?post=302600"}],"wp:featuredmedia":[{"embeddable":true,"href":"https:\/\/my-eliquid.de\/sv\/wp-json\/wp\/v2\/media\/319771"}],"wp:attachment":[{"href":"https:\/\/my-eliquid.de\/sv\/wp-json\/wp\/v2\/media?parent=302600"}],"wp:term":[{"taxonomy":"product_brand","embeddable":true,"href":"https:\/\/my-eliquid.de\/sv\/wp-json\/wp\/v2\/product_brand?post=302600"},{"taxonomy":"product_cat","embeddable":true,"href":"https:\/\/my-eliquid.de\/sv\/wp-json\/wp\/v2\/product_cat?post=302600"},{"taxonomy":"product_tag","embeddable":true,"href":"https:\/\/my-eliquid.de\/sv\/wp-json\/wp\/v2\/product_tag?post=302600"}],"curies":[{"name":"wp","href":"https:\/\/api.w.org\/{rel}","templated":true}]}}