{"id":302605,"date":"2017-09-06T00:00:00","date_gmt":"2017-09-05T22:00:00","guid":{"rendered":"https:\/\/my-eliquid.de\/shop\/panettone-aroma\/"},"modified":"2025-12-16T08:12:49","modified_gmt":"2025-12-16T07:12:49","slug":"panettone-aroma","status":"publish","type":"product","link":"https:\/\/my-eliquid.de\/sv\/shop\/panettone-aroma\/","title":{"rendered":"Panettone-arom"},"content":{"rendered":"<p>V\u00e5r <strong>Panettone-arom<\/strong> mit seinem traditionsreichen <strong>Kuchengeschmack<\/strong> kommer fr\u00e5n raden av <strong>s\u00f6ta aromer<\/strong>. P\u00fcnktlich zur Weihnachtszeit und bei uns auch das ganze Jahr \u00fcber erh\u00e4ltlich ist diese italienische K\u00f6stlichkeit. Das <strong>Panettone-arom<\/strong> \u00e4r l\u00e4mplig f\u00f6r smaks\u00e4ttning och <strong>Tillverka dina egna v\u00e4tskor<\/strong> och kan blandas med andra smaker. P\u00e5 s\u00e5 s\u00e4tt kan du skapa nya, individualiserade v\u00e4tskor g\u00e5ng p\u00e5 g\u00e5ng! <strong>aromer<\/strong> f\u00e5r inte anv\u00e4ndas outsp\u00e4dd och m\u00e5ste alltid genomg\u00e5 en <strong>Bas<\/strong> kan l\u00e4ggas till.<br \/>\n<strong>Bitte vor gebrauch das Liquid Sch\u00fctteln, Aroma Setzt sich ab.<\/strong><\/p>","protected":false},"excerpt":{"rendered":"<p>Vem kan inte italienska <strong>F\u00f6rjulst\u00e5rta med kanderad frukt som specialitet? Helt och h\u00e5llet<\/strong> utan kalorier \u00e4r nu v\u00e5r <strong>Panettone-arom<\/strong> tillg\u00e4ngliga.<\/p>","protected":false},"featured_media":319811,"comment_status":"open","ping_status":"closed","template":"","meta":{"_acf_changed":false,"_relevanssi_hide_post":"","_relevanssi_hide_content":"","_relevanssi_pin_for_all":"","_relevanssi_pin_keywords":"","_relevanssi_unpin_keywords":"","_relevanssi_related_keywords":"","_relevanssi_related_include_ids":"","_relevanssi_related_exclude_ids":"","_relevanssi_related_no_append":"","_relevanssi_related_not_related":"","_relevanssi_related_posts":"","_relevanssi_noindex_reason":""},"product_brand":[],"product_cat":[4733,4882,4701,4881,4712,4707],"product_tag":[6716,1399,6847,6730,6712,5805,5792,7422,5226,6584],"class_list":{"0":"post-302605","1":"product","2":"type-product","3":"status-publish","4":"has-post-thumbnail","6":"product_cat-alle-aromen","7":"product_cat-aromen-ohne-sucralose","8":"product_cat-aromen","9":"product_cat-my-eliquid-aromen","10":"product_cat-special-aromen-liquid-e-zigarette","11":"product_cat-suesse-aromen-liquid-e-zigarette","12":"product_tag-alle","13":"product_tag-aroma","14":"product_tag-aromen","15":"product_tag-eliquids","16":"product_tag-fuer","17":"product_tag-liquid","18":"product_tag-liquids","19":"product_tag-panettone","20":"product_tag-special","21":"product_tag-suesse","22":"product_shipping_class-standard","24":"first","25":"instock","26":"taxable","27":"shipping-taxable","28":"purchasable","29":"product-type-variable"},"acf":[],"_links":{"self":[{"href":"https:\/\/my-eliquid.de\/sv\/wp-json\/wp\/v2\/product\/302605","targetHints":{"allow":["GET"]}}],"collection":[{"href":"https:\/\/my-eliquid.de\/sv\/wp-json\/wp\/v2\/product"}],"about":[{"href":"https:\/\/my-eliquid.de\/sv\/wp-json\/wp\/v2\/types\/product"}],"replies":[{"embeddable":true,"href":"https:\/\/my-eliquid.de\/sv\/wp-json\/wp\/v2\/comments?post=302605"}],"wp:featuredmedia":[{"embeddable":true,"href":"https:\/\/my-eliquid.de\/sv\/wp-json\/wp\/v2\/media\/319811"}],"wp:attachment":[{"href":"https:\/\/my-eliquid.de\/sv\/wp-json\/wp\/v2\/media?parent=302605"}],"wp:term":[{"taxonomy":"product_brand","embeddable":true,"href":"https:\/\/my-eliquid.de\/sv\/wp-json\/wp\/v2\/product_brand?post=302605"},{"taxonomy":"product_cat","embeddable":true,"href":"https:\/\/my-eliquid.de\/sv\/wp-json\/wp\/v2\/product_cat?post=302605"},{"taxonomy":"product_tag","embeddable":true,"href":"https:\/\/my-eliquid.de\/sv\/wp-json\/wp\/v2\/product_tag?post=302605"}],"curies":[{"name":"wp","href":"https:\/\/api.w.org\/{rel}","templated":true}]}}