{"id":302611,"date":"2011-12-01T00:00:00","date_gmt":"2011-11-30T23:00:00","guid":{"rendered":"https:\/\/my-eliquid.de\/shop\/limette-aroma\/"},"modified":"2026-02-04T10:17:54","modified_gmt":"2026-02-04T09:17:54","slug":"limette-aroma","status":"publish","type":"product","link":"https:\/\/my-eliquid.de\/sv\/shop\/limette-aroma\/","title":{"rendered":"Smak av lime"},"content":{"rendered":"<p>V\u00e5r <strong>Smak av lime<\/strong> mit seinem spritzig-saftigen <strong>Limettengeschmack<\/strong> kommer fr\u00e5n raden av <strong>Fruktaromer<\/strong>. Sommerliches Limetten-Vergn\u00fcgen, spritziger Geschmack und k\u00f6stlich-saftiger Genuss \u2013 Unser <strong>arom<\/strong> ist ein Allesk\u00f6nner! Das <strong>Smak av lime<\/strong> \u00e4r l\u00e4mplig f\u00f6r smaks\u00e4ttning och <strong>Tillverka dina egna v\u00e4tskor<\/strong> och kan kombineras med andra <strong>Smaker blandade<\/strong> bli. P\u00e5 s\u00e5 s\u00e4tt kan du skapa nya, individualiserade m\u00f6nster om och om igen. <strong>V\u00e4tskor<\/strong>! Arom\u00e4mnen f\u00e5r inte anv\u00e4ndas outsp\u00e4dda och m\u00e5ste alltid genomg\u00e5 en <strong>Bas<\/strong> kan l\u00e4ggas till.<\/p>","protected":false},"excerpt":{"rendered":"<p>Saftig, syrlig, somrig: V\u00e5r <strong>Underbar smak av lime<\/strong> fr\u00e4schar upp med sin fantastiska smak av mogna, l\u00e4ckra och fullfruktiga <strong>Lime<\/strong>!<\/p>","protected":false},"featured_media":319854,"comment_status":"open","ping_status":"closed","template":"","meta":{"_acf_changed":false,"_relevanssi_hide_post":"","_relevanssi_hide_content":"","_relevanssi_pin_for_all":"","_relevanssi_pin_keywords":"","_relevanssi_unpin_keywords":"","_relevanssi_related_keywords":"","_relevanssi_related_include_ids":"","_relevanssi_related_exclude_ids":"","_relevanssi_related_no_append":"","_relevanssi_related_not_related":"","_relevanssi_related_posts":"","_relevanssi_noindex_reason":""},"product_brand":[],"product_cat":[4733,4882,4701,4705,4881],"product_tag":[4919,4915,5166,4917,4914,4918,4921,5004,4920],"class_list":{"0":"post-302611","1":"product","2":"type-product","3":"status-publish","4":"has-post-thumbnail","6":"product_cat-alle-aromen","7":"product_cat-aromen-ohne-sucralose","8":"product_cat-aromen","9":"product_cat-frucht-aromen-liquid-e-zigarette","10":"product_cat-my-eliquid-aromen","11":"product_tag-dampfer","12":"product_tag-e-liquid","13":"product_tag-e-zigarette","14":"product_tag-e-zigi","15":"product_tag-eliquid","16":"product_tag-ezigarette","17":"product_tag-limette","18":"product_tag-nachfuellfluessigkeit","19":"product_tag-verdampfer","20":"product_shipping_class-standard","22":"first","23":"instock","24":"taxable","25":"shipping-taxable","26":"purchasable","27":"product-type-variable"},"acf":[],"_links":{"self":[{"href":"https:\/\/my-eliquid.de\/sv\/wp-json\/wp\/v2\/product\/302611","targetHints":{"allow":["GET"]}}],"collection":[{"href":"https:\/\/my-eliquid.de\/sv\/wp-json\/wp\/v2\/product"}],"about":[{"href":"https:\/\/my-eliquid.de\/sv\/wp-json\/wp\/v2\/types\/product"}],"replies":[{"embeddable":true,"href":"https:\/\/my-eliquid.de\/sv\/wp-json\/wp\/v2\/comments?post=302611"}],"wp:featuredmedia":[{"embeddable":true,"href":"https:\/\/my-eliquid.de\/sv\/wp-json\/wp\/v2\/media\/319854"}],"wp:attachment":[{"href":"https:\/\/my-eliquid.de\/sv\/wp-json\/wp\/v2\/media?parent=302611"}],"wp:term":[{"taxonomy":"product_brand","embeddable":true,"href":"https:\/\/my-eliquid.de\/sv\/wp-json\/wp\/v2\/product_brand?post=302611"},{"taxonomy":"product_cat","embeddable":true,"href":"https:\/\/my-eliquid.de\/sv\/wp-json\/wp\/v2\/product_cat?post=302611"},{"taxonomy":"product_tag","embeddable":true,"href":"https:\/\/my-eliquid.de\/sv\/wp-json\/wp\/v2\/product_tag?post=302611"}],"curies":[{"name":"wp","href":"https:\/\/api.w.org\/{rel}","templated":true}]}}