{"id":303139,"date":"2013-05-07T00:00:00","date_gmt":"2013-05-06T22:00:00","guid":{"rendered":"https:\/\/my-eliquid.de\/shop\/odl-holborn-tabak-liquid\/"},"modified":"2026-03-30T07:44:46","modified_gmt":"2026-03-30T05:44:46","slug":"odl-holborn-tabak-liquid","status":"publish","type":"product","link":"https:\/\/my-eliquid.de\/sv\/shop\/odl-holborn-tabak-liquid\/","title":{"rendered":"Old Holborn tobak v\u00e4tska"},"content":{"rendered":"<p>V\u00e5r <strong>Old Holborn v\u00e4tska<\/strong> und sein herbes, geschmacksintensives <strong>Tabakaroma<\/strong> h\u00e4rstammar fr\u00e5n linjen av <strong>Tobaksv\u00e4tskor<\/strong>. <strong>Old Holborn Tabak<\/strong> und sein unvergleichlicher Geschmack \u2013 Das Nonplusultra der <strong>Tobakssmak<\/strong>. All unsere <strong>V\u00e4tskor<\/strong> werden bei uns vor Ort produziert und entsprechen h\u00f6chsten Sicherheitsstandards. Das <strong>Old Holborn v\u00e4tska<\/strong> ist <strong>nikotinfri<\/strong> sowie in unterschiedlichen <strong>Nikotinst\u00e4rkelse<\/strong> tillg\u00e4nglig. F\u00f6r en l\u00e5ngvarig god smakutveckling rekommenderar vi att <strong>e-v\u00e4tska<\/strong> F\u00f6rvaras skyddat fr\u00e5n ljus och torrt.<\/p>","protected":false},"excerpt":{"rendered":"<p>Syrlig, harmonisk <strong>tobakssmak<\/strong> fr\u00e5n de b\u00e4sta odlingsregionerna i v\u00e4rlden: v\u00e5ra <strong>Old Holborn v\u00e4tska<\/strong> \u00f6vertygar med sin <strong>uts\u00f6kta smaker<\/strong> alla tobaks\u00e4lskare!<\/p>","protected":false},"featured_media":319398,"comment_status":"open","ping_status":"closed","template":"","meta":{"_acf_changed":false,"_relevanssi_hide_post":"","_relevanssi_hide_content":"","_relevanssi_pin_for_all":"","_relevanssi_pin_keywords":"","_relevanssi_unpin_keywords":"","_relevanssi_related_keywords":"","_relevanssi_related_include_ids":"","_relevanssi_related_exclude_ids":"","_relevanssi_related_no_append":"","_relevanssi_related_not_related":"","_relevanssi_related_posts":"","_relevanssi_noindex_reason":""},"product_brand":[],"product_cat":[4731,4880,4842,4691],"product_tag":[4919,4915,5166,4917,4914,4918,7049,5004,7048,6527,4920],"class_list":{"0":"post-303139","1":"product","2":"type-product","3":"status-publish","4":"has-post-thumbnail","6":"product_cat-alle-liquids-fur-e-zigaretten","7":"product_cat-liquids-ohne-sucralose","8":"product_cat-my-eliquid-liquids","9":"product_cat-tabak-liquids-e-zigarette","10":"product_tag-dampfer","11":"product_tag-e-liquid","12":"product_tag-e-zigarette","13":"product_tag-e-zigi","14":"product_tag-eliquid","15":"product_tag-ezigarette","16":"product_tag-holborn","17":"product_tag-nachfuellfluessigkeit","18":"product_tag-old","19":"product_tag-tabak","20":"product_tag-verdampfer","21":"product_shipping_class-standard","23":"first","24":"instock","25":"taxable","26":"shipping-taxable","27":"purchasable","28":"product-type-variable"},"acf":[],"_links":{"self":[{"href":"https:\/\/my-eliquid.de\/sv\/wp-json\/wp\/v2\/product\/303139","targetHints":{"allow":["GET"]}}],"collection":[{"href":"https:\/\/my-eliquid.de\/sv\/wp-json\/wp\/v2\/product"}],"about":[{"href":"https:\/\/my-eliquid.de\/sv\/wp-json\/wp\/v2\/types\/product"}],"replies":[{"embeddable":true,"href":"https:\/\/my-eliquid.de\/sv\/wp-json\/wp\/v2\/comments?post=303139"}],"wp:featuredmedia":[{"embeddable":true,"href":"https:\/\/my-eliquid.de\/sv\/wp-json\/wp\/v2\/media\/319398"}],"wp:attachment":[{"href":"https:\/\/my-eliquid.de\/sv\/wp-json\/wp\/v2\/media?parent=303139"}],"wp:term":[{"taxonomy":"product_brand","embeddable":true,"href":"https:\/\/my-eliquid.de\/sv\/wp-json\/wp\/v2\/product_brand?post=303139"},{"taxonomy":"product_cat","embeddable":true,"href":"https:\/\/my-eliquid.de\/sv\/wp-json\/wp\/v2\/product_cat?post=303139"},{"taxonomy":"product_tag","embeddable":true,"href":"https:\/\/my-eliquid.de\/sv\/wp-json\/wp\/v2\/product_tag?post=303139"}],"curies":[{"name":"wp","href":"https:\/\/api.w.org\/{rel}","templated":true}]}}