{"id":303141,"date":"2015-03-20T00:00:00","date_gmt":"2015-03-19T23:00:00","guid":{"rendered":"https:\/\/my-eliquid.de\/shop\/sugar-cookie-liquid\/"},"modified":"2025-12-17T08:21:49","modified_gmt":"2025-12-17T07:21:49","slug":"sugar-cookie-liquid","status":"publish","type":"product","link":"https:\/\/my-eliquid.de\/sv\/shop\/sugar-cookie-liquid\/","title":{"rendered":"Sockerkaksv\u00e4tska"},"content":{"rendered":"<p>V\u00e5r <strong>Sockerkaksv\u00e4tska<\/strong> kombiniert authentisch <strong>knusprigen Keksgeschmack<\/strong> mit der leichten S\u00fc\u00dfe der <strong>vanilj<\/strong> och kommer fr\u00e5n raden av <strong>S\u00f6ta v\u00e4tskor<\/strong>. Ofenfrisches Geschmackserlebnis wie damals sonntags bei Omi. All unsere Fl\u00fcssigkeiten werden bei uns vor Ort produziert und entsprechen h\u00f6chsten Sicherheitsstandards. Das <strong>Sockerkaksv\u00e4tska<\/strong> \u00e4r nikotinfri och finns i olika <strong>Nikotinst\u00e4rkelse<\/strong> tillg\u00e4nglig. F\u00f6r en l\u00e5ngvarig god smakutveckling rekommenderar vi att <strong>e-v\u00e4tska<\/strong> F\u00f6rvaras skyddat fr\u00e5n ljus och torrt.<\/p>","protected":false},"excerpt":{"rendered":"<p>H\u00e4rligt s\u00f6t <strong>Kakornas njutning<\/strong> som nybakade kex. V\u00e5ra <strong>Sockerkaksv\u00e4tska<\/strong> f\u00f6rtrollar med sin s\u00f6ta <strong>Vaniljnot<\/strong> och l\u00e4tt sm\u00f6rsmak.<\/p>","protected":false},"featured_media":319403,"comment_status":"open","ping_status":"closed","template":"","meta":{"_acf_changed":false,"_relevanssi_hide_post":"","_relevanssi_hide_content":"","_relevanssi_pin_for_all":"","_relevanssi_pin_keywords":"","_relevanssi_unpin_keywords":"","_relevanssi_related_keywords":"","_relevanssi_related_include_ids":"","_relevanssi_related_exclude_ids":"","_relevanssi_related_no_append":"","_relevanssi_related_not_related":"","_relevanssi_related_posts":"","_relevanssi_noindex_reason":""},"product_brand":[],"product_cat":[4731,4689,4880,4842,4693,4706],"product_tag":[4919,4915,5166,4917,4914,4918,5004,5292,4920],"class_list":{"0":"post-303141","1":"product","2":"type-product","3":"status-publish","4":"has-post-thumbnail","6":"product_cat-alle-liquids-fur-e-zigaretten","7":"product_cat-eliquids","8":"product_cat-liquids-ohne-sucralose","9":"product_cat-my-eliquid-liquids","10":"product_cat-special-liquids-e-zigarette","11":"product_cat-suesse-liquids-e-zigarette","12":"product_tag-dampfer","13":"product_tag-e-liquid","14":"product_tag-e-zigarette","15":"product_tag-e-zigi","16":"product_tag-eliquid","17":"product_tag-ezigarette","18":"product_tag-nachfuellfluessigkeit","19":"product_tag-sugarcookie","20":"product_tag-verdampfer","21":"product_shipping_class-standard","23":"first","24":"instock","25":"taxable","26":"shipping-taxable","27":"purchasable","28":"product-type-variable"},"acf":[],"_links":{"self":[{"href":"https:\/\/my-eliquid.de\/sv\/wp-json\/wp\/v2\/product\/303141","targetHints":{"allow":["GET"]}}],"collection":[{"href":"https:\/\/my-eliquid.de\/sv\/wp-json\/wp\/v2\/product"}],"about":[{"href":"https:\/\/my-eliquid.de\/sv\/wp-json\/wp\/v2\/types\/product"}],"replies":[{"embeddable":true,"href":"https:\/\/my-eliquid.de\/sv\/wp-json\/wp\/v2\/comments?post=303141"}],"wp:featuredmedia":[{"embeddable":true,"href":"https:\/\/my-eliquid.de\/sv\/wp-json\/wp\/v2\/media\/319403"}],"wp:attachment":[{"href":"https:\/\/my-eliquid.de\/sv\/wp-json\/wp\/v2\/media?parent=303141"}],"wp:term":[{"taxonomy":"product_brand","embeddable":true,"href":"https:\/\/my-eliquid.de\/sv\/wp-json\/wp\/v2\/product_brand?post=303141"},{"taxonomy":"product_cat","embeddable":true,"href":"https:\/\/my-eliquid.de\/sv\/wp-json\/wp\/v2\/product_cat?post=303141"},{"taxonomy":"product_tag","embeddable":true,"href":"https:\/\/my-eliquid.de\/sv\/wp-json\/wp\/v2\/product_tag?post=303141"}],"curies":[{"name":"wp","href":"https:\/\/api.w.org\/{rel}","templated":true}]}}