{"id":303142,"date":"2015-04-26T00:00:00","date_gmt":"2015-04-25T22:00:00","guid":{"rendered":"https:\/\/my-eliquid.de\/shop\/zuckerwatte-liquid\/"},"modified":"2025-11-25T13:54:52","modified_gmt":"2025-11-25T12:54:52","slug":"zuckerwatte-liquid","status":"publish","type":"product","link":"https:\/\/my-eliquid.de\/sv\/shop\/zuckerwatte-liquid\/","title":{"rendered":"Candyfloss v\u00e4tska"},"content":{"rendered":"<p>V\u00e5r <strong>Candyfloss v\u00e4tska<\/strong> smakar av fluffig, s\u00f6t sockervadd och kommer fr\u00e5n linjen av <strong>S\u00f6ta v\u00e4tskor<\/strong>. Ett hundraprocentigt n\u00f6je p\u00e5 m\u00e4ssan! Alla v\u00e5ra v\u00e4tskor produceras p\u00e5 plats och uppfyller de h\u00f6gsta s\u00e4kerhetsstandarderna. F\u00f6r <strong>Candyfloss v\u00e4tska<\/strong> \u00e4r nikotinfri och finns i olika <strong>Nikotinst\u00e4rkelse<\/strong> tillg\u00e4nglig. F\u00f6r en l\u00e5ngvarig god smakutveckling rekommenderar vi att <strong>e-v\u00e4tska<\/strong> F\u00f6rvaras skyddat fr\u00e5n ljus och torrt.<\/p>","protected":false},"excerpt":{"rendered":"<p>Lystring s\u00f6tnosar: V\u00e5ra <strong>Luftig, l\u00e4cker candy floss-v\u00e4tska<\/strong> ger en \u00e4kta tivolik\u00e4nsla. Den mysiga, ljuva njutningen av de finaste <strong>Candyfloss<\/strong>.<\/p>","protected":false},"featured_media":319404,"comment_status":"open","ping_status":"closed","template":"","meta":{"_acf_changed":false,"_relevanssi_hide_post":"","_relevanssi_hide_content":"","_relevanssi_pin_for_all":"","_relevanssi_pin_keywords":"","_relevanssi_unpin_keywords":"","_relevanssi_related_keywords":"","_relevanssi_related_include_ids":"","_relevanssi_related_exclude_ids":"","_relevanssi_related_no_append":"","_relevanssi_related_not_related":"","_relevanssi_related_posts":"","_relevanssi_noindex_reason":""},"product_brand":[],"product_cat":[4731,4880,4842,4706],"product_tag":[4919,4915,5166,4917,4914,4918,5004,4920,5243],"class_list":{"0":"post-303142","1":"product","2":"type-product","3":"status-publish","4":"has-post-thumbnail","6":"product_cat-alle-liquids-fur-e-zigaretten","7":"product_cat-liquids-ohne-sucralose","8":"product_cat-my-eliquid-liquids","9":"product_cat-suesse-liquids-e-zigarette","10":"product_tag-dampfer","11":"product_tag-e-liquid","12":"product_tag-e-zigarette","13":"product_tag-e-zigi","14":"product_tag-eliquid","15":"product_tag-ezigarette","16":"product_tag-nachfuellfluessigkeit","17":"product_tag-verdampfer","18":"product_tag-zuckerwatte","19":"product_shipping_class-standard","21":"first","22":"outofstock","23":"taxable","24":"shipping-taxable","25":"purchasable","26":"product-type-variable"},"acf":[],"_links":{"self":[{"href":"https:\/\/my-eliquid.de\/sv\/wp-json\/wp\/v2\/product\/303142","targetHints":{"allow":["GET"]}}],"collection":[{"href":"https:\/\/my-eliquid.de\/sv\/wp-json\/wp\/v2\/product"}],"about":[{"href":"https:\/\/my-eliquid.de\/sv\/wp-json\/wp\/v2\/types\/product"}],"replies":[{"embeddable":true,"href":"https:\/\/my-eliquid.de\/sv\/wp-json\/wp\/v2\/comments?post=303142"}],"wp:featuredmedia":[{"embeddable":true,"href":"https:\/\/my-eliquid.de\/sv\/wp-json\/wp\/v2\/media\/319404"}],"wp:attachment":[{"href":"https:\/\/my-eliquid.de\/sv\/wp-json\/wp\/v2\/media?parent=303142"}],"wp:term":[{"taxonomy":"product_brand","embeddable":true,"href":"https:\/\/my-eliquid.de\/sv\/wp-json\/wp\/v2\/product_brand?post=303142"},{"taxonomy":"product_cat","embeddable":true,"href":"https:\/\/my-eliquid.de\/sv\/wp-json\/wp\/v2\/product_cat?post=303142"},{"taxonomy":"product_tag","embeddable":true,"href":"https:\/\/my-eliquid.de\/sv\/wp-json\/wp\/v2\/product_tag?post=303142"}],"curies":[{"name":"wp","href":"https:\/\/api.w.org\/{rel}","templated":true}]}}