{"id":303143,"date":"2016-09-22T00:00:00","date_gmt":"2016-09-21T22:00:00","guid":{"rendered":"https:\/\/my-eliquid.de\/shop\/ninja-loop-liquid\/"},"modified":"2025-11-25T13:51:54","modified_gmt":"2025-11-25T12:51:54","slug":"ninja-loop-liquid","status":"publish","type":"product","link":"https:\/\/my-eliquid.de\/sv\/shop\/ninja-loop-liquid\/","title":{"rendered":"Ninja Loop Liquid"},"content":{"rendered":"<p>V\u00e5r <strong>Ninja Loop Liquid<\/strong> mit seinem lecker-s\u00fc\u00dfen Geschmack von feinstem <strong>Getreide<\/strong> h\u00e4rstammar fr\u00e5n linjen av <strong>S\u00e4rskilda v\u00e4tskor<\/strong>. Das sonnengereifte Aroma von goldbraunen, k\u00f6stlichen <strong>Cerealien<\/strong> \u2013 Schmeckt immer und zu jeder Zeit! All unsere <strong>V\u00e4tskor<\/strong> werden bei uns vor Ort produziert und entsprechen h\u00f6chsten Sicherheitsstandards. Das <strong>Ninja Loop Liquid<\/strong> ist <strong>nikotinfri<\/strong> sowie in unterschiedlichen <strong>Nikotinst\u00e4rkelse<\/strong> tillg\u00e4nglig. F\u00f6r en l\u00e5ngvarig god smakutveckling rekommenderar vi att <strong>e-v\u00e4tska<\/strong> F\u00f6rvaras skyddat fr\u00e5n ljus och torrt.<\/p>","protected":false},"excerpt":{"rendered":"<p>Der k\u00f6stliche Mix aus schmackhaften Cerealien: Unser <strong>Ninja Loop Liquid<\/strong> und sein s\u00fc\u00dfes Aroma von erntefrischem Getreide \u2013 das umwerfend frische K\u00f6rner-Vergn\u00fcgen.<\/p>","protected":false},"featured_media":319405,"comment_status":"open","ping_status":"closed","template":"","meta":{"_acf_changed":false,"_relevanssi_hide_post":"","_relevanssi_hide_content":"","_relevanssi_pin_for_all":"","_relevanssi_pin_keywords":"","_relevanssi_unpin_keywords":"","_relevanssi_related_keywords":"","_relevanssi_related_include_ids":"","_relevanssi_related_exclude_ids":"","_relevanssi_related_no_append":"","_relevanssi_related_not_related":"","_relevanssi_related_posts":"","_relevanssi_noindex_reason":""},"product_brand":[],"product_cat":[4731,4689,4880,4842,4693],"product_tag":[5411,6712,5805,5792,6714,5290,5310,6713,5226],"class_list":{"0":"post-303143","1":"product","2":"type-product","3":"status-publish","4":"has-post-thumbnail","6":"product_cat-alle-liquids-fur-e-zigaretten","7":"product_cat-eliquids","8":"product_cat-liquids-ohne-sucralose","9":"product_cat-my-eliquid-liquids","10":"product_cat-special-liquids-e-zigarette","11":"product_tag-e-zigaretten","12":"product_tag-fuer","13":"product_tag-liquid","14":"product_tag-liquids","15":"product_tag-loop","16":"product_tag-my-eliquid-sortiment","17":"product_tag-neuheiten","18":"product_tag-ninja","19":"product_tag-special","20":"product_shipping_class-standard","22":"first","23":"instock","24":"taxable","25":"shipping-taxable","26":"purchasable","27":"product-type-variable"},"acf":[],"_links":{"self":[{"href":"https:\/\/my-eliquid.de\/sv\/wp-json\/wp\/v2\/product\/303143","targetHints":{"allow":["GET"]}}],"collection":[{"href":"https:\/\/my-eliquid.de\/sv\/wp-json\/wp\/v2\/product"}],"about":[{"href":"https:\/\/my-eliquid.de\/sv\/wp-json\/wp\/v2\/types\/product"}],"replies":[{"embeddable":true,"href":"https:\/\/my-eliquid.de\/sv\/wp-json\/wp\/v2\/comments?post=303143"}],"wp:featuredmedia":[{"embeddable":true,"href":"https:\/\/my-eliquid.de\/sv\/wp-json\/wp\/v2\/media\/319405"}],"wp:attachment":[{"href":"https:\/\/my-eliquid.de\/sv\/wp-json\/wp\/v2\/media?parent=303143"}],"wp:term":[{"taxonomy":"product_brand","embeddable":true,"href":"https:\/\/my-eliquid.de\/sv\/wp-json\/wp\/v2\/product_brand?post=303143"},{"taxonomy":"product_cat","embeddable":true,"href":"https:\/\/my-eliquid.de\/sv\/wp-json\/wp\/v2\/product_cat?post=303143"},{"taxonomy":"product_tag","embeddable":true,"href":"https:\/\/my-eliquid.de\/sv\/wp-json\/wp\/v2\/product_tag?post=303143"}],"curies":[{"name":"wp","href":"https:\/\/api.w.org\/{rel}","templated":true}]}}