{"id":303195,"date":"2017-09-05T00:00:00","date_gmt":"2017-09-04T22:00:00","guid":{"rendered":"https:\/\/my-eliquid.de\/shop\/berry-bam-liquid\/"},"modified":"2026-02-24T15:58:37","modified_gmt":"2026-02-24T14:58:37","slug":"berry-bam-liquid","status":"publish","type":"product","link":"https:\/\/my-eliquid.de\/sv\/shop\/berry-bam-liquid\/","title":{"rendered":"Berry B\u00e4m Liquid"},"content":{"rendered":"<p>V\u00e5r <strong>Berry B\u00e4m Liquid<\/strong> med sin svalkande b\u00e4rsmak kommer fr\u00e5n sortimentet av <strong>V\u00e4tskor med frukt\/mentol<\/strong>. En fruktig, s\u00f6t b\u00e4rblandning med uppfriskande mentol ger en mycket behaglig \u00e5nga. Alla v\u00e5ra v\u00e4tskor tillverkas p\u00e5 plats och uppfyller de h\u00f6gsta s\u00e4kerhetsstandarderna. Den <strong>Berry B\u00e4m Liquid<\/strong> \u00e4r nikotinfri och finns i olika nikotinstyrkor. F\u00f6r en l\u00e5ngvarig smakutveckling rekommenderar vi att du anv\u00e4nder <strong>e-v\u00e4tska<\/strong> F\u00f6rvaras skyddat fr\u00e5n ljus och torrt.<\/p>","protected":false},"excerpt":{"rendered":"<p>Alla \u00e4lskar fruktiga b\u00e4r! F\u00f6r den ultimata fr\u00e4schhetsupplevelsen i munnen \u00e4r <strong>Berry B\u00e4m Liquid<\/strong> med en f\u00e4rgstark blandning av b\u00e4r och en hint av <strong>mentol<\/strong> skapade.<\/p>","protected":false},"featured_media":319575,"comment_status":"open","ping_status":"closed","template":"","meta":{"_acf_changed":false,"_relevanssi_hide_post":"","_relevanssi_hide_content":"","_relevanssi_pin_for_all":"","_relevanssi_pin_keywords":"","_relevanssi_unpin_keywords":"","_relevanssi_related_keywords":"","_relevanssi_related_include_ids":"","_relevanssi_related_exclude_ids":"","_relevanssi_related_no_append":"","_relevanssi_related_not_related":"","_relevanssi_related_posts":"","_relevanssi_noindex_reason":""},"product_brand":[],"product_cat":[4731,4690,4689,4880,4694,4842],"product_tag":[7163,6826,5805],"class_list":{"0":"post-303195","1":"product","2":"type-product","3":"status-publish","4":"has-post-thumbnail","6":"product_cat-alle-liquids-fur-e-zigaretten","7":"product_cat-frucht-liquids-e-zigarette","8":"product_cat-eliquids","9":"product_cat-liquids-ohne-sucralose","10":"product_cat-menthol-liquids-e-zigarette","11":"product_cat-my-eliquid-liquids","12":"product_tag-baem","13":"product_tag-berry","14":"product_tag-liquid","15":"product_shipping_class-standard","17":"first","18":"instock","19":"taxable","20":"shipping-taxable","21":"purchasable","22":"product-type-variable"},"acf":[],"_links":{"self":[{"href":"https:\/\/my-eliquid.de\/sv\/wp-json\/wp\/v2\/product\/303195","targetHints":{"allow":["GET"]}}],"collection":[{"href":"https:\/\/my-eliquid.de\/sv\/wp-json\/wp\/v2\/product"}],"about":[{"href":"https:\/\/my-eliquid.de\/sv\/wp-json\/wp\/v2\/types\/product"}],"replies":[{"embeddable":true,"href":"https:\/\/my-eliquid.de\/sv\/wp-json\/wp\/v2\/comments?post=303195"}],"wp:featuredmedia":[{"embeddable":true,"href":"https:\/\/my-eliquid.de\/sv\/wp-json\/wp\/v2\/media\/319575"}],"wp:attachment":[{"href":"https:\/\/my-eliquid.de\/sv\/wp-json\/wp\/v2\/media?parent=303195"}],"wp:term":[{"taxonomy":"product_brand","embeddable":true,"href":"https:\/\/my-eliquid.de\/sv\/wp-json\/wp\/v2\/product_brand?post=303195"},{"taxonomy":"product_cat","embeddable":true,"href":"https:\/\/my-eliquid.de\/sv\/wp-json\/wp\/v2\/product_cat?post=303195"},{"taxonomy":"product_tag","embeddable":true,"href":"https:\/\/my-eliquid.de\/sv\/wp-json\/wp\/v2\/product_tag?post=303195"}],"curies":[{"name":"wp","href":"https:\/\/api.w.org\/{rel}","templated":true}]}}