{"id":303199,"date":"2012-02-12T00:00:00","date_gmt":"2012-02-11T23:00:00","guid":{"rendered":"https:\/\/my-eliquid.de\/shop\/eisbonbon-liquid\/"},"modified":"2026-04-08T09:43:32","modified_gmt":"2026-04-08T07:43:32","slug":"eisbonbon-liquid","status":"publish","type":"product","link":"https:\/\/my-eliquid.de\/sv\/shop\/eisbonbon-liquid\/","title":{"rendered":"Isbonbon Liquid"},"content":{"rendered":"<p>Den du har valt <strong>Flytande bas<\/strong> \u00e4r nyblandad med vatten omedelbart f\u00f6re <strong>Smak av isgodis<\/strong> smaksatt och snart \u00f6verl\u00e4mnad f\u00f6r avs\u00e4ndning.<br \/>\nP\u00e5 s\u00e5 s\u00e4tt garanterar vi en l\u00e4ngre effekt av <strong>sval och l\u00e4tt fruktig<\/strong> smaker och den <strong>Njutning av att r\u00f6ka<\/strong> p\u00e5<strong> F\u00f6r\u00e5ngning<\/strong> v\u00e5r h\u00f6gkvalitativa refillv\u00e4tska (<strong>e-v\u00e4tskor<\/strong>) i din\u00a0<strong>f\u00f6r\u00e5ngare<\/strong> eller <strong>e-cigaretter.<\/strong><\/p>\n<p>Den isiga eLiquid - godis <strong>Svalkande och uppfriskande med en l\u00e4tt fruktig smak<\/strong> du kan ocks\u00e5 <strong>best\u00e4llning utan nikotin.<\/strong><\/p>","protected":false},"excerpt":{"rendered":"<p>En spark, precis som <strong>iskall smak<\/strong> av f\u00e4rskt <strong>Glaci\u00e4r is<\/strong>, beskriver k\u00e4nslan n\u00e4r <strong>\u00e5nga<\/strong> av den fruktiga <strong>Isgodisv\u00e4tskor<\/strong> f\u00f6r <strong>f\u00f6r\u00e5ngare<\/strong> mycket exakt.<\/p>","protected":false},"featured_media":319600,"comment_status":"open","ping_status":"closed","template":"","meta":{"_acf_changed":false,"_relevanssi_hide_post":"","_relevanssi_hide_content":"","_relevanssi_pin_for_all":"","_relevanssi_pin_keywords":"","_relevanssi_unpin_keywords":"","_relevanssi_related_keywords":"","_relevanssi_related_include_ids":"","_relevanssi_related_exclude_ids":"","_relevanssi_related_no_append":"","_relevanssi_related_not_related":"","_relevanssi_related_posts":"","_relevanssi_noindex_reason":""},"product_brand":[],"product_cat":[4731,4709,4689,4880,4842],"product_tag":[4919,4915,5166,4917,5074,4914,4918,5004,4920],"class_list":{"0":"post-303199","1":"product","2":"type-product","3":"status-publish","4":"has-post-thumbnail","6":"product_cat-alle-liquids-fur-e-zigaretten","7":"product_cat-eisbonbon-liquids-e-zigarette","8":"product_cat-eliquids","9":"product_cat-liquids-ohne-sucralose","10":"product_cat-my-eliquid-liquids","11":"product_tag-dampfer","12":"product_tag-e-liquid","13":"product_tag-e-zigarette","14":"product_tag-e-zigi","15":"product_tag-eisbonbon","16":"product_tag-eliquid","17":"product_tag-ezigarette","18":"product_tag-nachfuellfluessigkeit","19":"product_tag-verdampfer","20":"product_shipping_class-standard","22":"first","23":"instock","24":"taxable","25":"shipping-taxable","26":"purchasable","27":"product-type-variable"},"acf":[],"_links":{"self":[{"href":"https:\/\/my-eliquid.de\/sv\/wp-json\/wp\/v2\/product\/303199","targetHints":{"allow":["GET"]}}],"collection":[{"href":"https:\/\/my-eliquid.de\/sv\/wp-json\/wp\/v2\/product"}],"about":[{"href":"https:\/\/my-eliquid.de\/sv\/wp-json\/wp\/v2\/types\/product"}],"replies":[{"embeddable":true,"href":"https:\/\/my-eliquid.de\/sv\/wp-json\/wp\/v2\/comments?post=303199"}],"wp:featuredmedia":[{"embeddable":true,"href":"https:\/\/my-eliquid.de\/sv\/wp-json\/wp\/v2\/media\/319600"}],"wp:attachment":[{"href":"https:\/\/my-eliquid.de\/sv\/wp-json\/wp\/v2\/media?parent=303199"}],"wp:term":[{"taxonomy":"product_brand","embeddable":true,"href":"https:\/\/my-eliquid.de\/sv\/wp-json\/wp\/v2\/product_brand?post=303199"},{"taxonomy":"product_cat","embeddable":true,"href":"https:\/\/my-eliquid.de\/sv\/wp-json\/wp\/v2\/product_cat?post=303199"},{"taxonomy":"product_tag","embeddable":true,"href":"https:\/\/my-eliquid.de\/sv\/wp-json\/wp\/v2\/product_tag?post=303199"}],"curies":[{"name":"wp","href":"https:\/\/api.w.org\/{rel}","templated":true}]}}